{"id":4357,"date":"2021-02-03T14:19:26","date_gmt":"2021-02-03T14:19:26","guid":{"rendered":"http:\/\/opelonka.com\/?post_type=product&#038;p=4357"},"modified":"2025-10-22T18:40:56","modified_gmt":"2025-10-22T18:40:56","slug":"90566552-90566551-opel-omega-b-direksiyon-sargisi-cikma-orjinal","status":"publish","type":"product","link":"https:\/\/opelonka.com\/?product=90566552-90566551-opel-omega-b-direksiyon-sargisi-cikma-orjinal","title":{"rendered":"90566552-90566551 OPEL OMEGA B D\u0130REKS\u0130YON SARGISI \u00c7IKMA ORJ\u0130NAL"},"content":{"rendered":"<p><img loading=\"lazy\" decoding=\"async\" class=\"alignnone size-medium wp-image-4360\" src=\"https:\/\/opelonka.com\/wp-content\/uploads\/2021\/02\/photo_2021-01-26_12-44-42-300x225.jpg\" alt=\"\" width=\"300\" height=\"225\" srcset=\"https:\/\/opelonka.com\/wp-content\/uploads\/2021\/02\/photo_2021-01-26_12-44-42-300x225.jpg 300w, https:\/\/opelonka.com\/wp-content\/uploads\/2021\/02\/photo_2021-01-26_12-44-42-1024x768.jpg 1024w, https:\/\/opelonka.com\/wp-content\/uploads\/2021\/02\/photo_2021-01-26_12-44-42-768x576.jpg 768w, https:\/\/opelonka.com\/wp-content\/uploads\/2021\/02\/photo_2021-01-26_12-44-42-600x450.jpg 600w, https:\/\/opelonka.com\/wp-content\/uploads\/2021\/02\/photo_2021-01-26_12-44-42-64x48.jpg 64w, https:\/\/opelonka.com\/wp-content\/uploads\/2021\/02\/photo_2021-01-26_12-44-42.jpg 1280w\" sizes=\"auto, (max-width: 300px) 100vw, 300px\" \/> <img loading=\"lazy\" decoding=\"async\" class=\"alignnone size-medium wp-image-4361\" src=\"https:\/\/opelonka.com\/wp-content\/uploads\/2021\/02\/photo_2021-01-26_12-44-44-300x225.jpg\" alt=\"\" width=\"300\" height=\"225\" srcset=\"https:\/\/opelonka.com\/wp-content\/uploads\/2021\/02\/photo_2021-01-26_12-44-44-300x225.jpg 300w, https:\/\/opelonka.com\/wp-content\/uploads\/2021\/02\/photo_2021-01-26_12-44-44-1024x768.jpg 1024w, https:\/\/opelonka.com\/wp-content\/uploads\/2021\/02\/photo_2021-01-26_12-44-44-768x576.jpg 768w, https:\/\/opelonka.com\/wp-content\/uploads\/2021\/02\/photo_2021-01-26_12-44-44-600x450.jpg 600w, https:\/\/opelonka.com\/wp-content\/uploads\/2021\/02\/photo_2021-01-26_12-44-44-64x48.jpg 64w, https:\/\/opelonka.com\/wp-content\/uploads\/2021\/02\/photo_2021-01-26_12-44-44.jpg 1280w\" sizes=\"auto, (max-width: 300px) 100vw, 300px\" \/> <img loading=\"lazy\" decoding=\"async\" class=\"alignnone size-medium wp-image-4362\" src=\"https:\/\/opelonka.com\/wp-content\/uploads\/2021\/02\/photo_2021-01-26_12-44-46-300x225.jpg\" alt=\"\" width=\"300\" height=\"225\" srcset=\"https:\/\/opelonka.com\/wp-content\/uploads\/2021\/02\/photo_2021-01-26_12-44-46-300x225.jpg 300w, https:\/\/opelonka.com\/wp-content\/uploads\/2021\/02\/photo_2021-01-26_12-44-46-1024x768.jpg 1024w, https:\/\/opelonka.com\/wp-content\/uploads\/2021\/02\/photo_2021-01-26_12-44-46-768x576.jpg 768w, https:\/\/opelonka.com\/wp-content\/uploads\/2021\/02\/photo_2021-01-26_12-44-46-600x450.jpg 600w, https:\/\/opelonka.com\/wp-content\/uploads\/2021\/02\/photo_2021-01-26_12-44-46-64x48.jpg 64w, https:\/\/opelonka.com\/wp-content\/uploads\/2021\/02\/photo_2021-01-26_12-44-46.jpg 1280w\" sizes=\"auto, (max-width: 300px) 100vw, 300px\" \/><\/p>\n<p>90566552-90566551 OPEL OMEGA B D\u0130REKS\u0130YON SARGISI \u00c7IKMA ORJ\u0130NAL<\/p>\n","protected":false},"excerpt":{"rendered":"<p>90566552-90566551 OPEL OMEGA B D\u0130REKS\u0130YON SARGISI \u00c7IKMA ORJ\u0130NAL<\/p>\n","protected":false},"featured_media":4360,"comment_status":"open","ping_status":"closed","template":"","meta":[],"class_list":{"0":"post-4357","1":"product","2":"type-product","3":"status-publish","4":"has-post-thumbnail","6":"product_cat-opel","7":"product_cat-direksiyon-omega-b","8":"product_cat-omega","9":"product_cat-omega-b","10":"product_tag-cikma","11":"product_tag-cim-modulu","12":"product_tag-direksiyon","13":"product_tag-gm","14":"product_tag-omega","15":"product_tag-omega-b","16":"product_tag-opel","17":"product_tag-orjinal","18":"product_tag-sargi","19":"product_tag-sifir","20":"product_tag-zemberek","21":"badges-style-3","23":"first","24":"instock","25":"shipping-taxable","26":"product-type-simple"},"_links":{"self":[{"href":"https:\/\/opelonka.com\/index.php?rest_route=\/wp\/v2\/product\/4357","targetHints":{"allow":["GET"]}}],"collection":[{"href":"https:\/\/opelonka.com\/index.php?rest_route=\/wp\/v2\/product"}],"about":[{"href":"https:\/\/opelonka.com\/index.php?rest_route=\/wp\/v2\/types\/product"}],"replies":[{"embeddable":true,"href":"https:\/\/opelonka.com\/index.php?rest_route=%2Fwp%2Fv2%2Fcomments&post=4357"}],"wp:featuredmedia":[{"embeddable":true,"href":"https:\/\/opelonka.com\/index.php?rest_route=\/wp\/v2\/media\/4360"}],"wp:attachment":[{"href":"https:\/\/opelonka.com\/index.php?rest_route=%2Fwp%2Fv2%2Fmedia&parent=4357"}],"curies":[{"name":"wp","href":"https:\/\/api.w.org\/{rel}","templated":true}]}}