{"id":4304,"date":"2021-02-03T10:14:19","date_gmt":"2021-02-03T10:14:19","guid":{"rendered":"http:\/\/opelonka.com\/?post_type=product&#038;p=4304"},"modified":"2021-02-03T10:14:20","modified_gmt":"2021-02-03T10:14:20","slug":"13112786-opel-vectra-c-direksiyon-sargisi-cikma-orjinal","status":"publish","type":"product","link":"https:\/\/opelonka.com\/?product=13112786-opel-vectra-c-direksiyon-sargisi-cikma-orjinal","title":{"rendered":"13112786 OPEL VECTRA C D\u0130REKS\u0130YON SARGISI \u00c7IKMA ORJ\u0130NAL"},"content":{"rendered":"<p><img loading=\"lazy\" decoding=\"async\" class=\"alignnone size-medium wp-image-4305\" src=\"https:\/\/opelonka.com\/wp-content\/uploads\/2021\/02\/photo_2021-01-26_12-45-19-300x225.jpg\" alt=\"\" width=\"300\" height=\"225\" srcset=\"https:\/\/opelonka.com\/wp-content\/uploads\/2021\/02\/photo_2021-01-26_12-45-19-300x225.jpg 300w, https:\/\/opelonka.com\/wp-content\/uploads\/2021\/02\/photo_2021-01-26_12-45-19-1024x768.jpg 1024w, https:\/\/opelonka.com\/wp-content\/uploads\/2021\/02\/photo_2021-01-26_12-45-19-768x576.jpg 768w, https:\/\/opelonka.com\/wp-content\/uploads\/2021\/02\/photo_2021-01-26_12-45-19-600x450.jpg 600w, https:\/\/opelonka.com\/wp-content\/uploads\/2021\/02\/photo_2021-01-26_12-45-19-64x48.jpg 64w, https:\/\/opelonka.com\/wp-content\/uploads\/2021\/02\/photo_2021-01-26_12-45-19.jpg 1280w\" sizes=\"auto, (max-width: 300px) 100vw, 300px\" \/> <img loading=\"lazy\" decoding=\"async\" class=\"alignnone size-medium wp-image-4306\" src=\"https:\/\/opelonka.com\/wp-content\/uploads\/2021\/02\/photo_2021-01-26_12-49-19-300x225.jpg\" alt=\"\" width=\"300\" height=\"225\" srcset=\"https:\/\/opelonka.com\/wp-content\/uploads\/2021\/02\/photo_2021-01-26_12-49-19-300x225.jpg 300w, https:\/\/opelonka.com\/wp-content\/uploads\/2021\/02\/photo_2021-01-26_12-49-19-1024x768.jpg 1024w, https:\/\/opelonka.com\/wp-content\/uploads\/2021\/02\/photo_2021-01-26_12-49-19-768x576.jpg 768w, https:\/\/opelonka.com\/wp-content\/uploads\/2021\/02\/photo_2021-01-26_12-49-19-600x450.jpg 600w, https:\/\/opelonka.com\/wp-content\/uploads\/2021\/02\/photo_2021-01-26_12-49-19-64x48.jpg 64w, https:\/\/opelonka.com\/wp-content\/uploads\/2021\/02\/photo_2021-01-26_12-49-19.jpg 1280w\" sizes=\"auto, (max-width: 300px) 100vw, 300px\" \/> <img loading=\"lazy\" decoding=\"async\" class=\"alignnone size-medium wp-image-4307\" src=\"https:\/\/opelonka.com\/wp-content\/uploads\/2021\/02\/photo_2021-01-26_12-49-21-300x225.jpg\" alt=\"\" width=\"300\" height=\"225\" srcset=\"https:\/\/opelonka.com\/wp-content\/uploads\/2021\/02\/photo_2021-01-26_12-49-21-300x225.jpg 300w, https:\/\/opelonka.com\/wp-content\/uploads\/2021\/02\/photo_2021-01-26_12-49-21-1024x768.jpg 1024w, https:\/\/opelonka.com\/wp-content\/uploads\/2021\/02\/photo_2021-01-26_12-49-21-768x576.jpg 768w, https:\/\/opelonka.com\/wp-content\/uploads\/2021\/02\/photo_2021-01-26_12-49-21-600x450.jpg 600w, https:\/\/opelonka.com\/wp-content\/uploads\/2021\/02\/photo_2021-01-26_12-49-21-64x48.jpg 64w, https:\/\/opelonka.com\/wp-content\/uploads\/2021\/02\/photo_2021-01-26_12-49-21.jpg 1280w\" sizes=\"auto, (max-width: 300px) 100vw, 300px\" \/> <img loading=\"lazy\" decoding=\"async\" class=\"alignnone size-medium wp-image-4308\" src=\"https:\/\/opelonka.com\/wp-content\/uploads\/2021\/02\/photo_2021-01-26_12-49-24-300x225.jpg\" alt=\"\" width=\"300\" height=\"225\" srcset=\"https:\/\/opelonka.com\/wp-content\/uploads\/2021\/02\/photo_2021-01-26_12-49-24-300x225.jpg 300w, https:\/\/opelonka.com\/wp-content\/uploads\/2021\/02\/photo_2021-01-26_12-49-24-1024x768.jpg 1024w, https:\/\/opelonka.com\/wp-content\/uploads\/2021\/02\/photo_2021-01-26_12-49-24-768x576.jpg 768w, https:\/\/opelonka.com\/wp-content\/uploads\/2021\/02\/photo_2021-01-26_12-49-24-600x450.jpg 600w, https:\/\/opelonka.com\/wp-content\/uploads\/2021\/02\/photo_2021-01-26_12-49-24-64x48.jpg 64w, https:\/\/opelonka.com\/wp-content\/uploads\/2021\/02\/photo_2021-01-26_12-49-24.jpg 1280w\" sizes=\"auto, (max-width: 300px) 100vw, 300px\" \/><\/p>\n<p>13112786 OPEL VECTRA C D\u0130REKS\u0130YON SARGISI \u00c7IKMA ORJ\u0130NAL<\/p>\n<p>13112786 OPEL VECTRA C D\u0130REKS\u0130YON ZEMBEREK \u00c7IKMA ORJ\u0130NAL<\/p>\n<p>13112786 OPEL VECTRA C D\u0130REKS\u0130YON C\u0130M MOD\u00dcL\u00dc \u00c7IKMA ORJ\u0130NAL<\/p>\n","protected":false},"excerpt":{"rendered":"<p>13112786 OPEL VECTRA C D\u0130REKS\u0130YON SARGISI \u00c7IKMA ORJ\u0130NAL<\/p>\n<p>13112786 OPEL VECTRA C D\u0130REKS\u0130YON ZEMBEREK \u00c7IKMA ORJ\u0130NAL<\/p>\n<p>13112786 OPEL VECTRA C D\u0130REKS\u0130YON C\u0130M MOD\u00dcL\u00dc \u00c7IKMA ORJ\u0130NAL<\/p>\n","protected":false},"featured_media":4305,"comment_status":"open","ping_status":"closed","template":"","meta":[],"class_list":{"0":"post-4304","1":"product","2":"type-product","3":"status-publish","4":"has-post-thumbnail","6":"product_cat-opel","7":"product_cat-direksiyon-vectra-c","8":"product_cat-vectra","9":"product_cat-vectra-c","10":"product_tag-cikma","11":"product_tag-cim-modulu","12":"product_tag-direksiyon","13":"product_tag-gm","14":"product_tag-opel","15":"product_tag-orjinal","16":"product_tag-sargi","17":"product_tag-sifir","18":"product_tag-zemberek","19":"badges-style-3","21":"first","22":"instock","23":"shipping-taxable","24":"product-type-simple"},"_links":{"self":[{"href":"https:\/\/opelonka.com\/index.php?rest_route=\/wp\/v2\/product\/4304","targetHints":{"allow":["GET"]}}],"collection":[{"href":"https:\/\/opelonka.com\/index.php?rest_route=\/wp\/v2\/product"}],"about":[{"href":"https:\/\/opelonka.com\/index.php?rest_route=\/wp\/v2\/types\/product"}],"replies":[{"embeddable":true,"href":"https:\/\/opelonka.com\/index.php?rest_route=%2Fwp%2Fv2%2Fcomments&post=4304"}],"wp:featuredmedia":[{"embeddable":true,"href":"https:\/\/opelonka.com\/index.php?rest_route=\/wp\/v2\/media\/4305"}],"wp:attachment":[{"href":"https:\/\/opelonka.com\/index.php?rest_route=%2Fwp%2Fv2%2Fmedia&parent=4304"}],"curies":[{"name":"wp","href":"https:\/\/api.w.org\/{rel}","templated":true}]}}