{"id":4300,"date":"2021-02-03T10:05:07","date_gmt":"2021-02-03T10:05:07","guid":{"rendered":"http:\/\/opelonka.com\/?post_type=product&#038;p=4300"},"modified":"2021-02-03T10:05:07","modified_gmt":"2021-02-03T10:05:07","slug":"20794271-chevrolet-captiva-direksiyon-sargisi-cikma-orjinal","status":"publish","type":"product","link":"https:\/\/opelonka.com\/?product=20794271-chevrolet-captiva-direksiyon-sargisi-cikma-orjinal","title":{"rendered":"20794271 CHEVROLET CAPT\u0130VA D\u0130REKS\u0130YON SARGISI \u00c7IKMA ORJ\u0130NAL"},"content":{"rendered":"<p><img loading=\"lazy\" decoding=\"async\" class=\"alignnone size-medium wp-image-4301\" src=\"https:\/\/opelonka.com\/wp-content\/uploads\/2021\/02\/photo_2021-01-26_12-49-46-225x300.jpg\" alt=\"\" width=\"225\" height=\"300\" srcset=\"https:\/\/opelonka.com\/wp-content\/uploads\/2021\/02\/photo_2021-01-26_12-49-46-225x300.jpg 225w, https:\/\/opelonka.com\/wp-content\/uploads\/2021\/02\/photo_2021-01-26_12-49-46-768x1024.jpg 768w, https:\/\/opelonka.com\/wp-content\/uploads\/2021\/02\/photo_2021-01-26_12-49-46-600x800.jpg 600w, https:\/\/opelonka.com\/wp-content\/uploads\/2021\/02\/photo_2021-01-26_12-49-46-64x85.jpg 64w, https:\/\/opelonka.com\/wp-content\/uploads\/2021\/02\/photo_2021-01-26_12-49-46.jpg 960w\" sizes=\"auto, (max-width: 225px) 100vw, 225px\" \/> <img loading=\"lazy\" decoding=\"async\" class=\"alignnone size-medium wp-image-4302\" src=\"https:\/\/opelonka.com\/wp-content\/uploads\/2021\/02\/photo_2021-01-26_12-49-48-300x225.jpg\" alt=\"\" width=\"300\" height=\"225\" srcset=\"https:\/\/opelonka.com\/wp-content\/uploads\/2021\/02\/photo_2021-01-26_12-49-48-300x225.jpg 300w, https:\/\/opelonka.com\/wp-content\/uploads\/2021\/02\/photo_2021-01-26_12-49-48-1024x768.jpg 1024w, https:\/\/opelonka.com\/wp-content\/uploads\/2021\/02\/photo_2021-01-26_12-49-48-768x576.jpg 768w, https:\/\/opelonka.com\/wp-content\/uploads\/2021\/02\/photo_2021-01-26_12-49-48-600x450.jpg 600w, https:\/\/opelonka.com\/wp-content\/uploads\/2021\/02\/photo_2021-01-26_12-49-48-64x48.jpg 64w, https:\/\/opelonka.com\/wp-content\/uploads\/2021\/02\/photo_2021-01-26_12-49-48.jpg 1280w\" sizes=\"auto, (max-width: 300px) 100vw, 300px\" \/> <img loading=\"lazy\" decoding=\"async\" class=\"alignnone size-medium wp-image-4303\" src=\"https:\/\/opelonka.com\/wp-content\/uploads\/2021\/02\/photo_2021-01-26_12-49-50-300x225.jpg\" alt=\"\" width=\"300\" height=\"225\" srcset=\"https:\/\/opelonka.com\/wp-content\/uploads\/2021\/02\/photo_2021-01-26_12-49-50-300x225.jpg 300w, https:\/\/opelonka.com\/wp-content\/uploads\/2021\/02\/photo_2021-01-26_12-49-50-1024x768.jpg 1024w, https:\/\/opelonka.com\/wp-content\/uploads\/2021\/02\/photo_2021-01-26_12-49-50-768x576.jpg 768w, https:\/\/opelonka.com\/wp-content\/uploads\/2021\/02\/photo_2021-01-26_12-49-50-600x450.jpg 600w, https:\/\/opelonka.com\/wp-content\/uploads\/2021\/02\/photo_2021-01-26_12-49-50-64x48.jpg 64w, https:\/\/opelonka.com\/wp-content\/uploads\/2021\/02\/photo_2021-01-26_12-49-50.jpg 1280w\" sizes=\"auto, (max-width: 300px) 100vw, 300px\" \/><\/p>\n<p>20794271 CHEVROLET CAPT\u0130VA D\u0130REKS\u0130YON SARGISI \u00c7IKMA ORJ\u0130NAL<\/p>\n<p>20794271 CHEVROLET CAPT\u0130VA D\u0130REKS\u0130YON ZEMBEREK \u00c7IKMA ORJ\u0130NAL<\/p>\n<p>20794271 CHEVROLET CAPT\u0130VA D\u0130REKS\u0130YON C\u0130M MOD\u00dcL\u00dc \u00c7IKMA ORJ\u0130NAL<\/p>\n","protected":false},"excerpt":{"rendered":"<p>20794271 CHEVROLET CAPT\u0130VA D\u0130REKS\u0130YON SARGISI \u00c7IKMA ORJ\u0130NAL<\/p>\n<p>20794271 CHEVROLET CAPT\u0130VA D\u0130REKS\u0130YON ZEMBEREK \u00c7IKMA ORJ\u0130NAL<\/p>\n<p>20794271 CHEVROLET CAPT\u0130VA D\u0130REKS\u0130YON C\u0130M MOD\u00dcL\u00dc \u00c7IKMA ORJ\u0130NAL<\/p>\n","protected":false},"featured_media":4302,"comment_status":"open","ping_status":"closed","template":"","meta":[],"class_list":{"0":"post-4300","1":"product","2":"type-product","3":"status-publish","4":"has-post-thumbnail","6":"product_cat-captiva","7":"product_cat-captiva-c100","8":"product_cat-captiva-c140","9":"product_cat-chevrolet","10":"product_cat-direksiyon-captiva-c140","11":"product_cat-direksiyon-captiva-c100","12":"product_tag-cikma","13":"product_tag-cim-modulu","14":"product_tag-direksiyon","15":"product_tag-gm","16":"product_tag-opel","17":"product_tag-orjinal","18":"product_tag-sargi","19":"product_tag-sifir","20":"product_tag-zemberek","21":"badges-style-3","23":"first","24":"instock","25":"shipping-taxable","26":"product-type-simple"},"_links":{"self":[{"href":"https:\/\/opelonka.com\/index.php?rest_route=\/wp\/v2\/product\/4300","targetHints":{"allow":["GET"]}}],"collection":[{"href":"https:\/\/opelonka.com\/index.php?rest_route=\/wp\/v2\/product"}],"about":[{"href":"https:\/\/opelonka.com\/index.php?rest_route=\/wp\/v2\/types\/product"}],"replies":[{"embeddable":true,"href":"https:\/\/opelonka.com\/index.php?rest_route=%2Fwp%2Fv2%2Fcomments&post=4300"}],"wp:featuredmedia":[{"embeddable":true,"href":"https:\/\/opelonka.com\/index.php?rest_route=\/wp\/v2\/media\/4302"}],"wp:attachment":[{"href":"https:\/\/opelonka.com\/index.php?rest_route=%2Fwp%2Fv2%2Fmedia&parent=4300"}],"curies":[{"name":"wp","href":"https:\/\/api.w.org\/{rel}","templated":true}]}}