{"id":4283,"date":"2021-02-03T09:25:42","date_gmt":"2021-02-03T09:25:42","guid":{"rendered":"http:\/\/opelonka.com\/?post_type=product&#038;p=4283"},"modified":"2025-07-10T06:33:09","modified_gmt":"2025-07-10T06:33:09","slug":"opel-vivaro-direksiyon-sargisi-cikma-orjinal","status":"publish","type":"product","link":"https:\/\/opelonka.com\/?product=opel-vivaro-direksiyon-sargisi-cikma-orjinal","title":{"rendered":"OPEL V\u0130VARO D\u0130REKS\u0130YON SARGISI \u00c7IKMA ORJ\u0130NAL"},"content":{"rendered":"<p><img loading=\"lazy\" decoding=\"async\" class=\"alignnone size-medium wp-image-4284\" src=\"https:\/\/opelonka.com\/wp-content\/uploads\/2021\/02\/photo_2021-01-26_12-49-27-300x225.jpg\" alt=\"\" width=\"300\" height=\"225\" srcset=\"https:\/\/opelonka.com\/wp-content\/uploads\/2021\/02\/photo_2021-01-26_12-49-27-300x225.jpg 300w, https:\/\/opelonka.com\/wp-content\/uploads\/2021\/02\/photo_2021-01-26_12-49-27-1024x768.jpg 1024w, https:\/\/opelonka.com\/wp-content\/uploads\/2021\/02\/photo_2021-01-26_12-49-27-768x576.jpg 768w, https:\/\/opelonka.com\/wp-content\/uploads\/2021\/02\/photo_2021-01-26_12-49-27-600x450.jpg 600w, https:\/\/opelonka.com\/wp-content\/uploads\/2021\/02\/photo_2021-01-26_12-49-27-64x48.jpg 64w, https:\/\/opelonka.com\/wp-content\/uploads\/2021\/02\/photo_2021-01-26_12-49-27.jpg 1280w\" sizes=\"auto, (max-width: 300px) 100vw, 300px\" \/> <img loading=\"lazy\" decoding=\"async\" class=\"alignnone size-medium wp-image-4285\" src=\"https:\/\/opelonka.com\/wp-content\/uploads\/2021\/02\/photo_2021-01-26_12-49-29-300x225.jpg\" alt=\"\" width=\"300\" height=\"225\" srcset=\"https:\/\/opelonka.com\/wp-content\/uploads\/2021\/02\/photo_2021-01-26_12-49-29-300x225.jpg 300w, https:\/\/opelonka.com\/wp-content\/uploads\/2021\/02\/photo_2021-01-26_12-49-29-1024x768.jpg 1024w, https:\/\/opelonka.com\/wp-content\/uploads\/2021\/02\/photo_2021-01-26_12-49-29-768x576.jpg 768w, https:\/\/opelonka.com\/wp-content\/uploads\/2021\/02\/photo_2021-01-26_12-49-29-600x450.jpg 600w, https:\/\/opelonka.com\/wp-content\/uploads\/2021\/02\/photo_2021-01-26_12-49-29-64x48.jpg 64w, https:\/\/opelonka.com\/wp-content\/uploads\/2021\/02\/photo_2021-01-26_12-49-29.jpg 1280w\" sizes=\"auto, (max-width: 300px) 100vw, 300px\" \/> <img loading=\"lazy\" decoding=\"async\" class=\"alignnone size-medium wp-image-4286\" src=\"https:\/\/opelonka.com\/wp-content\/uploads\/2021\/02\/photo_2021-01-26_12-49-31-300x225.jpg\" alt=\"\" width=\"300\" height=\"225\" srcset=\"https:\/\/opelonka.com\/wp-content\/uploads\/2021\/02\/photo_2021-01-26_12-49-31-300x225.jpg 300w, https:\/\/opelonka.com\/wp-content\/uploads\/2021\/02\/photo_2021-01-26_12-49-31-1024x768.jpg 1024w, https:\/\/opelonka.com\/wp-content\/uploads\/2021\/02\/photo_2021-01-26_12-49-31-768x576.jpg 768w, https:\/\/opelonka.com\/wp-content\/uploads\/2021\/02\/photo_2021-01-26_12-49-31-600x450.jpg 600w, https:\/\/opelonka.com\/wp-content\/uploads\/2021\/02\/photo_2021-01-26_12-49-31-64x48.jpg 64w, https:\/\/opelonka.com\/wp-content\/uploads\/2021\/02\/photo_2021-01-26_12-49-31.jpg 1280w\" sizes=\"auto, (max-width: 300px) 100vw, 300px\" \/> <img loading=\"lazy\" decoding=\"async\" class=\"alignnone size-medium wp-image-4287\" src=\"https:\/\/opelonka.com\/wp-content\/uploads\/2021\/02\/photo_2021-01-26_12-49-33-300x225.jpg\" alt=\"\" width=\"300\" height=\"225\" srcset=\"https:\/\/opelonka.com\/wp-content\/uploads\/2021\/02\/photo_2021-01-26_12-49-33-300x225.jpg 300w, https:\/\/opelonka.com\/wp-content\/uploads\/2021\/02\/photo_2021-01-26_12-49-33-1024x768.jpg 1024w, https:\/\/opelonka.com\/wp-content\/uploads\/2021\/02\/photo_2021-01-26_12-49-33-768x576.jpg 768w, https:\/\/opelonka.com\/wp-content\/uploads\/2021\/02\/photo_2021-01-26_12-49-33-600x450.jpg 600w, https:\/\/opelonka.com\/wp-content\/uploads\/2021\/02\/photo_2021-01-26_12-49-33-64x48.jpg 64w, https:\/\/opelonka.com\/wp-content\/uploads\/2021\/02\/photo_2021-01-26_12-49-33.jpg 1280w\" sizes=\"auto, (max-width: 300px) 100vw, 300px\" \/><\/p>\n<p>OPEL V\u0130VARO D\u0130REKS\u0130YON SARGISI \u00c7IKMA ORJ\u0130NAL<\/p>\n<p>OPEL V\u0130VARO D\u0130REKS\u0130YON ZEMBEREK \u00c7IKMA ORJ\u0130NAL<\/p>\n<p>OPEL V\u0130VARO D\u0130REKS\u0130YON C\u0130M MOD\u00dcL\u00dc \u00c7IKMA ORJ\u0130NAL<\/p>\n","protected":false},"excerpt":{"rendered":"<p>OPEL V\u0130VARO D\u0130REKS\u0130YON SARGISI \u00c7IKMA ORJ\u0130NAL<\/p>\n<p>OPEL V\u0130VARO D\u0130REKS\u0130YON ZEMBEREK \u00c7IKMA ORJ\u0130NAL<\/p>\n<p>OPEL V\u0130VARO D\u0130REKS\u0130YON C\u0130M MOD\u00dcL\u00dc \u00c7IKMA ORJ\u0130NAL<\/p>\n","protected":false},"featured_media":4284,"comment_status":"open","ping_status":"closed","template":"","meta":[],"class_list":{"0":"post-4283","1":"product","2":"type-product","3":"status-publish","4":"has-post-thumbnail","6":"product_cat-opel","7":"product_cat-direksiyon-vivaro","8":"product_cat-vivaro","9":"product_tag-cikma","10":"product_tag-cim-modulu","11":"product_tag-direksiyon","12":"product_tag-gm","13":"product_tag-opel","14":"product_tag-orjinal","15":"product_tag-sargi","16":"product_tag-sifir","17":"product_tag-vivaro","18":"product_tag-zemberek","19":"badges-style-3","21":"first","22":"instock","23":"shipping-taxable","24":"product-type-simple"},"_links":{"self":[{"href":"https:\/\/opelonka.com\/index.php?rest_route=\/wp\/v2\/product\/4283","targetHints":{"allow":["GET"]}}],"collection":[{"href":"https:\/\/opelonka.com\/index.php?rest_route=\/wp\/v2\/product"}],"about":[{"href":"https:\/\/opelonka.com\/index.php?rest_route=\/wp\/v2\/types\/product"}],"replies":[{"embeddable":true,"href":"https:\/\/opelonka.com\/index.php?rest_route=%2Fwp%2Fv2%2Fcomments&post=4283"}],"wp:featuredmedia":[{"embeddable":true,"href":"https:\/\/opelonka.com\/index.php?rest_route=\/wp\/v2\/media\/4284"}],"wp:attachment":[{"href":"https:\/\/opelonka.com\/index.php?rest_route=%2Fwp%2Fv2%2Fmedia&parent=4283"}],"curies":[{"name":"wp","href":"https:\/\/api.w.org\/{rel}","templated":true}]}}