{"id":4252,"date":"2021-02-03T08:17:38","date_gmt":"2021-02-03T08:17:38","guid":{"rendered":"http:\/\/opelonka.com\/?post_type=product&#038;p=4252"},"modified":"2021-02-03T08:17:38","modified_gmt":"2021-02-03T08:17:38","slug":"13264617-opel-insignia-arka-hoparlor-sifir-orjinal","status":"publish","type":"product","link":"https:\/\/opelonka.com\/?product=13264617-opel-insignia-arka-hoparlor-sifir-orjinal","title":{"rendered":"13264617 OPEL \u0130NS\u0130GN\u0130A ARKA HOPARL\u00d6R SIFIR ORJ\u0130NAL"},"content":{"rendered":"<p><img loading=\"lazy\" decoding=\"async\" class=\"alignnone size-medium wp-image-4253\" src=\"https:\/\/opelonka.com\/wp-content\/uploads\/2021\/02\/photo_2021-01-26_12-50-11-300x225.jpg\" alt=\"\" width=\"300\" height=\"225\" srcset=\"https:\/\/opelonka.com\/wp-content\/uploads\/2021\/02\/photo_2021-01-26_12-50-11-300x225.jpg 300w, https:\/\/opelonka.com\/wp-content\/uploads\/2021\/02\/photo_2021-01-26_12-50-11-1024x768.jpg 1024w, https:\/\/opelonka.com\/wp-content\/uploads\/2021\/02\/photo_2021-01-26_12-50-11-768x576.jpg 768w, https:\/\/opelonka.com\/wp-content\/uploads\/2021\/02\/photo_2021-01-26_12-50-11-600x450.jpg 600w, https:\/\/opelonka.com\/wp-content\/uploads\/2021\/02\/photo_2021-01-26_12-50-11-64x48.jpg 64w, https:\/\/opelonka.com\/wp-content\/uploads\/2021\/02\/photo_2021-01-26_12-50-11.jpg 1280w\" sizes=\"auto, (max-width: 300px) 100vw, 300px\" \/> <img loading=\"lazy\" decoding=\"async\" class=\"alignnone size-medium wp-image-4254\" src=\"https:\/\/opelonka.com\/wp-content\/uploads\/2021\/02\/photo_2021-01-26_12-50-14-300x225.jpg\" alt=\"\" width=\"300\" height=\"225\" srcset=\"https:\/\/opelonka.com\/wp-content\/uploads\/2021\/02\/photo_2021-01-26_12-50-14-300x225.jpg 300w, https:\/\/opelonka.com\/wp-content\/uploads\/2021\/02\/photo_2021-01-26_12-50-14-1024x768.jpg 1024w, https:\/\/opelonka.com\/wp-content\/uploads\/2021\/02\/photo_2021-01-26_12-50-14-768x576.jpg 768w, https:\/\/opelonka.com\/wp-content\/uploads\/2021\/02\/photo_2021-01-26_12-50-14-600x450.jpg 600w, https:\/\/opelonka.com\/wp-content\/uploads\/2021\/02\/photo_2021-01-26_12-50-14-64x48.jpg 64w, https:\/\/opelonka.com\/wp-content\/uploads\/2021\/02\/photo_2021-01-26_12-50-14.jpg 1280w\" sizes=\"auto, (max-width: 300px) 100vw, 300px\" \/> <img loading=\"lazy\" decoding=\"async\" class=\"alignnone size-medium wp-image-4255\" src=\"https:\/\/opelonka.com\/wp-content\/uploads\/2021\/02\/photo_2021-01-26_12-50-19-300x225.jpg\" alt=\"\" width=\"300\" height=\"225\" srcset=\"https:\/\/opelonka.com\/wp-content\/uploads\/2021\/02\/photo_2021-01-26_12-50-19-300x225.jpg 300w, https:\/\/opelonka.com\/wp-content\/uploads\/2021\/02\/photo_2021-01-26_12-50-19-1024x768.jpg 1024w, https:\/\/opelonka.com\/wp-content\/uploads\/2021\/02\/photo_2021-01-26_12-50-19-768x576.jpg 768w, https:\/\/opelonka.com\/wp-content\/uploads\/2021\/02\/photo_2021-01-26_12-50-19-600x450.jpg 600w, https:\/\/opelonka.com\/wp-content\/uploads\/2021\/02\/photo_2021-01-26_12-50-19-64x48.jpg 64w, https:\/\/opelonka.com\/wp-content\/uploads\/2021\/02\/photo_2021-01-26_12-50-19.jpg 1280w\" sizes=\"auto, (max-width: 300px) 100vw, 300px\" \/><\/p>\n<p>13264617 OPEL \u0130NS\u0130GN\u0130A ARKA HOPARL\u00d6R SIFIR ORJ\u0130NAL<\/p>\n","protected":false},"excerpt":{"rendered":"<p>13264617 OPEL \u0130NS\u0130GN\u0130A ARKA HOPARL\u00d6R SIFIR ORJ\u0130NAL<\/p>\n","protected":false},"featured_media":4253,"comment_status":"open","ping_status":"closed","template":"","meta":[],"class_list":{"0":"post-4252","1":"product","2":"type-product","3":"status-publish","4":"has-post-thumbnail","6":"product_cat-opel","7":"product_cat-elektrikli-aksam-insignia-a","8":"product_cat-insignia","9":"product_cat-insignia-a","10":"product_tag-arka","11":"product_tag-cikma","12":"product_tag-hoparlor","13":"product_tag-insignia","14":"product_tag-on","15":"product_tag-opel","16":"product_tag-orjinal","17":"product_tag-sifir","18":"badges-style-3","20":"first","21":"instock","22":"shipping-taxable","23":"product-type-simple"},"_links":{"self":[{"href":"https:\/\/opelonka.com\/index.php?rest_route=\/wp\/v2\/product\/4252","targetHints":{"allow":["GET"]}}],"collection":[{"href":"https:\/\/opelonka.com\/index.php?rest_route=\/wp\/v2\/product"}],"about":[{"href":"https:\/\/opelonka.com\/index.php?rest_route=\/wp\/v2\/types\/product"}],"replies":[{"embeddable":true,"href":"https:\/\/opelonka.com\/index.php?rest_route=%2Fwp%2Fv2%2Fcomments&post=4252"}],"wp:featuredmedia":[{"embeddable":true,"href":"https:\/\/opelonka.com\/index.php?rest_route=\/wp\/v2\/media\/4253"}],"wp:attachment":[{"href":"https:\/\/opelonka.com\/index.php?rest_route=%2Fwp%2Fv2%2Fmedia&parent=4252"}],"curies":[{"name":"wp","href":"https:\/\/api.w.org\/{rel}","templated":true}]}}