{"id":4212,"date":"2021-01-26T09:27:24","date_gmt":"2021-01-26T09:27:24","guid":{"rendered":"http:\/\/opelonka.com\/?post_type=product&#038;p=4212"},"modified":"2025-09-18T04:17:35","modified_gmt":"2025-09-18T04:17:35","slug":"13360103-opel-astra-j-klima-kontrol-paneli-sifir-orjinal","status":"publish","type":"product","link":"https:\/\/opelonka.com\/?product=13360103-opel-astra-j-klima-kontrol-paneli-sifir-orjinal","title":{"rendered":"13360103 OPEL ASTRA J KL\u0130MA KONTROL PANEL\u0130 SIFIR ORJ\u0130NAL"},"content":{"rendered":"<p><img loading=\"lazy\" decoding=\"async\" class=\"alignnone size-medium wp-image-4213\" src=\"https:\/\/opelonka.com\/wp-content\/uploads\/2021\/01\/photo_2021-01-21_12-03-46-225x300.jpg\" alt=\"\" width=\"225\" height=\"300\" srcset=\"https:\/\/opelonka.com\/wp-content\/uploads\/2021\/01\/photo_2021-01-21_12-03-46-225x300.jpg 225w, https:\/\/opelonka.com\/wp-content\/uploads\/2021\/01\/photo_2021-01-21_12-03-46-768x1024.jpg 768w, https:\/\/opelonka.com\/wp-content\/uploads\/2021\/01\/photo_2021-01-21_12-03-46-600x800.jpg 600w, https:\/\/opelonka.com\/wp-content\/uploads\/2021\/01\/photo_2021-01-21_12-03-46-64x85.jpg 64w, https:\/\/opelonka.com\/wp-content\/uploads\/2021\/01\/photo_2021-01-21_12-03-46.jpg 960w\" sizes=\"auto, (max-width: 225px) 100vw, 225px\" \/> <img loading=\"lazy\" decoding=\"async\" class=\"alignnone size-medium wp-image-4214\" src=\"https:\/\/opelonka.com\/wp-content\/uploads\/2021\/01\/photo_2021-01-21_12-03-48-225x300.jpg\" alt=\"\" width=\"225\" height=\"300\" srcset=\"https:\/\/opelonka.com\/wp-content\/uploads\/2021\/01\/photo_2021-01-21_12-03-48-225x300.jpg 225w, https:\/\/opelonka.com\/wp-content\/uploads\/2021\/01\/photo_2021-01-21_12-03-48-768x1024.jpg 768w, https:\/\/opelonka.com\/wp-content\/uploads\/2021\/01\/photo_2021-01-21_12-03-48-600x800.jpg 600w, https:\/\/opelonka.com\/wp-content\/uploads\/2021\/01\/photo_2021-01-21_12-03-48-64x85.jpg 64w, https:\/\/opelonka.com\/wp-content\/uploads\/2021\/01\/photo_2021-01-21_12-03-48.jpg 960w\" sizes=\"auto, (max-width: 225px) 100vw, 225px\" \/><\/p>\n<p>13360103 OPEL ASTRA J KL\u0130MA KONTROL PANEL\u0130 SIFIR ORJ\u0130NAL<\/p>\n","protected":false},"excerpt":{"rendered":"<p>13360103 OPEL ASTRA J KL\u0130MA KONTROL PANEL\u0130 SIFIR ORJ\u0130NAL<\/p>\n<p>13360103 OPEL ASTRA J KL\u0130MA KONTROL PANEL\u0130 KOLTUK ISITMALI SIFIR ORJ\u0130NAL<\/p>\n<p>13360103 OPEL ASTRA J KL\u0130MA KONTROL PANEL\u0130 DREKS\u0130YON ISITMALI SIFIR ORJ\u0130NAL<\/p>\n","protected":false},"featured_media":4213,"comment_status":"open","ping_status":"closed","template":"","meta":[],"class_list":{"0":"post-4212","1":"product","2":"type-product","3":"status-publish","4":"has-post-thumbnail","6":"product_cat-opel","7":"product_cat-astra","8":"product_cat-astra-j","9":"product_cat-elektrikli-aksam-astra-j-astra","10":"product_cat-karoseri-ic-parcalar-astra-j","11":"product_tag-bilgi","12":"product_tag-cerceve","13":"product_tag-cikma","14":"product_tag-ekran","15":"product_tag-gm","16":"product_tag-havalandirma","17":"product_tag-kalorifer","18":"product_tag-kalorifer-havalandirma","19":"product_tag-klima","20":"product_tag-klima-kontrol","21":"product_tag-klima-kontrol-cerceve","22":"product_tag-klima-paneli","23":"product_tag-kontrol","24":"product_tag-kontrol-cerceve","25":"product_tag-muzul","26":"product_tag-opel","27":"product_tag-orjinal","28":"product_tag-panel","29":"product_tag-radyo","30":"product_tag-radyo-kontrol","31":"product_tag-radyo-kontrol-paneli","32":"product_tag-yol","33":"product_tag-yol-bilgi-ekrani","34":"badges-style-3","36":"first","37":"instock","38":"shipping-taxable","39":"product-type-simple"},"_links":{"self":[{"href":"https:\/\/opelonka.com\/index.php?rest_route=\/wp\/v2\/product\/4212","targetHints":{"allow":["GET"]}}],"collection":[{"href":"https:\/\/opelonka.com\/index.php?rest_route=\/wp\/v2\/product"}],"about":[{"href":"https:\/\/opelonka.com\/index.php?rest_route=\/wp\/v2\/types\/product"}],"replies":[{"embeddable":true,"href":"https:\/\/opelonka.com\/index.php?rest_route=%2Fwp%2Fv2%2Fcomments&post=4212"}],"wp:featuredmedia":[{"embeddable":true,"href":"https:\/\/opelonka.com\/index.php?rest_route=\/wp\/v2\/media\/4213"}],"wp:attachment":[{"href":"https:\/\/opelonka.com\/index.php?rest_route=%2Fwp%2Fv2%2Fmedia&parent=4212"}],"curies":[{"name":"wp","href":"https:\/\/api.w.org\/{rel}","templated":true}]}}