{"id":4193,"date":"2021-01-25T15:07:45","date_gmt":"2021-01-25T15:07:45","guid":{"rendered":"http:\/\/opelonka.com\/?post_type=product&#038;p=4193"},"modified":"2021-01-25T15:07:46","modified_gmt":"2021-01-25T15:07:46","slug":"chevrolet-epika-klima-kontrol-paneli-cikma-orjinal","status":"publish","type":"product","link":"https:\/\/opelonka.com\/?product=chevrolet-epika-klima-kontrol-paneli-cikma-orjinal","title":{"rendered":"CHEVROLET EP\u0130KA KL\u0130MA KONTROL PANEL\u0130 \u00c7IKMA ORJ\u0130NAL"},"content":{"rendered":"<p><img loading=\"lazy\" decoding=\"async\" class=\"alignnone size-medium wp-image-4194\" src=\"https:\/\/opelonka.com\/wp-content\/uploads\/2021\/01\/photo_2021-01-21_12-02-38-300x225.jpg\" alt=\"\" width=\"300\" height=\"225\" srcset=\"https:\/\/opelonka.com\/wp-content\/uploads\/2021\/01\/photo_2021-01-21_12-02-38-300x225.jpg 300w, https:\/\/opelonka.com\/wp-content\/uploads\/2021\/01\/photo_2021-01-21_12-02-38-1024x768.jpg 1024w, https:\/\/opelonka.com\/wp-content\/uploads\/2021\/01\/photo_2021-01-21_12-02-38-768x576.jpg 768w, https:\/\/opelonka.com\/wp-content\/uploads\/2021\/01\/photo_2021-01-21_12-02-38-600x450.jpg 600w, https:\/\/opelonka.com\/wp-content\/uploads\/2021\/01\/photo_2021-01-21_12-02-38-64x48.jpg 64w, https:\/\/opelonka.com\/wp-content\/uploads\/2021\/01\/photo_2021-01-21_12-02-38.jpg 1280w\" sizes=\"auto, (max-width: 300px) 100vw, 300px\" \/> <img loading=\"lazy\" decoding=\"async\" class=\"alignnone size-medium wp-image-4196\" src=\"https:\/\/opelonka.com\/wp-content\/uploads\/2021\/01\/photo_2021-01-21_12-02-43-300x225.jpg\" alt=\"\" width=\"300\" height=\"225\" srcset=\"https:\/\/opelonka.com\/wp-content\/uploads\/2021\/01\/photo_2021-01-21_12-02-43-300x225.jpg 300w, https:\/\/opelonka.com\/wp-content\/uploads\/2021\/01\/photo_2021-01-21_12-02-43-1024x768.jpg 1024w, https:\/\/opelonka.com\/wp-content\/uploads\/2021\/01\/photo_2021-01-21_12-02-43-768x576.jpg 768w, https:\/\/opelonka.com\/wp-content\/uploads\/2021\/01\/photo_2021-01-21_12-02-43-600x450.jpg 600w, https:\/\/opelonka.com\/wp-content\/uploads\/2021\/01\/photo_2021-01-21_12-02-43-64x48.jpg 64w, https:\/\/opelonka.com\/wp-content\/uploads\/2021\/01\/photo_2021-01-21_12-02-43.jpg 1280w\" sizes=\"auto, (max-width: 300px) 100vw, 300px\" \/> <img loading=\"lazy\" decoding=\"async\" class=\"alignnone size-medium wp-image-4195\" src=\"https:\/\/opelonka.com\/wp-content\/uploads\/2021\/01\/photo_2021-01-21_12-02-40-300x225.jpg\" alt=\"\" width=\"300\" height=\"225\" srcset=\"https:\/\/opelonka.com\/wp-content\/uploads\/2021\/01\/photo_2021-01-21_12-02-40-300x225.jpg 300w, https:\/\/opelonka.com\/wp-content\/uploads\/2021\/01\/photo_2021-01-21_12-02-40-1024x768.jpg 1024w, https:\/\/opelonka.com\/wp-content\/uploads\/2021\/01\/photo_2021-01-21_12-02-40-768x576.jpg 768w, https:\/\/opelonka.com\/wp-content\/uploads\/2021\/01\/photo_2021-01-21_12-02-40-600x450.jpg 600w, https:\/\/opelonka.com\/wp-content\/uploads\/2021\/01\/photo_2021-01-21_12-02-40-64x48.jpg 64w, https:\/\/opelonka.com\/wp-content\/uploads\/2021\/01\/photo_2021-01-21_12-02-40.jpg 1280w\" sizes=\"auto, (max-width: 300px) 100vw, 300px\" \/><\/p>\n<p>CHEVROLET EP\u0130KA KL\u0130MA KONTROL PANEL\u0130 \u00c7IKMA ORJ\u0130NAL<\/p>\n","protected":false},"excerpt":{"rendered":"<p>CHEVROLET EP\u0130KA KL\u0130MA KONTROL PANEL\u0130 \u00c7IKMA ORJ\u0130NAL<\/p>\n","protected":false},"featured_media":4194,"comment_status":"open","ping_status":"closed","template":"","meta":[],"class_list":{"0":"post-4193","1":"product","2":"type-product","3":"status-publish","4":"has-post-thumbnail","6":"product_cat-chevrolet","7":"product_cat-elektrikli-aksam-epica","8":"product_cat-epica","9":"product_cat-karoseri-ic-parcalar-epica","10":"product_tag-bilgi","11":"product_tag-cerceve","12":"product_tag-chevrolet","13":"product_tag-cikma","14":"product_tag-ekran","15":"product_tag-epika","16":"product_tag-gm","17":"product_tag-havalandirma","18":"product_tag-kalorifer","19":"product_tag-kalorifer-havalandirma","20":"product_tag-klima","21":"product_tag-klima-kontrol","22":"product_tag-klima-kontrol-cerceve","23":"product_tag-klima-paneli","24":"product_tag-kontrol","25":"product_tag-kontrol-cerceve","26":"product_tag-muzul","27":"product_tag-opel","28":"product_tag-orjinal","29":"product_tag-panel","30":"product_tag-radyo","31":"product_tag-radyo-kontrol","32":"product_tag-radyo-kontrol-paneli","33":"product_tag-yol","34":"product_tag-yol-bilgi-ekrani","35":"badges-style-3","37":"first","38":"instock","39":"shipping-taxable","40":"product-type-simple"},"_links":{"self":[{"href":"https:\/\/opelonka.com\/index.php?rest_route=\/wp\/v2\/product\/4193","targetHints":{"allow":["GET"]}}],"collection":[{"href":"https:\/\/opelonka.com\/index.php?rest_route=\/wp\/v2\/product"}],"about":[{"href":"https:\/\/opelonka.com\/index.php?rest_route=\/wp\/v2\/types\/product"}],"replies":[{"embeddable":true,"href":"https:\/\/opelonka.com\/index.php?rest_route=%2Fwp%2Fv2%2Fcomments&post=4193"}],"wp:featuredmedia":[{"embeddable":true,"href":"https:\/\/opelonka.com\/index.php?rest_route=\/wp\/v2\/media\/4194"}],"wp:attachment":[{"href":"https:\/\/opelonka.com\/index.php?rest_route=%2Fwp%2Fv2%2Fmedia&parent=4193"}],"curies":[{"name":"wp","href":"https:\/\/api.w.org\/{rel}","templated":true}]}}