{"id":4110,"date":"2021-01-25T07:44:39","date_gmt":"2021-01-25T07:44:39","guid":{"rendered":"http:\/\/opelonka.com\/?post_type=product&#038;p=4110"},"modified":"2021-01-25T07:44:39","modified_gmt":"2021-01-25T07:44:39","slug":"22858076-opel-astra-j-yol-bilgi-ekrani-cikma-orjinal","status":"publish","type":"product","link":"https:\/\/opelonka.com\/?product=22858076-opel-astra-j-yol-bilgi-ekrani-cikma-orjinal","title":{"rendered":"22858076 OPEL ASTRA J YOL B\u0130LG\u0130 EKRANI \u00c7IKMA ORJ\u0130NAL"},"content":{"rendered":"<p><img loading=\"lazy\" decoding=\"async\" class=\"alignnone size-medium wp-image-4109\" src=\"https:\/\/opelonka.com\/wp-content\/uploads\/2021\/01\/photo_2021-01-21_10-56-26-300x225.jpg\" alt=\"\" width=\"300\" height=\"225\" srcset=\"https:\/\/opelonka.com\/wp-content\/uploads\/2021\/01\/photo_2021-01-21_10-56-26-300x225.jpg 300w, https:\/\/opelonka.com\/wp-content\/uploads\/2021\/01\/photo_2021-01-21_10-56-26-1024x768.jpg 1024w, https:\/\/opelonka.com\/wp-content\/uploads\/2021\/01\/photo_2021-01-21_10-56-26-768x576.jpg 768w, https:\/\/opelonka.com\/wp-content\/uploads\/2021\/01\/photo_2021-01-21_10-56-26-600x450.jpg 600w, https:\/\/opelonka.com\/wp-content\/uploads\/2021\/01\/photo_2021-01-21_10-56-26-64x48.jpg 64w, https:\/\/opelonka.com\/wp-content\/uploads\/2021\/01\/photo_2021-01-21_10-56-26.jpg 1280w\" sizes=\"auto, (max-width: 300px) 100vw, 300px\" \/> <img loading=\"lazy\" decoding=\"async\" class=\"alignnone size-medium wp-image-4108\" src=\"https:\/\/opelonka.com\/wp-content\/uploads\/2021\/01\/photo_2021-01-21_10-56-23-300x225.jpg\" alt=\"\" width=\"300\" height=\"225\" srcset=\"https:\/\/opelonka.com\/wp-content\/uploads\/2021\/01\/photo_2021-01-21_10-56-23-300x225.jpg 300w, https:\/\/opelonka.com\/wp-content\/uploads\/2021\/01\/photo_2021-01-21_10-56-23-1024x768.jpg 1024w, https:\/\/opelonka.com\/wp-content\/uploads\/2021\/01\/photo_2021-01-21_10-56-23-768x576.jpg 768w, https:\/\/opelonka.com\/wp-content\/uploads\/2021\/01\/photo_2021-01-21_10-56-23-600x450.jpg 600w, https:\/\/opelonka.com\/wp-content\/uploads\/2021\/01\/photo_2021-01-21_10-56-23-64x48.jpg 64w, https:\/\/opelonka.com\/wp-content\/uploads\/2021\/01\/photo_2021-01-21_10-56-23-rotated.jpg 1280w\" sizes=\"auto, (max-width: 300px) 100vw, 300px\" \/> <img loading=\"lazy\" decoding=\"async\" class=\"alignnone size-medium wp-image-4107\" src=\"https:\/\/opelonka.com\/wp-content\/uploads\/2021\/01\/photo_2021-01-21_10-56-01-300x225.jpg\" alt=\"\" width=\"300\" height=\"225\" srcset=\"https:\/\/opelonka.com\/wp-content\/uploads\/2021\/01\/photo_2021-01-21_10-56-01-300x225.jpg 300w, https:\/\/opelonka.com\/wp-content\/uploads\/2021\/01\/photo_2021-01-21_10-56-01-1024x768.jpg 1024w, https:\/\/opelonka.com\/wp-content\/uploads\/2021\/01\/photo_2021-01-21_10-56-01-768x576.jpg 768w, https:\/\/opelonka.com\/wp-content\/uploads\/2021\/01\/photo_2021-01-21_10-56-01-600x450.jpg 600w, https:\/\/opelonka.com\/wp-content\/uploads\/2021\/01\/photo_2021-01-21_10-56-01-64x48.jpg 64w, https:\/\/opelonka.com\/wp-content\/uploads\/2021\/01\/photo_2021-01-21_10-56-01-rotated.jpg 1280w\" sizes=\"auto, (max-width: 300px) 100vw, 300px\" \/> <img loading=\"lazy\" decoding=\"async\" class=\"alignnone size-medium wp-image-4106\" src=\"https:\/\/opelonka.com\/wp-content\/uploads\/2021\/01\/photo_2021-01-21_10-55-59-300x225.jpg\" alt=\"\" width=\"300\" height=\"225\" srcset=\"https:\/\/opelonka.com\/wp-content\/uploads\/2021\/01\/photo_2021-01-21_10-55-59-300x225.jpg 300w, https:\/\/opelonka.com\/wp-content\/uploads\/2021\/01\/photo_2021-01-21_10-55-59-1024x768.jpg 1024w, https:\/\/opelonka.com\/wp-content\/uploads\/2021\/01\/photo_2021-01-21_10-55-59-768x576.jpg 768w, https:\/\/opelonka.com\/wp-content\/uploads\/2021\/01\/photo_2021-01-21_10-55-59-600x450.jpg 600w, https:\/\/opelonka.com\/wp-content\/uploads\/2021\/01\/photo_2021-01-21_10-55-59-64x48.jpg 64w, https:\/\/opelonka.com\/wp-content\/uploads\/2021\/01\/photo_2021-01-21_10-55-59.jpg 1280w\" sizes=\"auto, (max-width: 300px) 100vw, 300px\" \/><\/p>\n<p>22858076 OPEL ASTRA J YOL B\u0130LG\u0130 EKRANI \u00c7IKMA ORJ\u0130NAL<\/p>\n","protected":false},"excerpt":{"rendered":"<p>22858076 OPEL ASTRA J YOL B\u0130LG\u0130 EKRANI \u00c7IKMA ORJ\u0130NAL<\/p>\n","protected":false},"featured_media":4109,"comment_status":"open","ping_status":"closed","template":"","meta":[],"class_list":{"0":"post-4110","1":"product","2":"type-product","3":"status-publish","4":"has-post-thumbnail","6":"product_cat-opel","7":"product_cat-astra","8":"product_cat-astra-j","9":"product_cat-elektrikli-aksam-astra-j-astra","10":"product_cat-karoseri-ic-parcalar-astra-j","11":"product_tag-bilgi","12":"product_tag-cerceve","13":"product_tag-cikma","14":"product_tag-ekran","15":"product_tag-gm","16":"product_tag-havalandirma","17":"product_tag-kalorifer","18":"product_tag-kalorifer-havalandirma","19":"product_tag-klima","20":"product_tag-klima-kontrol","21":"product_tag-klima-kontrol-cerceve","22":"product_tag-klima-paneli","23":"product_tag-kontrol","24":"product_tag-kontrol-cerceve","25":"product_tag-muzul","26":"product_tag-opel","27":"product_tag-orjinal","28":"product_tag-panel","29":"product_tag-radyo","30":"product_tag-radyo-kontrol","31":"product_tag-radyo-kontrol-paneli","32":"product_tag-yol","33":"product_tag-yol-bilgi-ekrani","34":"badges-style-3","36":"first","37":"instock","38":"shipping-taxable","39":"product-type-simple"},"_links":{"self":[{"href":"https:\/\/opelonka.com\/index.php?rest_route=\/wp\/v2\/product\/4110","targetHints":{"allow":["GET"]}}],"collection":[{"href":"https:\/\/opelonka.com\/index.php?rest_route=\/wp\/v2\/product"}],"about":[{"href":"https:\/\/opelonka.com\/index.php?rest_route=\/wp\/v2\/types\/product"}],"replies":[{"embeddable":true,"href":"https:\/\/opelonka.com\/index.php?rest_route=%2Fwp%2Fv2%2Fcomments&post=4110"}],"wp:featuredmedia":[{"embeddable":true,"href":"https:\/\/opelonka.com\/index.php?rest_route=\/wp\/v2\/media\/4109"}],"wp:attachment":[{"href":"https:\/\/opelonka.com\/index.php?rest_route=%2Fwp%2Fv2%2Fmedia&parent=4110"}],"curies":[{"name":"wp","href":"https:\/\/api.w.org\/{rel}","templated":true}]}}