{"id":4073,"date":"2021-01-22T07:49:25","date_gmt":"2021-01-22T07:49:25","guid":{"rendered":"http:\/\/opelonka.com\/?post_type=product&#038;p=4073"},"modified":"2021-01-22T07:49:26","modified_gmt":"2021-01-22T07:49:26","slug":"13273252-oepl-astra-j-radyo-kontrol-paneli-cikma-orjinal","status":"publish","type":"product","link":"https:\/\/opelonka.com\/?product=13273252-oepl-astra-j-radyo-kontrol-paneli-cikma-orjinal","title":{"rendered":"13273252 OEPL ASTRA J RADYO KONTROL PANEL\u0130 \u00c7IKMA ORJ\u0130NAL"},"content":{"rendered":"<p><img loading=\"lazy\" decoding=\"async\" class=\"alignnone size-medium wp-image-4071\" src=\"https:\/\/opelonka.com\/wp-content\/uploads\/2021\/01\/photo_2021-01-21_11-01-02-300x225.jpg\" alt=\"\" width=\"300\" height=\"225\" srcset=\"https:\/\/opelonka.com\/wp-content\/uploads\/2021\/01\/photo_2021-01-21_11-01-02-300x225.jpg 300w, https:\/\/opelonka.com\/wp-content\/uploads\/2021\/01\/photo_2021-01-21_11-01-02-1024x768.jpg 1024w, https:\/\/opelonka.com\/wp-content\/uploads\/2021\/01\/photo_2021-01-21_11-01-02-768x576.jpg 768w, https:\/\/opelonka.com\/wp-content\/uploads\/2021\/01\/photo_2021-01-21_11-01-02-600x450.jpg 600w, https:\/\/opelonka.com\/wp-content\/uploads\/2021\/01\/photo_2021-01-21_11-01-02-64x48.jpg 64w, https:\/\/opelonka.com\/wp-content\/uploads\/2021\/01\/photo_2021-01-21_11-01-02.jpg 1280w\" sizes=\"auto, (max-width: 300px) 100vw, 300px\" \/> <img loading=\"lazy\" decoding=\"async\" class=\"alignnone size-medium wp-image-4070\" src=\"https:\/\/opelonka.com\/wp-content\/uploads\/2021\/01\/photo_2021-01-21_11-00-59-300x225.jpg\" alt=\"\" width=\"300\" height=\"225\" srcset=\"https:\/\/opelonka.com\/wp-content\/uploads\/2021\/01\/photo_2021-01-21_11-00-59-300x225.jpg 300w, https:\/\/opelonka.com\/wp-content\/uploads\/2021\/01\/photo_2021-01-21_11-00-59-1024x768.jpg 1024w, https:\/\/opelonka.com\/wp-content\/uploads\/2021\/01\/photo_2021-01-21_11-00-59-768x576.jpg 768w, https:\/\/opelonka.com\/wp-content\/uploads\/2021\/01\/photo_2021-01-21_11-00-59-600x450.jpg 600w, https:\/\/opelonka.com\/wp-content\/uploads\/2021\/01\/photo_2021-01-21_11-00-59-64x48.jpg 64w, https:\/\/opelonka.com\/wp-content\/uploads\/2021\/01\/photo_2021-01-21_11-00-59.jpg 1280w\" sizes=\"auto, (max-width: 300px) 100vw, 300px\" \/> <img loading=\"lazy\" decoding=\"async\" class=\"alignnone size-medium wp-image-4069\" src=\"https:\/\/opelonka.com\/wp-content\/uploads\/2021\/01\/photo_2021-01-21_11-00-57-225x300.jpg\" alt=\"\" width=\"225\" height=\"300\" srcset=\"https:\/\/opelonka.com\/wp-content\/uploads\/2021\/01\/photo_2021-01-21_11-00-57-225x300.jpg 225w, https:\/\/opelonka.com\/wp-content\/uploads\/2021\/01\/photo_2021-01-21_11-00-57-768x1024.jpg 768w, https:\/\/opelonka.com\/wp-content\/uploads\/2021\/01\/photo_2021-01-21_11-00-57-600x800.jpg 600w, https:\/\/opelonka.com\/wp-content\/uploads\/2021\/01\/photo_2021-01-21_11-00-57-64x85.jpg 64w, https:\/\/opelonka.com\/wp-content\/uploads\/2021\/01\/photo_2021-01-21_11-00-57.jpg 960w\" sizes=\"auto, (max-width: 225px) 100vw, 225px\" \/> <img loading=\"lazy\" decoding=\"async\" class=\"alignnone size-medium wp-image-4068\" src=\"https:\/\/opelonka.com\/wp-content\/uploads\/2021\/01\/photo_2021-01-21_11-00-54-300x225.jpg\" alt=\"\" width=\"300\" height=\"225\" srcset=\"https:\/\/opelonka.com\/wp-content\/uploads\/2021\/01\/photo_2021-01-21_11-00-54-300x225.jpg 300w, https:\/\/opelonka.com\/wp-content\/uploads\/2021\/01\/photo_2021-01-21_11-00-54-1024x768.jpg 1024w, https:\/\/opelonka.com\/wp-content\/uploads\/2021\/01\/photo_2021-01-21_11-00-54-768x576.jpg 768w, https:\/\/opelonka.com\/wp-content\/uploads\/2021\/01\/photo_2021-01-21_11-00-54-600x450.jpg 600w, https:\/\/opelonka.com\/wp-content\/uploads\/2021\/01\/photo_2021-01-21_11-00-54-64x48.jpg 64w, https:\/\/opelonka.com\/wp-content\/uploads\/2021\/01\/photo_2021-01-21_11-00-54.jpg 1280w\" sizes=\"auto, (max-width: 300px) 100vw, 300px\" \/><\/p>\n<p>13273252 OEPL ASTRA J RADYO KONTROL PANEL\u0130 \u00c7IKMA ORJ\u0130NAL<\/p>\n","protected":false},"excerpt":{"rendered":"<p>13273252 OEPL ASTRA J RADYO KONTROL PANEL\u0130 \u00c7IKMA ORJ\u0130NAL<\/p>\n","protected":false},"featured_media":4070,"comment_status":"open","ping_status":"closed","template":"","meta":[],"class_list":{"0":"post-4073","1":"product","2":"type-product","3":"status-publish","4":"has-post-thumbnail","6":"product_cat-opel","7":"product_cat-astra","8":"product_cat-astra-j","9":"product_cat-elektrikli-aksam-astra-j-astra","10":"product_cat-karoseri-ic-parcalar-astra-j","11":"product_tag-bilgi","12":"product_tag-cerceve","13":"product_tag-cikma","14":"product_tag-ekran","15":"product_tag-gm","16":"product_tag-havalandirma","17":"product_tag-kalorifer","18":"product_tag-kalorifer-havalandirma","19":"product_tag-klima","20":"product_tag-klima-kontrol","21":"product_tag-klima-kontrol-cerceve","22":"product_tag-klima-paneli","23":"product_tag-kontrol","24":"product_tag-kontrol-cerceve","25":"product_tag-muzul","26":"product_tag-opel","27":"product_tag-orjinal","28":"product_tag-panel","29":"product_tag-radyo","30":"product_tag-radyo-kontrol","31":"product_tag-radyo-kontrol-paneli","32":"product_tag-yol","33":"product_tag-yol-bilgi-ekrani","34":"badges-style-3","36":"first","37":"instock","38":"shipping-taxable","39":"product-type-simple"},"_links":{"self":[{"href":"https:\/\/opelonka.com\/index.php?rest_route=\/wp\/v2\/product\/4073","targetHints":{"allow":["GET"]}}],"collection":[{"href":"https:\/\/opelonka.com\/index.php?rest_route=\/wp\/v2\/product"}],"about":[{"href":"https:\/\/opelonka.com\/index.php?rest_route=\/wp\/v2\/types\/product"}],"replies":[{"embeddable":true,"href":"https:\/\/opelonka.com\/index.php?rest_route=%2Fwp%2Fv2%2Fcomments&post=4073"}],"wp:featuredmedia":[{"embeddable":true,"href":"https:\/\/opelonka.com\/index.php?rest_route=\/wp\/v2\/media\/4070"}],"wp:attachment":[{"href":"https:\/\/opelonka.com\/index.php?rest_route=%2Fwp%2Fv2%2Fmedia&parent=4073"}],"curies":[{"name":"wp","href":"https:\/\/api.w.org\/{rel}","templated":true}]}}