{"id":4052,"date":"2021-01-22T06:57:14","date_gmt":"2021-01-22T06:57:14","guid":{"rendered":"http:\/\/opelonka.com\/?post_type=product&#038;p=4052"},"modified":"2024-08-19T15:16:39","modified_gmt":"2024-08-19T15:16:39","slug":"13141091-opel-astra-h-orta-gogus-cercevesi-cikma-orjinal","status":"publish","type":"product","link":"https:\/\/opelonka.com\/?product=13141091-opel-astra-h-orta-gogus-cercevesi-cikma-orjinal","title":{"rendered":"13141091 OPEL ASTRA H ORTA G\u00d6\u011e\u00dcS \u00c7ER\u00c7EVES\u0130 \u00c7IKMA ORJ\u0130NAL"},"content":{"rendered":"<p><img loading=\"lazy\" decoding=\"async\" class=\"alignnone size-medium wp-image-4050\" src=\"https:\/\/opelonka.com\/wp-content\/uploads\/2021\/01\/photo_2021-01-21_10-59-21-225x300.jpg\" alt=\"\" width=\"225\" height=\"300\" srcset=\"https:\/\/opelonka.com\/wp-content\/uploads\/2021\/01\/photo_2021-01-21_10-59-21-225x300.jpg 225w, https:\/\/opelonka.com\/wp-content\/uploads\/2021\/01\/photo_2021-01-21_10-59-21-768x1024.jpg 768w, https:\/\/opelonka.com\/wp-content\/uploads\/2021\/01\/photo_2021-01-21_10-59-21-600x800.jpg 600w, https:\/\/opelonka.com\/wp-content\/uploads\/2021\/01\/photo_2021-01-21_10-59-21-64x85.jpg 64w, https:\/\/opelonka.com\/wp-content\/uploads\/2021\/01\/photo_2021-01-21_10-59-21.jpg 960w\" sizes=\"auto, (max-width: 225px) 100vw, 225px\" \/> <img loading=\"lazy\" decoding=\"async\" class=\"alignnone size-medium wp-image-4049\" src=\"https:\/\/opelonka.com\/wp-content\/uploads\/2021\/01\/photo_2021-01-21_10-59-18-300x225.jpg\" alt=\"\" width=\"300\" height=\"225\" srcset=\"https:\/\/opelonka.com\/wp-content\/uploads\/2021\/01\/photo_2021-01-21_10-59-18-300x225.jpg 300w, https:\/\/opelonka.com\/wp-content\/uploads\/2021\/01\/photo_2021-01-21_10-59-18-1024x768.jpg 1024w, https:\/\/opelonka.com\/wp-content\/uploads\/2021\/01\/photo_2021-01-21_10-59-18-768x576.jpg 768w, https:\/\/opelonka.com\/wp-content\/uploads\/2021\/01\/photo_2021-01-21_10-59-18-600x450.jpg 600w, https:\/\/opelonka.com\/wp-content\/uploads\/2021\/01\/photo_2021-01-21_10-59-18-64x48.jpg 64w, https:\/\/opelonka.com\/wp-content\/uploads\/2021\/01\/photo_2021-01-21_10-59-18.jpg 1280w\" sizes=\"auto, (max-width: 300px) 100vw, 300px\" \/> <img loading=\"lazy\" decoding=\"async\" class=\"alignnone size-medium wp-image-4048\" src=\"https:\/\/opelonka.com\/wp-content\/uploads\/2021\/01\/photo_2021-01-21_10-59-16-300x225.jpg\" alt=\"\" width=\"300\" height=\"225\" srcset=\"https:\/\/opelonka.com\/wp-content\/uploads\/2021\/01\/photo_2021-01-21_10-59-16-300x225.jpg 300w, https:\/\/opelonka.com\/wp-content\/uploads\/2021\/01\/photo_2021-01-21_10-59-16-1024x768.jpg 1024w, https:\/\/opelonka.com\/wp-content\/uploads\/2021\/01\/photo_2021-01-21_10-59-16-768x576.jpg 768w, https:\/\/opelonka.com\/wp-content\/uploads\/2021\/01\/photo_2021-01-21_10-59-16-600x450.jpg 600w, https:\/\/opelonka.com\/wp-content\/uploads\/2021\/01\/photo_2021-01-21_10-59-16-64x48.jpg 64w, https:\/\/opelonka.com\/wp-content\/uploads\/2021\/01\/photo_2021-01-21_10-59-16.jpg 1280w\" sizes=\"auto, (max-width: 300px) 100vw, 300px\" \/> <img loading=\"lazy\" decoding=\"async\" class=\"alignnone size-medium wp-image-4047\" src=\"https:\/\/opelonka.com\/wp-content\/uploads\/2021\/01\/photo_2021-01-21_10-59-12-300x225.jpg\" alt=\"\" width=\"300\" height=\"225\" srcset=\"https:\/\/opelonka.com\/wp-content\/uploads\/2021\/01\/photo_2021-01-21_10-59-12-300x225.jpg 300w, https:\/\/opelonka.com\/wp-content\/uploads\/2021\/01\/photo_2021-01-21_10-59-12-1024x768.jpg 1024w, https:\/\/opelonka.com\/wp-content\/uploads\/2021\/01\/photo_2021-01-21_10-59-12-768x576.jpg 768w, https:\/\/opelonka.com\/wp-content\/uploads\/2021\/01\/photo_2021-01-21_10-59-12-600x450.jpg 600w, https:\/\/opelonka.com\/wp-content\/uploads\/2021\/01\/photo_2021-01-21_10-59-12-64x48.jpg 64w, https:\/\/opelonka.com\/wp-content\/uploads\/2021\/01\/photo_2021-01-21_10-59-12.jpg 1280w\" sizes=\"auto, (max-width: 300px) 100vw, 300px\" \/> <img loading=\"lazy\" decoding=\"async\" class=\"alignnone size-medium wp-image-4046\" src=\"https:\/\/opelonka.com\/wp-content\/uploads\/2021\/01\/photo_2021-01-21_10-59-10-300x225.jpg\" alt=\"\" width=\"300\" height=\"225\" srcset=\"https:\/\/opelonka.com\/wp-content\/uploads\/2021\/01\/photo_2021-01-21_10-59-10-300x225.jpg 300w, https:\/\/opelonka.com\/wp-content\/uploads\/2021\/01\/photo_2021-01-21_10-59-10-1024x768.jpg 1024w, https:\/\/opelonka.com\/wp-content\/uploads\/2021\/01\/photo_2021-01-21_10-59-10-768x576.jpg 768w, https:\/\/opelonka.com\/wp-content\/uploads\/2021\/01\/photo_2021-01-21_10-59-10-600x450.jpg 600w, https:\/\/opelonka.com\/wp-content\/uploads\/2021\/01\/photo_2021-01-21_10-59-10-64x48.jpg 64w, https:\/\/opelonka.com\/wp-content\/uploads\/2021\/01\/photo_2021-01-21_10-59-10.jpg 1280w\" sizes=\"auto, (max-width: 300px) 100vw, 300px\" \/> <img loading=\"lazy\" decoding=\"async\" class=\"alignnone size-medium wp-image-4045\" src=\"https:\/\/opelonka.com\/wp-content\/uploads\/2021\/01\/photo_2021-01-21_10-58-15-225x300.jpg\" alt=\"\" width=\"225\" height=\"300\" srcset=\"https:\/\/opelonka.com\/wp-content\/uploads\/2021\/01\/photo_2021-01-21_10-58-15-225x300.jpg 225w, https:\/\/opelonka.com\/wp-content\/uploads\/2021\/01\/photo_2021-01-21_10-58-15-768x1024.jpg 768w, https:\/\/opelonka.com\/wp-content\/uploads\/2021\/01\/photo_2021-01-21_10-58-15-600x800.jpg 600w, https:\/\/opelonka.com\/wp-content\/uploads\/2021\/01\/photo_2021-01-21_10-58-15-64x85.jpg 64w, https:\/\/opelonka.com\/wp-content\/uploads\/2021\/01\/photo_2021-01-21_10-58-15.jpg 960w\" sizes=\"auto, (max-width: 225px) 100vw, 225px\" \/><\/p>\n<p>13141091 OPEL ASTRA H ORTA\u00a0 TORP\u0130DO \u00c7ER\u00c7EVES\u0130 \u00c7IKMA ORJ\u0130NAL<\/p>\n<p>13141091 OPEL ASTRA H ORTA G\u00d6\u011e\u00dcS \u00c7ER\u00c7EVES\u0130 \u00c7IKMA ORJ\u0130NAL<\/p>\n<p>13141091 OPEL ASTRA H KL\u0130MA KONTROL PANEL\u0130 \u00c7ER\u00c7EVES\u0130 \u00c7IKMA ORJ\u0130NAL<\/p>\n<p>13141091 OPEL ASTRA H D\u00d6RTL\u00dc D\u00dc\u011eMELER\u0130N OLDU\u011eU \u00c7ER\u00c7EVES\u0130 \u00c7IKMA ORJ\u0130NAL<\/p>\n<p>13141091 OPEL ASTRA H RADYO \u00c7ER\u00c7EVES\u0130 \u00c7IKMA ORJ\u0130NAL<\/p>\n<p>13141091 OPEL ASTRA H RADYO KONROL \u00c7ER\u00c7EVES\u0130 \u00c7IKMA ORJ\u0130NAL<\/p>\n<p>13141091 OPEL ASTRA H KL\u0130MA KONTROL\u00a0 \u00c7ER\u00c7EVES\u0130 \u00c7IKMA ORJ\u0130NAL<\/p>\n","protected":false},"excerpt":{"rendered":"<p>13141091 OPEL ASTRA H ORTA\u00a0 TORP\u0130DO \u00c7ER\u00c7EVES\u0130 \u00c7IKMA ORJ\u0130NAL<\/p>\n<p>13141091 OPEL ASTRA H ORTA G\u00d6\u011e\u00dcS \u00c7ER\u00c7EVES\u0130 \u00c7IKMA ORJ\u0130NAL<\/p>\n<p>13141091 OPEL ASTRA H KL\u0130MA KONTROL PANEL\u0130 \u00c7ER\u00c7EVES\u0130 \u00c7IKMA ORJ\u0130NAL<\/p>\n<p>13141091 OPEL ASTRA H D\u00d6RTL\u00dc D\u00dc\u011eMELER\u0130N OLDU\u011eU \u00c7ER\u00c7EVES\u0130 \u00c7IKMA ORJ\u0130NAL<\/p>\n<p>13141091 OPEL ASTRA H RADYO \u00c7ER\u00c7EVES\u0130 \u00c7IKMA ORJ\u0130NAL<\/p>\n<p>13141091 OPEL ASTRA H RADYO KONROL \u00c7ER\u00c7EVES\u0130 \u00c7IKMA ORJ\u0130NAL<\/p>\n<p>13141091 OPEL ASTRA H KL\u0130MA KONTROL\u00a0 \u00c7ER\u00c7EVES\u0130 \u00c7IKMA ORJ\u0130NAL<\/p>\n","protected":false},"featured_media":4050,"comment_status":"open","ping_status":"closed","template":"","meta":[],"class_list":{"0":"post-4052","1":"product","2":"type-product","3":"status-publish","4":"has-post-thumbnail","6":"product_cat-opel","7":"product_cat-astra","8":"product_cat-astra-h","9":"product_cat-karoseri-ic-parcalar-astra-h","10":"product_tag-bilgi","11":"product_tag-cerceve","12":"product_tag-cikma","13":"product_tag-ekran","14":"product_tag-gm","15":"product_tag-havalandirma","16":"product_tag-kalorifer","17":"product_tag-kalorifer-havalandirma","18":"product_tag-klima","19":"product_tag-klima-kontrol","20":"product_tag-klima-kontrol-cerceve","21":"product_tag-klima-paneli","22":"product_tag-kontrol","23":"product_tag-kontrol-cerceve","24":"product_tag-muzul","25":"product_tag-opel","26":"product_tag-orjinal","27":"product_tag-orta","28":"product_tag-orta-gogus","29":"product_tag-orta-torpido","30":"product_tag-panel","31":"product_tag-radyo","32":"product_tag-radyo-kontrol","33":"product_tag-radyo-kontrol-paneli","34":"product_tag-torpido","35":"product_tag-yol","36":"product_tag-yol-bilgi-ekrani","37":"badges-style-3","39":"first","40":"instock","41":"shipping-taxable","42":"product-type-simple"},"_links":{"self":[{"href":"https:\/\/opelonka.com\/index.php?rest_route=\/wp\/v2\/product\/4052","targetHints":{"allow":["GET"]}}],"collection":[{"href":"https:\/\/opelonka.com\/index.php?rest_route=\/wp\/v2\/product"}],"about":[{"href":"https:\/\/opelonka.com\/index.php?rest_route=\/wp\/v2\/types\/product"}],"replies":[{"embeddable":true,"href":"https:\/\/opelonka.com\/index.php?rest_route=%2Fwp%2Fv2%2Fcomments&post=4052"}],"wp:featuredmedia":[{"embeddable":true,"href":"https:\/\/opelonka.com\/index.php?rest_route=\/wp\/v2\/media\/4050"}],"wp:attachment":[{"href":"https:\/\/opelonka.com\/index.php?rest_route=%2Fwp%2Fv2%2Fmedia&parent=4052"}],"curies":[{"name":"wp","href":"https:\/\/api.w.org\/{rel}","templated":true}]}}