{"id":4028,"date":"2021-01-21T15:04:04","date_gmt":"2021-01-21T15:04:04","guid":{"rendered":"http:\/\/opelonka.com\/?post_type=product&#038;p=4028"},"modified":"2021-01-21T15:04:05","modified_gmt":"2021-01-21T15:04:05","slug":"opel-meriva-yol-bilgi-ekrani-ust-kapagi","status":"publish","type":"product","link":"https:\/\/opelonka.com\/?product=opel-meriva-yol-bilgi-ekrani-ust-kapagi","title":{"rendered":"OPEL MER\u0130VA YOL B\u0130LG\u0130 EKRANI \u00dcST KAPA\u011eI"},"content":{"rendered":"<p><img loading=\"lazy\" decoding=\"async\" class=\"alignnone size-medium wp-image-4027\" src=\"https:\/\/opelonka.com\/wp-content\/uploads\/2021\/01\/photo_2021-01-21_10-57-15-300x225.jpg\" alt=\"\" width=\"300\" height=\"225\" srcset=\"https:\/\/opelonka.com\/wp-content\/uploads\/2021\/01\/photo_2021-01-21_10-57-15-300x225.jpg 300w, https:\/\/opelonka.com\/wp-content\/uploads\/2021\/01\/photo_2021-01-21_10-57-15-1024x768.jpg 1024w, https:\/\/opelonka.com\/wp-content\/uploads\/2021\/01\/photo_2021-01-21_10-57-15-768x576.jpg 768w, https:\/\/opelonka.com\/wp-content\/uploads\/2021\/01\/photo_2021-01-21_10-57-15-600x450.jpg 600w, https:\/\/opelonka.com\/wp-content\/uploads\/2021\/01\/photo_2021-01-21_10-57-15-64x48.jpg 64w, https:\/\/opelonka.com\/wp-content\/uploads\/2021\/01\/photo_2021-01-21_10-57-15.jpg 1280w\" sizes=\"auto, (max-width: 300px) 100vw, 300px\" \/> <img loading=\"lazy\" decoding=\"async\" class=\"alignnone size-medium wp-image-4026\" src=\"https:\/\/opelonka.com\/wp-content\/uploads\/2021\/01\/photo_2021-01-21_10-57-12-300x225.jpg\" alt=\"\" width=\"300\" height=\"225\" srcset=\"https:\/\/opelonka.com\/wp-content\/uploads\/2021\/01\/photo_2021-01-21_10-57-12-300x225.jpg 300w, https:\/\/opelonka.com\/wp-content\/uploads\/2021\/01\/photo_2021-01-21_10-57-12-1024x768.jpg 1024w, https:\/\/opelonka.com\/wp-content\/uploads\/2021\/01\/photo_2021-01-21_10-57-12-768x576.jpg 768w, https:\/\/opelonka.com\/wp-content\/uploads\/2021\/01\/photo_2021-01-21_10-57-12-600x450.jpg 600w, https:\/\/opelonka.com\/wp-content\/uploads\/2021\/01\/photo_2021-01-21_10-57-12-64x48.jpg 64w, https:\/\/opelonka.com\/wp-content\/uploads\/2021\/01\/photo_2021-01-21_10-57-12.jpg 1280w\" sizes=\"auto, (max-width: 300px) 100vw, 300px\" \/> <img loading=\"lazy\" decoding=\"async\" class=\"alignnone size-medium wp-image-4025\" src=\"https:\/\/opelonka.com\/wp-content\/uploads\/2021\/01\/photo_2021-01-21_10-57-10-300x225.jpg\" alt=\"\" width=\"300\" height=\"225\" srcset=\"https:\/\/opelonka.com\/wp-content\/uploads\/2021\/01\/photo_2021-01-21_10-57-10-300x225.jpg 300w, https:\/\/opelonka.com\/wp-content\/uploads\/2021\/01\/photo_2021-01-21_10-57-10-1024x768.jpg 1024w, https:\/\/opelonka.com\/wp-content\/uploads\/2021\/01\/photo_2021-01-21_10-57-10-768x576.jpg 768w, https:\/\/opelonka.com\/wp-content\/uploads\/2021\/01\/photo_2021-01-21_10-57-10-600x450.jpg 600w, https:\/\/opelonka.com\/wp-content\/uploads\/2021\/01\/photo_2021-01-21_10-57-10-64x48.jpg 64w, https:\/\/opelonka.com\/wp-content\/uploads\/2021\/01\/photo_2021-01-21_10-57-10.jpg 1280w\" sizes=\"auto, (max-width: 300px) 100vw, 300px\" \/><\/p>\n<p>OPEL MER\u0130VA YOL B\u0130LG\u0130 EKRANI \u00dcST KAPA\u011eI \u00c7IKMA ORJ\u0130NAL<\/p>\n<p>OPEL MER\u0130VA TORP\u0130DO ORTA \u00dcST KAPAK \u00c7IKMA ORJ\u0130NAL<\/p>\n<p>OPEL MER\u0130VA KONSOL \u00dcST PLAST\u0130\u011e\u0130 \u00c7IKMA ORJ\u0130NAL<\/p>\n<p>&nbsp;<\/p>\n","protected":false},"excerpt":{"rendered":"<p>OPEL MER\u0130VA YOL B\u0130LG\u0130 EKRANI \u00dcST KAPA\u011eI \u00c7IKMA ORJ\u0130NAL<\/p>\n<p>OPEL MER\u0130VA TORP\u0130DO ORTA \u00dcST KAPAK \u00c7IKMA ORJ\u0130NAL<\/p>\n<p>OPEL MER\u0130VA KONSOL \u00dcST PLAST\u0130\u011e\u0130 \u00c7IKMA ORJ\u0130NAL<\/p>\n<p>&nbsp;<\/p>\n","protected":false},"featured_media":4027,"comment_status":"open","ping_status":"closed","template":"","meta":[],"class_list":{"0":"post-4028","1":"product","2":"type-product","3":"status-publish","4":"has-post-thumbnail","6":"product_cat-opel","7":"product_cat-karoseri-ic-parcalar-meriva-a","8":"product_cat-karoseri-ic-trim-meriva-a","9":"product_cat-meriva","10":"product_cat-meriva-a","11":"product_tag-bilgi","12":"product_tag-cerceve","13":"product_tag-cikma","14":"product_tag-ekran","15":"product_tag-gm","16":"product_tag-havalandirma","17":"product_tag-klima","18":"product_tag-klima-kontrol","19":"product_tag-klima-kontrol-cerceve","20":"product_tag-klima-paneli","21":"product_tag-kontrol","22":"product_tag-kontrol-cerceve","23":"product_tag-muzul","24":"product_tag-opel","25":"product_tag-orjinal","26":"product_tag-panel","27":"product_tag-radyo","28":"product_tag-radyo-kontrol","29":"product_tag-radyo-kontrol-paneli","30":"product_tag-yol","31":"product_tag-yol-bilgi-ekrani","32":"badges-style-3","34":"first","35":"instock","36":"shipping-taxable","37":"product-type-simple"},"_links":{"self":[{"href":"https:\/\/opelonka.com\/index.php?rest_route=\/wp\/v2\/product\/4028","targetHints":{"allow":["GET"]}}],"collection":[{"href":"https:\/\/opelonka.com\/index.php?rest_route=\/wp\/v2\/product"}],"about":[{"href":"https:\/\/opelonka.com\/index.php?rest_route=\/wp\/v2\/types\/product"}],"replies":[{"embeddable":true,"href":"https:\/\/opelonka.com\/index.php?rest_route=%2Fwp%2Fv2%2Fcomments&post=4028"}],"wp:featuredmedia":[{"embeddable":true,"href":"https:\/\/opelonka.com\/index.php?rest_route=\/wp\/v2\/media\/4027"}],"wp:attachment":[{"href":"https:\/\/opelonka.com\/index.php?rest_route=%2Fwp%2Fv2%2Fmedia&parent=4028"}],"curies":[{"name":"wp","href":"https:\/\/api.w.org\/{rel}","templated":true}]}}