{"id":4001,"date":"2021-01-21T13:28:58","date_gmt":"2021-01-21T13:28:58","guid":{"rendered":"http:\/\/opelonka.com\/?post_type=product&#038;p=4001"},"modified":"2021-01-21T13:28:59","modified_gmt":"2021-01-21T13:28:59","slug":"13360098-astra-j-meriva-b-klima-kontrol-paneli-sifir-orjinal","status":"publish","type":"product","link":"https:\/\/opelonka.com\/?product=13360098-astra-j-meriva-b-klima-kontrol-paneli-sifir-orjinal","title":{"rendered":"13360098 ASTRA J MER\u0130VA B KL\u0130MA KONTROL PANEL\u0130 SIFIR ORJ\u0130NAL"},"content":{"rendered":"<p><img loading=\"lazy\" decoding=\"async\" class=\"alignnone size-medium wp-image-4000\" src=\"https:\/\/opelonka.com\/wp-content\/uploads\/2021\/01\/photo_2021-01-21_12-04-00-225x300.jpg\" alt=\"\" width=\"225\" height=\"300\" srcset=\"https:\/\/opelonka.com\/wp-content\/uploads\/2021\/01\/photo_2021-01-21_12-04-00-225x300.jpg 225w, https:\/\/opelonka.com\/wp-content\/uploads\/2021\/01\/photo_2021-01-21_12-04-00-768x1024.jpg 768w, https:\/\/opelonka.com\/wp-content\/uploads\/2021\/01\/photo_2021-01-21_12-04-00-600x800.jpg 600w, https:\/\/opelonka.com\/wp-content\/uploads\/2021\/01\/photo_2021-01-21_12-04-00-64x85.jpg 64w, https:\/\/opelonka.com\/wp-content\/uploads\/2021\/01\/photo_2021-01-21_12-04-00.jpg 960w\" sizes=\"auto, (max-width: 225px) 100vw, 225px\" \/> <img loading=\"lazy\" decoding=\"async\" class=\"alignnone size-medium wp-image-3999\" src=\"https:\/\/opelonka.com\/wp-content\/uploads\/2021\/01\/photo_2021-01-21_12-03-56-225x300.jpg\" alt=\"\" width=\"225\" height=\"300\" srcset=\"https:\/\/opelonka.com\/wp-content\/uploads\/2021\/01\/photo_2021-01-21_12-03-56-225x300.jpg 225w, https:\/\/opelonka.com\/wp-content\/uploads\/2021\/01\/photo_2021-01-21_12-03-56-768x1024.jpg 768w, https:\/\/opelonka.com\/wp-content\/uploads\/2021\/01\/photo_2021-01-21_12-03-56-600x800.jpg 600w, https:\/\/opelonka.com\/wp-content\/uploads\/2021\/01\/photo_2021-01-21_12-03-56-64x85.jpg 64w, https:\/\/opelonka.com\/wp-content\/uploads\/2021\/01\/photo_2021-01-21_12-03-56.jpg 960w\" sizes=\"auto, (max-width: 225px) 100vw, 225px\" \/> <img loading=\"lazy\" decoding=\"async\" class=\"alignnone size-medium wp-image-3998\" src=\"https:\/\/opelonka.com\/wp-content\/uploads\/2021\/01\/photo_2021-01-21_12-03-51-225x300.jpg\" alt=\"\" width=\"225\" height=\"300\" srcset=\"https:\/\/opelonka.com\/wp-content\/uploads\/2021\/01\/photo_2021-01-21_12-03-51-225x300.jpg 225w, https:\/\/opelonka.com\/wp-content\/uploads\/2021\/01\/photo_2021-01-21_12-03-51-768x1024.jpg 768w, https:\/\/opelonka.com\/wp-content\/uploads\/2021\/01\/photo_2021-01-21_12-03-51-600x800.jpg 600w, https:\/\/opelonka.com\/wp-content\/uploads\/2021\/01\/photo_2021-01-21_12-03-51-64x85.jpg 64w, https:\/\/opelonka.com\/wp-content\/uploads\/2021\/01\/photo_2021-01-21_12-03-51.jpg 960w\" sizes=\"auto, (max-width: 225px) 100vw, 225px\" \/><\/p>\n<p>13360098 ASTRA J MER\u0130VA B KL\u0130MA KONTROL PANEL\u0130 SIFIR ORJ\u0130NAL<\/p>\n","protected":false},"excerpt":{"rendered":"<p>13360098 ASTRA J MER\u0130VA B KL\u0130MA KONTROL PANEL\u0130 SIFIR ORJ\u0130NAL<\/p>\n<p>ANALOG KL\u0130MA KONTROL PANEL\u0130 ASTRA J<\/p>\n<p>ANALOG KL\u0130MA KONTROL PANEL\u0130 MER\u0130VA B<\/p>\n","protected":false},"featured_media":3999,"comment_status":"open","ping_status":"closed","template":"","meta":[],"class_list":{"0":"post-4001","1":"product","2":"type-product","3":"status-publish","4":"has-post-thumbnail","6":"product_cat-opel","7":"product_cat-astra","8":"product_cat-astra-j","9":"product_cat-karoseri-ic-parcalar-astra-j","10":"product_cat-karoseri-ic-parcalar-meriva-b","11":"product_cat-meriva","12":"product_cat-meriva-b","13":"product_tag-analog","14":"product_tag-bilgi","15":"product_tag-cerceve","16":"product_tag-cikma","17":"product_tag-ekran","18":"product_tag-gm","19":"product_tag-havalandirma","20":"product_tag-klima","21":"product_tag-klima-kontrol","22":"product_tag-klima-kontrol-cerceve","23":"product_tag-klima-paneli","24":"product_tag-kontrol","25":"product_tag-kontrol-cerceve","26":"product_tag-muzul","27":"product_tag-opel","28":"product_tag-orjinal","29":"product_tag-panel","30":"product_tag-radyo","31":"product_tag-radyo-kontrol","32":"product_tag-radyo-kontrol-paneli","33":"product_tag-yol","34":"product_tag-yol-bilgi-ekrani","35":"badges-style-3","37":"first","38":"instock","39":"shipping-taxable","40":"product-type-simple"},"_links":{"self":[{"href":"https:\/\/opelonka.com\/index.php?rest_route=\/wp\/v2\/product\/4001","targetHints":{"allow":["GET"]}}],"collection":[{"href":"https:\/\/opelonka.com\/index.php?rest_route=\/wp\/v2\/product"}],"about":[{"href":"https:\/\/opelonka.com\/index.php?rest_route=\/wp\/v2\/types\/product"}],"replies":[{"embeddable":true,"href":"https:\/\/opelonka.com\/index.php?rest_route=%2Fwp%2Fv2%2Fcomments&post=4001"}],"wp:featuredmedia":[{"embeddable":true,"href":"https:\/\/opelonka.com\/index.php?rest_route=\/wp\/v2\/media\/3999"}],"wp:attachment":[{"href":"https:\/\/opelonka.com\/index.php?rest_route=%2Fwp%2Fv2%2Fmedia&parent=4001"}],"curies":[{"name":"wp","href":"https:\/\/api.w.org\/{rel}","templated":true}]}}