{"id":3921,"date":"2021-01-20T12:25:30","date_gmt":"2021-01-20T12:25:30","guid":{"rendered":"http:\/\/opelonka.com\/?post_type=product&#038;p=3921"},"modified":"2021-01-20T12:25:30","modified_gmt":"2021-01-20T12:25:30","slug":"90493818-opel-omega-b-km-saati-gosterge-paneli-cikma-orjinal","status":"publish","type":"product","link":"https:\/\/opelonka.com\/?product=90493818-opel-omega-b-km-saati-gosterge-paneli-cikma-orjinal","title":{"rendered":"90493818 OPEL OMEGA B KM SAAT\u0130 G\u00d6STERGE PANEL\u0130 \u00c7IKMA ORJ\u0130NAL"},"content":{"rendered":"<p><img loading=\"lazy\" decoding=\"async\" class=\"alignnone size-medium wp-image-3920\" src=\"https:\/\/opelonka.com\/wp-content\/uploads\/2021\/01\/photo_2021-01-20_11-33-27-300x225.jpg\" alt=\"\" width=\"300\" height=\"225\" srcset=\"https:\/\/opelonka.com\/wp-content\/uploads\/2021\/01\/photo_2021-01-20_11-33-27-300x225.jpg 300w, https:\/\/opelonka.com\/wp-content\/uploads\/2021\/01\/photo_2021-01-20_11-33-27-1024x768.jpg 1024w, https:\/\/opelonka.com\/wp-content\/uploads\/2021\/01\/photo_2021-01-20_11-33-27-768x576.jpg 768w, https:\/\/opelonka.com\/wp-content\/uploads\/2021\/01\/photo_2021-01-20_11-33-27-600x450.jpg 600w, https:\/\/opelonka.com\/wp-content\/uploads\/2021\/01\/photo_2021-01-20_11-33-27-64x48.jpg 64w, https:\/\/opelonka.com\/wp-content\/uploads\/2021\/01\/photo_2021-01-20_11-33-27.jpg 1280w\" sizes=\"auto, (max-width: 300px) 100vw, 300px\" \/> <img loading=\"lazy\" decoding=\"async\" class=\"alignnone size-medium wp-image-3919\" src=\"https:\/\/opelonka.com\/wp-content\/uploads\/2021\/01\/photo_2021-01-20_11-33-25-300x225.jpg\" alt=\"\" width=\"300\" height=\"225\" srcset=\"https:\/\/opelonka.com\/wp-content\/uploads\/2021\/01\/photo_2021-01-20_11-33-25-300x225.jpg 300w, https:\/\/opelonka.com\/wp-content\/uploads\/2021\/01\/photo_2021-01-20_11-33-25-1024x768.jpg 1024w, https:\/\/opelonka.com\/wp-content\/uploads\/2021\/01\/photo_2021-01-20_11-33-25-768x576.jpg 768w, https:\/\/opelonka.com\/wp-content\/uploads\/2021\/01\/photo_2021-01-20_11-33-25-600x450.jpg 600w, https:\/\/opelonka.com\/wp-content\/uploads\/2021\/01\/photo_2021-01-20_11-33-25-64x48.jpg 64w, https:\/\/opelonka.com\/wp-content\/uploads\/2021\/01\/photo_2021-01-20_11-33-25.jpg 1280w\" sizes=\"auto, (max-width: 300px) 100vw, 300px\" \/> <img loading=\"lazy\" decoding=\"async\" class=\"alignnone size-medium wp-image-3918\" src=\"https:\/\/opelonka.com\/wp-content\/uploads\/2021\/01\/photo_2021-01-20_11-33-22-300x225.jpg\" alt=\"\" width=\"300\" height=\"225\" srcset=\"https:\/\/opelonka.com\/wp-content\/uploads\/2021\/01\/photo_2021-01-20_11-33-22-300x225.jpg 300w, https:\/\/opelonka.com\/wp-content\/uploads\/2021\/01\/photo_2021-01-20_11-33-22-1024x768.jpg 1024w, https:\/\/opelonka.com\/wp-content\/uploads\/2021\/01\/photo_2021-01-20_11-33-22-768x576.jpg 768w, https:\/\/opelonka.com\/wp-content\/uploads\/2021\/01\/photo_2021-01-20_11-33-22-600x450.jpg 600w, https:\/\/opelonka.com\/wp-content\/uploads\/2021\/01\/photo_2021-01-20_11-33-22-64x48.jpg 64w, https:\/\/opelonka.com\/wp-content\/uploads\/2021\/01\/photo_2021-01-20_11-33-22.jpg 1280w\" sizes=\"auto, (max-width: 300px) 100vw, 300px\" \/> <img loading=\"lazy\" decoding=\"async\" class=\"alignnone size-medium wp-image-3917\" src=\"https:\/\/opelonka.com\/wp-content\/uploads\/2021\/01\/photo_2021-01-20_11-33-20-300x225.jpg\" alt=\"\" width=\"300\" height=\"225\" srcset=\"https:\/\/opelonka.com\/wp-content\/uploads\/2021\/01\/photo_2021-01-20_11-33-20-300x225.jpg 300w, https:\/\/opelonka.com\/wp-content\/uploads\/2021\/01\/photo_2021-01-20_11-33-20-1024x768.jpg 1024w, https:\/\/opelonka.com\/wp-content\/uploads\/2021\/01\/photo_2021-01-20_11-33-20-768x576.jpg 768w, https:\/\/opelonka.com\/wp-content\/uploads\/2021\/01\/photo_2021-01-20_11-33-20-600x450.jpg 600w, https:\/\/opelonka.com\/wp-content\/uploads\/2021\/01\/photo_2021-01-20_11-33-20-64x48.jpg 64w, https:\/\/opelonka.com\/wp-content\/uploads\/2021\/01\/photo_2021-01-20_11-33-20.jpg 1280w\" sizes=\"auto, (max-width: 300px) 100vw, 300px\" \/> <img loading=\"lazy\" decoding=\"async\" class=\"alignnone size-medium wp-image-3916\" src=\"https:\/\/opelonka.com\/wp-content\/uploads\/2021\/01\/photo_2021-01-20_11-33-13-300x225.jpg\" alt=\"\" width=\"300\" height=\"225\" srcset=\"https:\/\/opelonka.com\/wp-content\/uploads\/2021\/01\/photo_2021-01-20_11-33-13-300x225.jpg 300w, https:\/\/opelonka.com\/wp-content\/uploads\/2021\/01\/photo_2021-01-20_11-33-13-1024x768.jpg 1024w, https:\/\/opelonka.com\/wp-content\/uploads\/2021\/01\/photo_2021-01-20_11-33-13-768x576.jpg 768w, https:\/\/opelonka.com\/wp-content\/uploads\/2021\/01\/photo_2021-01-20_11-33-13-600x450.jpg 600w, https:\/\/opelonka.com\/wp-content\/uploads\/2021\/01\/photo_2021-01-20_11-33-13-64x48.jpg 64w, https:\/\/opelonka.com\/wp-content\/uploads\/2021\/01\/photo_2021-01-20_11-33-13.jpg 1280w\" sizes=\"auto, (max-width: 300px) 100vw, 300px\" \/><\/p>\n<p>90493818 OPEL OMEGA B KM SAAT\u0130 \u00c7IKMA ORJ\u0130NAL<\/p>\n<p>90493818 OPEL OMEGA B G\u00d6STERGE PANEL\u0130 \u00c7IKMA ORJ\u0130NAL<\/p>\n<p>90493818 OPEL OMEGA B KM SAAT\u0130 G\u00d6STERGE PANEL\u0130 \u00c7IKMA ORJ\u0130NAL<\/p>\n","protected":false},"excerpt":{"rendered":"<p>90493818 OPEL OMEGA B KM SAAT\u0130 \u00c7IKMA ORJ\u0130NAL<\/p>\n<p>90493818 OPEL OMEGA B G\u00d6STERGE PANEL\u0130 \u00c7IKMA ORJ\u0130NAL<\/p>\n<p>90493818 OPEL OMEGA B KM SAAT\u0130 G\u00d6STERGE PANEL\u0130 \u00c7IKMA ORJ\u0130NAL<\/p>\n","protected":false},"featured_media":3920,"comment_status":"open","ping_status":"closed","template":"","meta":[],"class_list":{"0":"post-3921","1":"product","2":"type-product","3":"status-publish","4":"has-post-thumbnail","6":"product_cat-opel","7":"product_cat-elektrikli-aksam-omega-b","8":"product_cat-omega","9":"product_cat-omega-b","10":"product_tag-cikma","11":"product_tag-devir-gosterge-saati","12":"product_tag-gosterge","13":"product_tag-kilometre","14":"product_tag-km-saati","15":"product_tag-omega","16":"product_tag-omega-b","17":"product_tag-opel","18":"product_tag-orjinal","19":"product_tag-sifir","20":"badges-style-3","22":"first","23":"instock","24":"shipping-taxable","25":"product-type-simple"},"_links":{"self":[{"href":"https:\/\/opelonka.com\/index.php?rest_route=\/wp\/v2\/product\/3921","targetHints":{"allow":["GET"]}}],"collection":[{"href":"https:\/\/opelonka.com\/index.php?rest_route=\/wp\/v2\/product"}],"about":[{"href":"https:\/\/opelonka.com\/index.php?rest_route=\/wp\/v2\/types\/product"}],"replies":[{"embeddable":true,"href":"https:\/\/opelonka.com\/index.php?rest_route=%2Fwp%2Fv2%2Fcomments&post=3921"}],"wp:featuredmedia":[{"embeddable":true,"href":"https:\/\/opelonka.com\/index.php?rest_route=\/wp\/v2\/media\/3920"}],"wp:attachment":[{"href":"https:\/\/opelonka.com\/index.php?rest_route=%2Fwp%2Fv2%2Fmedia&parent=3921"}],"curies":[{"name":"wp","href":"https:\/\/api.w.org\/{rel}","templated":true}]}}