{"id":3888,"date":"2021-01-20T10:22:43","date_gmt":"2021-01-20T10:22:43","guid":{"rendered":"http:\/\/opelonka.com\/?post_type=product&#038;p=3888"},"modified":"2021-01-20T10:22:44","modified_gmt":"2021-01-20T10:22:44","slug":"13172012-astra-h-km-saati-gosterge-paneli-cikma-orjinal","status":"publish","type":"product","link":"https:\/\/opelonka.com\/?product=13172012-astra-h-km-saati-gosterge-paneli-cikma-orjinal","title":{"rendered":"13172012 ASTRA H KM SAAT\u0130 G\u00d6STERGE PANEL\u0130 \u00c7IKMA ORJ\u0130NAL"},"content":{"rendered":"<p><img loading=\"lazy\" decoding=\"async\" class=\"alignnone size-medium wp-image-3887\" src=\"https:\/\/opelonka.com\/wp-content\/uploads\/2021\/01\/photo_2021-01-20_11-30-02-300x244.jpg\" alt=\"\" width=\"300\" height=\"244\" srcset=\"https:\/\/opelonka.com\/wp-content\/uploads\/2021\/01\/photo_2021-01-20_11-30-02-300x244.jpg 300w, https:\/\/opelonka.com\/wp-content\/uploads\/2021\/01\/photo_2021-01-20_11-30-02-1024x834.jpg 1024w, https:\/\/opelonka.com\/wp-content\/uploads\/2021\/01\/photo_2021-01-20_11-30-02-768x626.jpg 768w, https:\/\/opelonka.com\/wp-content\/uploads\/2021\/01\/photo_2021-01-20_11-30-02-600x489.jpg 600w, https:\/\/opelonka.com\/wp-content\/uploads\/2021\/01\/photo_2021-01-20_11-30-02-64x52.jpg 64w, https:\/\/opelonka.com\/wp-content\/uploads\/2021\/01\/photo_2021-01-20_11-30-02.jpg 1171w\" sizes=\"auto, (max-width: 300px) 100vw, 300px\" \/> <img loading=\"lazy\" decoding=\"async\" class=\"alignnone size-medium wp-image-3886\" src=\"https:\/\/opelonka.com\/wp-content\/uploads\/2021\/01\/photo_2021-01-20_11-30-00-300x274.jpg\" alt=\"\" width=\"300\" height=\"274\" srcset=\"https:\/\/opelonka.com\/wp-content\/uploads\/2021\/01\/photo_2021-01-20_11-30-00-300x274.jpg 300w, https:\/\/opelonka.com\/wp-content\/uploads\/2021\/01\/photo_2021-01-20_11-30-00-768x703.jpg 768w, https:\/\/opelonka.com\/wp-content\/uploads\/2021\/01\/photo_2021-01-20_11-30-00-600x549.jpg 600w, https:\/\/opelonka.com\/wp-content\/uploads\/2021\/01\/photo_2021-01-20_11-30-00-64x59.jpg 64w, https:\/\/opelonka.com\/wp-content\/uploads\/2021\/01\/photo_2021-01-20_11-30-00.jpg 952w\" sizes=\"auto, (max-width: 300px) 100vw, 300px\" \/> <img loading=\"lazy\" decoding=\"async\" class=\"alignnone size-medium wp-image-3885\" src=\"https:\/\/opelonka.com\/wp-content\/uploads\/2021\/01\/photo_2021-01-20_11-29-39-300x223.jpg\" alt=\"\" width=\"300\" height=\"223\" srcset=\"https:\/\/opelonka.com\/wp-content\/uploads\/2021\/01\/photo_2021-01-20_11-29-39-300x223.jpg 300w, https:\/\/opelonka.com\/wp-content\/uploads\/2021\/01\/photo_2021-01-20_11-29-39-768x570.jpg 768w, https:\/\/opelonka.com\/wp-content\/uploads\/2021\/01\/photo_2021-01-20_11-29-39-600x445.jpg 600w, https:\/\/opelonka.com\/wp-content\/uploads\/2021\/01\/photo_2021-01-20_11-29-39-64x48.jpg 64w, https:\/\/opelonka.com\/wp-content\/uploads\/2021\/01\/photo_2021-01-20_11-29-39.jpg 994w\" sizes=\"auto, (max-width: 300px) 100vw, 300px\" \/><\/p>\n<p>13172012 ASTRA H KM SAAT\u0130 \u00c7IKMA ORJ\u0130NAL<\/p>\n<p>13172012 ASTRA H G\u00d6STERGE PANEL\u0130 \u00c7IKMA ORJ\u0130NAL<\/p>\n<p>13172012 ASTRA H KM SAAT\u0130 G\u00d6STERGE PANEL\u0130 \u00c7IKMA ORJ\u0130NAL<\/p>\n<p>&nbsp;<\/p>\n","protected":false},"excerpt":{"rendered":"<p>13172012 ASTRA H KM SAAT\u0130 \u00c7IKMA ORJ\u0130NAL<\/p>\n<p>13172012 ASTRA H G\u00d6STERGE PANEL\u0130 \u00c7IKMA ORJ\u0130NAL<\/p>\n<p>13172012 ASTRA H KM SAAT\u0130 G\u00d6STERGE PANEL\u0130 \u00c7IKMA ORJ\u0130NAL<\/p>\n<p>&nbsp;<\/p>\n","protected":false},"featured_media":3887,"comment_status":"open","ping_status":"closed","template":"","meta":[],"class_list":{"0":"post-3888","1":"product","2":"type-product","3":"status-publish","4":"has-post-thumbnail","6":"product_cat-opel","7":"product_cat-astra","8":"product_cat-astra-h","9":"product_cat-elektrikli-aksam-astra-h","10":"product_tag-astra","11":"product_tag-cikma","12":"product_tag-devir-gosterge-saati","13":"product_tag-gosterge","14":"product_tag-kilometre","15":"product_tag-km-saati","16":"product_tag-opel","17":"product_tag-orjinal","18":"product_tag-sifir","19":"badges-style-3","21":"first","22":"instock","23":"shipping-taxable","24":"product-type-simple"},"_links":{"self":[{"href":"https:\/\/opelonka.com\/index.php?rest_route=\/wp\/v2\/product\/3888","targetHints":{"allow":["GET"]}}],"collection":[{"href":"https:\/\/opelonka.com\/index.php?rest_route=\/wp\/v2\/product"}],"about":[{"href":"https:\/\/opelonka.com\/index.php?rest_route=\/wp\/v2\/types\/product"}],"replies":[{"embeddable":true,"href":"https:\/\/opelonka.com\/index.php?rest_route=%2Fwp%2Fv2%2Fcomments&post=3888"}],"wp:featuredmedia":[{"embeddable":true,"href":"https:\/\/opelonka.com\/index.php?rest_route=\/wp\/v2\/media\/3887"}],"wp:attachment":[{"href":"https:\/\/opelonka.com\/index.php?rest_route=%2Fwp%2Fv2%2Fmedia&parent=3888"}],"curies":[{"name":"wp","href":"https:\/\/api.w.org\/{rel}","templated":true}]}}