{"id":3874,"date":"2021-01-20T09:33:55","date_gmt":"2021-01-20T09:33:55","guid":{"rendered":"http:\/\/opelonka.com\/?post_type=product&#038;p=3874"},"modified":"2021-01-20T09:33:58","modified_gmt":"2021-01-20T09:33:58","slug":"90356303-astra-f-vectra-a-km-saati-cikma-orjinal","status":"publish","type":"product","link":"https:\/\/opelonka.com\/?product=90356303-astra-f-vectra-a-km-saati-cikma-orjinal","title":{"rendered":"90356303 ASTRA F VECTRA A KM SAAT\u0130 \u00c7IKMA ORJ\u0130NAL"},"content":{"rendered":"<p><img loading=\"lazy\" decoding=\"async\" class=\"alignnone size-medium wp-image-3873\" src=\"https:\/\/opelonka.com\/wp-content\/uploads\/2021\/01\/photo_2021-01-20_11-28-23-300x186.jpg\" alt=\"\" width=\"300\" height=\"186\" srcset=\"https:\/\/opelonka.com\/wp-content\/uploads\/2021\/01\/photo_2021-01-20_11-28-23-300x186.jpg 300w, https:\/\/opelonka.com\/wp-content\/uploads\/2021\/01\/photo_2021-01-20_11-28-23-768x477.jpg 768w, https:\/\/opelonka.com\/wp-content\/uploads\/2021\/01\/photo_2021-01-20_11-28-23-600x372.jpg 600w, https:\/\/opelonka.com\/wp-content\/uploads\/2021\/01\/photo_2021-01-20_11-28-23-64x40.jpg 64w, https:\/\/opelonka.com\/wp-content\/uploads\/2021\/01\/photo_2021-01-20_11-28-23.jpg 973w\" sizes=\"auto, (max-width: 300px) 100vw, 300px\" \/> <img loading=\"lazy\" decoding=\"async\" class=\"alignnone size-medium wp-image-3872\" src=\"https:\/\/opelonka.com\/wp-content\/uploads\/2021\/01\/photo_2021-01-20_11-28-21-300x236.jpg\" alt=\"\" width=\"300\" height=\"236\" srcset=\"https:\/\/opelonka.com\/wp-content\/uploads\/2021\/01\/photo_2021-01-20_11-28-21-300x236.jpg 300w, https:\/\/opelonka.com\/wp-content\/uploads\/2021\/01\/photo_2021-01-20_11-28-21-768x603.jpg 768w, https:\/\/opelonka.com\/wp-content\/uploads\/2021\/01\/photo_2021-01-20_11-28-21-600x471.jpg 600w, https:\/\/opelonka.com\/wp-content\/uploads\/2021\/01\/photo_2021-01-20_11-28-21-64x50.jpg 64w, https:\/\/opelonka.com\/wp-content\/uploads\/2021\/01\/photo_2021-01-20_11-28-21.jpg 1015w\" sizes=\"auto, (max-width: 300px) 100vw, 300px\" \/> <img loading=\"lazy\" decoding=\"async\" class=\"alignnone size-medium wp-image-3871\" src=\"https:\/\/opelonka.com\/wp-content\/uploads\/2021\/01\/photo_2021-01-20_11-28-18-300x255.jpg\" alt=\"\" width=\"300\" height=\"255\" srcset=\"https:\/\/opelonka.com\/wp-content\/uploads\/2021\/01\/photo_2021-01-20_11-28-18-300x255.jpg 300w, https:\/\/opelonka.com\/wp-content\/uploads\/2021\/01\/photo_2021-01-20_11-28-18-768x653.jpg 768w, https:\/\/opelonka.com\/wp-content\/uploads\/2021\/01\/photo_2021-01-20_11-28-18-600x510.jpg 600w, https:\/\/opelonka.com\/wp-content\/uploads\/2021\/01\/photo_2021-01-20_11-28-18-64x54.jpg 64w, https:\/\/opelonka.com\/wp-content\/uploads\/2021\/01\/photo_2021-01-20_11-28-18.jpg 825w\" sizes=\"auto, (max-width: 300px) 100vw, 300px\" \/> <img loading=\"lazy\" decoding=\"async\" class=\"alignnone size-medium wp-image-3870\" src=\"https:\/\/opelonka.com\/wp-content\/uploads\/2021\/01\/photo_2021-01-20_11-28-15-300x182.jpg\" alt=\"\" width=\"300\" height=\"182\" srcset=\"https:\/\/opelonka.com\/wp-content\/uploads\/2021\/01\/photo_2021-01-20_11-28-15-300x182.jpg 300w, https:\/\/opelonka.com\/wp-content\/uploads\/2021\/01\/photo_2021-01-20_11-28-15-1024x622.jpg 1024w, https:\/\/opelonka.com\/wp-content\/uploads\/2021\/01\/photo_2021-01-20_11-28-15-768x467.jpg 768w, https:\/\/opelonka.com\/wp-content\/uploads\/2021\/01\/photo_2021-01-20_11-28-15-600x365.jpg 600w, https:\/\/opelonka.com\/wp-content\/uploads\/2021\/01\/photo_2021-01-20_11-28-15-64x39.jpg 64w, https:\/\/opelonka.com\/wp-content\/uploads\/2021\/01\/photo_2021-01-20_11-28-15.jpg 1200w\" sizes=\"auto, (max-width: 300px) 100vw, 300px\" \/> <img loading=\"lazy\" decoding=\"async\" class=\"alignnone size-medium wp-image-3869\" src=\"https:\/\/opelonka.com\/wp-content\/uploads\/2021\/01\/photo_2021-01-20_11-28-01-300x194.jpg\" alt=\"\" width=\"300\" height=\"194\" srcset=\"https:\/\/opelonka.com\/wp-content\/uploads\/2021\/01\/photo_2021-01-20_11-28-01-300x194.jpg 300w, https:\/\/opelonka.com\/wp-content\/uploads\/2021\/01\/photo_2021-01-20_11-28-01-1024x661.jpg 1024w, https:\/\/opelonka.com\/wp-content\/uploads\/2021\/01\/photo_2021-01-20_11-28-01-768x496.jpg 768w, https:\/\/opelonka.com\/wp-content\/uploads\/2021\/01\/photo_2021-01-20_11-28-01-600x387.jpg 600w, https:\/\/opelonka.com\/wp-content\/uploads\/2021\/01\/photo_2021-01-20_11-28-01-64x41.jpg 64w, https:\/\/opelonka.com\/wp-content\/uploads\/2021\/01\/photo_2021-01-20_11-28-01.jpg 1229w\" sizes=\"auto, (max-width: 300px) 100vw, 300px\" \/><\/p>\n<p>90356303 ASTRA F VECTRA A KM SAAT\u0130 \u00c7IKMA ORJ\u0130NAL<\/p>\n<p>90356303 ASTRA F VECTRA A DEV\u0130R G\u00d6STERGES\u0130 \u00c7IKMA ORJ\u0130NAL<\/p>\n<p>&nbsp;<\/p>\n","protected":false},"excerpt":{"rendered":"<p>90356303 ASTRA F VECTRA A KM SAAT\u0130 \u00c7IKMA ORJ\u0130NAL<\/p>\n<p>90356303 ASTRA F VECTRA A DEV\u0130R G\u00d6STERGES\u0130 \u00c7IKMA ORJ\u0130NAL<\/p>\n","protected":false},"featured_media":3869,"comment_status":"open","ping_status":"closed","template":"","meta":[],"class_list":{"0":"post-3874","1":"product","2":"type-product","3":"status-publish","4":"has-post-thumbnail","6":"product_cat-opel","7":"product_cat-astra","8":"product_cat-astra-f","9":"product_cat-elektrikli-aksam-astra-g","10":"product_cat-elektrikli-aksam-vectra-a","11":"product_cat-vectra","12":"product_cat-vectra-a","13":"product_tag-astra","14":"product_tag-astra-f","15":"product_tag-cikma","16":"product_tag-devir-gosterge-saati","17":"product_tag-gosterge","18":"product_tag-kilometre","19":"product_tag-km-saati","20":"product_tag-opel","21":"product_tag-orjinal","22":"product_tag-sifir","23":"product_tag-vectra","24":"product_tag-vectra-a","25":"badges-style-3","27":"first","28":"instock","29":"shipping-taxable","30":"product-type-simple"},"_links":{"self":[{"href":"https:\/\/opelonka.com\/index.php?rest_route=\/wp\/v2\/product\/3874","targetHints":{"allow":["GET"]}}],"collection":[{"href":"https:\/\/opelonka.com\/index.php?rest_route=\/wp\/v2\/product"}],"about":[{"href":"https:\/\/opelonka.com\/index.php?rest_route=\/wp\/v2\/types\/product"}],"replies":[{"embeddable":true,"href":"https:\/\/opelonka.com\/index.php?rest_route=%2Fwp%2Fv2%2Fcomments&post=3874"}],"wp:featuredmedia":[{"embeddable":true,"href":"https:\/\/opelonka.com\/index.php?rest_route=\/wp\/v2\/media\/3869"}],"wp:attachment":[{"href":"https:\/\/opelonka.com\/index.php?rest_route=%2Fwp%2Fv2%2Fmedia&parent=3874"}],"curies":[{"name":"wp","href":"https:\/\/api.w.org\/{rel}","templated":true}]}}