{"id":3846,"date":"2021-01-19T11:38:54","date_gmt":"2021-01-19T11:38:54","guid":{"rendered":"http:\/\/opelonka.com\/?post_type=product&#038;p=3846"},"modified":"2021-01-19T11:38:54","modified_gmt":"2021-01-19T11:38:54","slug":"opel-vectra-c-motor-besigi-cikma-orjinal-travers","status":"publish","type":"product","link":"https:\/\/opelonka.com\/?product=opel-vectra-c-motor-besigi-cikma-orjinal-travers","title":{"rendered":"OPEL VECTRA C MOTOR BE\u015e\u0130\u011e\u0130 \u00c7IKMA ORJ\u0130NAL TRAVERS"},"content":{"rendered":"<p><img loading=\"lazy\" decoding=\"async\" class=\"alignnone size-medium wp-image-3845\" src=\"https:\/\/opelonka.com\/wp-content\/uploads\/2021\/01\/VECTRA-C-300x253.jpg\" alt=\"\" width=\"300\" height=\"253\" srcset=\"https:\/\/opelonka.com\/wp-content\/uploads\/2021\/01\/VECTRA-C-300x253.jpg 300w, https:\/\/opelonka.com\/wp-content\/uploads\/2021\/01\/VECTRA-C-768x647.jpg 768w, https:\/\/opelonka.com\/wp-content\/uploads\/2021\/01\/VECTRA-C-600x505.jpg 600w, https:\/\/opelonka.com\/wp-content\/uploads\/2021\/01\/VECTRA-C-64x54.jpg 64w, https:\/\/opelonka.com\/wp-content\/uploads\/2021\/01\/VECTRA-C.jpg 885w\" sizes=\"auto, (max-width: 300px) 100vw, 300px\" \/> <img loading=\"lazy\" decoding=\"async\" class=\"alignnone size-medium wp-image-3844\" src=\"https:\/\/opelonka.com\/wp-content\/uploads\/2021\/01\/VECTRA-C-2-300x225.jpg\" alt=\"\" width=\"300\" height=\"225\" srcset=\"https:\/\/opelonka.com\/wp-content\/uploads\/2021\/01\/VECTRA-C-2-300x225.jpg 300w, https:\/\/opelonka.com\/wp-content\/uploads\/2021\/01\/VECTRA-C-2-1024x768.jpg 1024w, https:\/\/opelonka.com\/wp-content\/uploads\/2021\/01\/VECTRA-C-2-768x576.jpg 768w, https:\/\/opelonka.com\/wp-content\/uploads\/2021\/01\/VECTRA-C-2-600x450.jpg 600w, https:\/\/opelonka.com\/wp-content\/uploads\/2021\/01\/VECTRA-C-2-64x48.jpg 64w, https:\/\/opelonka.com\/wp-content\/uploads\/2021\/01\/VECTRA-C-2.jpg 1280w\" sizes=\"auto, (max-width: 300px) 100vw, 300px\" \/> <img loading=\"lazy\" decoding=\"async\" class=\"alignnone size-medium wp-image-3843\" src=\"https:\/\/opelonka.com\/wp-content\/uploads\/2021\/01\/VECTRA-C-1-300x168.jpg\" alt=\"\" width=\"300\" height=\"168\" srcset=\"https:\/\/opelonka.com\/wp-content\/uploads\/2021\/01\/VECTRA-C-1-300x168.jpg 300w, https:\/\/opelonka.com\/wp-content\/uploads\/2021\/01\/VECTRA-C-1-1024x576.jpg 1024w, https:\/\/opelonka.com\/wp-content\/uploads\/2021\/01\/VECTRA-C-1-768x429.jpg 768w, https:\/\/opelonka.com\/wp-content\/uploads\/2021\/01\/VECTRA-C-1-384x216.jpg 384w, https:\/\/opelonka.com\/wp-content\/uploads\/2021\/01\/VECTRA-C-1-640x360.jpg 640w, https:\/\/opelonka.com\/wp-content\/uploads\/2021\/01\/VECTRA-C-1-600x335.jpg 600w, https:\/\/opelonka.com\/wp-content\/uploads\/2021\/01\/VECTRA-C-1-64x36.jpg 64w, https:\/\/opelonka.com\/wp-content\/uploads\/2021\/01\/VECTRA-C-1.jpg 1263w\" sizes=\"auto, (max-width: 300px) 100vw, 300px\" \/><\/p>\n<p>OPEL VECTRA C \u00c7IKMA ORJ\u0130NAL MOTOR ALT BE\u015e\u0130\u011e\u0130<\/p>\n<p>OPEL VECTRA C \u00c7IKMA ORJ\u0130NAL MOTOR BE\u015e\u0130\u011e\u0130<\/p>\n<p>OPEL VECTRA C \u00c7IKMA ORJ\u0130NAL MOTOR TRAVERS\u0130<\/p>\n","protected":false},"excerpt":{"rendered":"<p>OPEL VECTRA C \u00c7IKMA ORJ\u0130NAL MOTOR ALT BE\u015e\u0130\u011e\u0130<\/p>\n<p>OPEL VECTRA C \u00c7IKMA ORJ\u0130NAL MOTOR BE\u015e\u0130\u011e\u0130<\/p>\n<p>OPEL VECTRA C \u00c7IKMA ORJ\u0130NAL MOTOR TRAVERS\u0130<\/p>\n","protected":false},"featured_media":3845,"comment_status":"open","ping_status":"closed","template":"","meta":[],"class_list":{"0":"post-3846","1":"product","2":"type-product","3":"status-publish","4":"has-post-thumbnail","6":"product_cat-opel","7":"product_cat-on-dingil-ve-suspansiyon-vectra-c","8":"product_cat-vectra","9":"product_cat-vectra-c","10":"product_tag-besik","11":"product_tag-motor","12":"product_tag-motor-alt-besigi","13":"product_tag-motor-besigi","14":"product_tag-motor-traversi","15":"product_tag-opel","16":"product_tag-travers","17":"product_tag-vectra","18":"product_tag-vectra-c","19":"badges-style-3","21":"first","22":"instock","23":"shipping-taxable","24":"product-type-simple"},"_links":{"self":[{"href":"https:\/\/opelonka.com\/index.php?rest_route=\/wp\/v2\/product\/3846","targetHints":{"allow":["GET"]}}],"collection":[{"href":"https:\/\/opelonka.com\/index.php?rest_route=\/wp\/v2\/product"}],"about":[{"href":"https:\/\/opelonka.com\/index.php?rest_route=\/wp\/v2\/types\/product"}],"replies":[{"embeddable":true,"href":"https:\/\/opelonka.com\/index.php?rest_route=%2Fwp%2Fv2%2Fcomments&post=3846"}],"wp:featuredmedia":[{"embeddable":true,"href":"https:\/\/opelonka.com\/index.php?rest_route=\/wp\/v2\/media\/3845"}],"wp:attachment":[{"href":"https:\/\/opelonka.com\/index.php?rest_route=%2Fwp%2Fv2%2Fmedia&parent=3846"}],"curies":[{"name":"wp","href":"https:\/\/api.w.org\/{rel}","templated":true}]}}