{"id":3820,"date":"2021-01-19T10:37:18","date_gmt":"2021-01-19T10:37:18","guid":{"rendered":"http:\/\/opelonka.com\/?post_type=product&#038;p=3820"},"modified":"2024-12-22T16:04:27","modified_gmt":"2024-12-22T16:04:27","slug":"opel-corsa-d-cikma-orjinal-motor-besigi-travers","status":"publish","type":"product","link":"https:\/\/opelonka.com\/?product=opel-corsa-d-cikma-orjinal-motor-besigi-travers","title":{"rendered":"OPEL CORSA D \u00c7IKMA ORJ\u0130NAL MOTOR BE\u015e\u0130\u011e\u0130 TRAVERS"},"content":{"rendered":"<p><img loading=\"lazy\" decoding=\"async\" class=\"alignnone size-medium wp-image-3818\" src=\"https:\/\/opelonka.com\/wp-content\/uploads\/2021\/01\/CORSA-D-\u00c7IKMA-2-225x300.jpg\" alt=\"\" width=\"225\" height=\"300\" srcset=\"https:\/\/opelonka.com\/wp-content\/uploads\/2021\/01\/CORSA-D-\u00c7IKMA-2-225x300.jpg 225w, https:\/\/opelonka.com\/wp-content\/uploads\/2021\/01\/CORSA-D-\u00c7IKMA-2-768x1024.jpg 768w, https:\/\/opelonka.com\/wp-content\/uploads\/2021\/01\/CORSA-D-\u00c7IKMA-2-600x800.jpg 600w, https:\/\/opelonka.com\/wp-content\/uploads\/2021\/01\/CORSA-D-\u00c7IKMA-2-64x85.jpg 64w, https:\/\/opelonka.com\/wp-content\/uploads\/2021\/01\/CORSA-D-\u00c7IKMA-2.jpg 960w\" sizes=\"auto, (max-width: 225px) 100vw, 225px\" \/> <img loading=\"lazy\" decoding=\"async\" class=\"alignnone size-medium wp-image-3817\" src=\"https:\/\/opelonka.com\/wp-content\/uploads\/2021\/01\/CORSA-D-\u00c7IKMA-1-300x225.jpg\" alt=\"\" width=\"300\" height=\"225\" srcset=\"https:\/\/opelonka.com\/wp-content\/uploads\/2021\/01\/CORSA-D-\u00c7IKMA-1-300x225.jpg 300w, https:\/\/opelonka.com\/wp-content\/uploads\/2021\/01\/CORSA-D-\u00c7IKMA-1-1024x768.jpg 1024w, https:\/\/opelonka.com\/wp-content\/uploads\/2021\/01\/CORSA-D-\u00c7IKMA-1-768x576.jpg 768w, https:\/\/opelonka.com\/wp-content\/uploads\/2021\/01\/CORSA-D-\u00c7IKMA-1-600x450.jpg 600w, https:\/\/opelonka.com\/wp-content\/uploads\/2021\/01\/CORSA-D-\u00c7IKMA-1-64x48.jpg 64w, https:\/\/opelonka.com\/wp-content\/uploads\/2021\/01\/CORSA-D-\u00c7IKMA-1.jpg 1280w\" sizes=\"auto, (max-width: 300px) 100vw, 300px\" \/> <img loading=\"lazy\" decoding=\"async\" class=\"alignnone size-medium wp-image-3819\" src=\"https:\/\/opelonka.com\/wp-content\/uploads\/2021\/01\/CORSA-D-\u00c7IKMA-300x225.jpg\" alt=\"\" width=\"300\" height=\"225\" srcset=\"https:\/\/opelonka.com\/wp-content\/uploads\/2021\/01\/CORSA-D-\u00c7IKMA-300x225.jpg 300w, https:\/\/opelonka.com\/wp-content\/uploads\/2021\/01\/CORSA-D-\u00c7IKMA-1024x768.jpg 1024w, https:\/\/opelonka.com\/wp-content\/uploads\/2021\/01\/CORSA-D-\u00c7IKMA-768x576.jpg 768w, https:\/\/opelonka.com\/wp-content\/uploads\/2021\/01\/CORSA-D-\u00c7IKMA-600x450.jpg 600w, https:\/\/opelonka.com\/wp-content\/uploads\/2021\/01\/CORSA-D-\u00c7IKMA-64x48.jpg 64w, https:\/\/opelonka.com\/wp-content\/uploads\/2021\/01\/CORSA-D-\u00c7IKMA.jpg 1280w\" sizes=\"auto, (max-width: 300px) 100vw, 300px\" \/><\/p>\n<p>OPEL CORSA D \u00c7IKMA ORJ\u0130NAL MOTOR BE\u015e\u0130\u011e\u0130<\/p>\n<p>OPEL CORSA D \u00c7IKMA ORJ\u0130NAL MOTOR TRAVERS\u0130<\/p>\n<p>OPEL CORSA D \u00c7IKMA ORJ\u0130NAL MOTOR ALT BE\u015e\u0130\u011e\u0130<\/p>\n","protected":false},"excerpt":{"rendered":"<p>OPEL CORSA D \u00c7IKMA ORJ\u0130NAL MOTOR BE\u015e\u0130\u011e\u0130<\/p>\n<p>OPEL CORSA D \u00c7IKMA ORJ\u0130NAL MOTOR TRAVERS\u0130<\/p>\n<p>OPEL CORSA D \u00c7IKMA ORJ\u0130NAL MOTOR ALT BE\u015e\u0130\u011e\u0130<\/p>\n<p>\u00c7IKMA \u0130\u015eLEM G\u00d6RECEK<\/p>\n","protected":false},"featured_media":3818,"comment_status":"open","ping_status":"closed","template":"","meta":[],"class_list":{"0":"post-3820","1":"product","2":"type-product","3":"status-publish","4":"has-post-thumbnail","6":"product_cat-opel","7":"product_cat-corsa","8":"product_cat-corsa-d","9":"product_cat-on-dingil-ve-suspansiyon-corsa-d","10":"product_tag-cikma","11":"product_tag-corsa","12":"product_tag-corsa-d","13":"product_tag-motor-alt-besigi","14":"product_tag-motor-besigi","15":"product_tag-motor-traversi","16":"product_tag-opel","17":"product_tag-orjinal","18":"product_tag-travers","19":"badges-style-3","21":"first","22":"instock","23":"shipping-taxable","24":"product-type-simple"},"_links":{"self":[{"href":"https:\/\/opelonka.com\/index.php?rest_route=\/wp\/v2\/product\/3820","targetHints":{"allow":["GET"]}}],"collection":[{"href":"https:\/\/opelonka.com\/index.php?rest_route=\/wp\/v2\/product"}],"about":[{"href":"https:\/\/opelonka.com\/index.php?rest_route=\/wp\/v2\/types\/product"}],"replies":[{"embeddable":true,"href":"https:\/\/opelonka.com\/index.php?rest_route=%2Fwp%2Fv2%2Fcomments&post=3820"}],"wp:featuredmedia":[{"embeddable":true,"href":"https:\/\/opelonka.com\/index.php?rest_route=\/wp\/v2\/media\/3818"}],"wp:attachment":[{"href":"https:\/\/opelonka.com\/index.php?rest_route=%2Fwp%2Fv2%2Fmedia&parent=3820"}],"curies":[{"name":"wp","href":"https:\/\/api.w.org\/{rel}","templated":true}]}}