{"id":3811,"date":"2021-01-19T10:22:26","date_gmt":"2021-01-19T10:22:26","guid":{"rendered":"http:\/\/opelonka.com\/?post_type=product&#038;p=3811"},"modified":"2024-12-20T15:03:36","modified_gmt":"2024-12-20T15:03:36","slug":"opel-corsa-c-cikma-orjinal-motor-besigi-travers","status":"publish","type":"product","link":"https:\/\/opelonka.com\/?product=opel-corsa-c-cikma-orjinal-motor-besigi-travers","title":{"rendered":"OPEL CORSA C \u00c7IKMA ORJ\u0130NAL MOTOR BE\u015e\u0130\u011e\u0130 TRAVERS"},"content":{"rendered":"<p><img loading=\"lazy\" decoding=\"async\" class=\"alignnone size-medium wp-image-3809\" src=\"https:\/\/opelonka.com\/wp-content\/uploads\/2021\/01\/CORSA-C-4-300x206.jpg\" alt=\"\" width=\"300\" height=\"206\" srcset=\"https:\/\/opelonka.com\/wp-content\/uploads\/2021\/01\/CORSA-C-4-300x206.jpg 300w, https:\/\/opelonka.com\/wp-content\/uploads\/2021\/01\/CORSA-C-4-768x527.jpg 768w, https:\/\/opelonka.com\/wp-content\/uploads\/2021\/01\/CORSA-C-4-600x412.jpg 600w, https:\/\/opelonka.com\/wp-content\/uploads\/2021\/01\/CORSA-C-4-64x44.jpg 64w, https:\/\/opelonka.com\/wp-content\/uploads\/2021\/01\/CORSA-C-4.jpg 971w\" sizes=\"auto, (max-width: 300px) 100vw, 300px\" \/> <img loading=\"lazy\" decoding=\"async\" class=\"alignnone size-medium wp-image-3810\" src=\"https:\/\/opelonka.com\/wp-content\/uploads\/2021\/01\/CORSA-C-300x225.jpg\" alt=\"\" width=\"300\" height=\"225\" srcset=\"https:\/\/opelonka.com\/wp-content\/uploads\/2021\/01\/CORSA-C-300x225.jpg 300w, https:\/\/opelonka.com\/wp-content\/uploads\/2021\/01\/CORSA-C-1024x768.jpg 1024w, https:\/\/opelonka.com\/wp-content\/uploads\/2021\/01\/CORSA-C-768x576.jpg 768w, https:\/\/opelonka.com\/wp-content\/uploads\/2021\/01\/CORSA-C-600x450.jpg 600w, https:\/\/opelonka.com\/wp-content\/uploads\/2021\/01\/CORSA-C-64x48.jpg 64w, https:\/\/opelonka.com\/wp-content\/uploads\/2021\/01\/CORSA-C.jpg 1280w\" sizes=\"auto, (max-width: 300px) 100vw, 300px\" \/> <img loading=\"lazy\" decoding=\"async\" class=\"alignnone size-medium wp-image-3808\" src=\"https:\/\/opelonka.com\/wp-content\/uploads\/2021\/01\/CORSA-C-3-300x183.jpg\" alt=\"\" width=\"300\" height=\"183\" srcset=\"https:\/\/opelonka.com\/wp-content\/uploads\/2021\/01\/CORSA-C-3-300x183.jpg 300w, https:\/\/opelonka.com\/wp-content\/uploads\/2021\/01\/CORSA-C-3-768x469.jpg 768w, https:\/\/opelonka.com\/wp-content\/uploads\/2021\/01\/CORSA-C-3-600x366.jpg 600w, https:\/\/opelonka.com\/wp-content\/uploads\/2021\/01\/CORSA-C-3-64x39.jpg 64w, https:\/\/opelonka.com\/wp-content\/uploads\/2021\/01\/CORSA-C-3.jpg 976w\" sizes=\"auto, (max-width: 300px) 100vw, 300px\" \/> <img loading=\"lazy\" decoding=\"async\" class=\"alignnone size-medium wp-image-3807\" src=\"https:\/\/opelonka.com\/wp-content\/uploads\/2021\/01\/CORSA-C-2-300x196.jpg\" alt=\"\" width=\"300\" height=\"196\" srcset=\"https:\/\/opelonka.com\/wp-content\/uploads\/2021\/01\/CORSA-C-2-300x196.jpg 300w, https:\/\/opelonka.com\/wp-content\/uploads\/2021\/01\/CORSA-C-2-768x502.jpg 768w, https:\/\/opelonka.com\/wp-content\/uploads\/2021\/01\/CORSA-C-2-600x393.jpg 600w, https:\/\/opelonka.com\/wp-content\/uploads\/2021\/01\/CORSA-C-2-64x42.jpg 64w, https:\/\/opelonka.com\/wp-content\/uploads\/2021\/01\/CORSA-C-2.jpg 1018w\" sizes=\"auto, (max-width: 300px) 100vw, 300px\" \/> <img loading=\"lazy\" decoding=\"async\" class=\"alignnone size-medium wp-image-3806\" src=\"https:\/\/opelonka.com\/wp-content\/uploads\/2021\/01\/CORSA-C-1-277x300.jpg\" alt=\"\" width=\"277\" height=\"300\" srcset=\"https:\/\/opelonka.com\/wp-content\/uploads\/2021\/01\/CORSA-C-1-277x300.jpg 277w, https:\/\/opelonka.com\/wp-content\/uploads\/2021\/01\/CORSA-C-1-768x832.jpg 768w, https:\/\/opelonka.com\/wp-content\/uploads\/2021\/01\/CORSA-C-1-600x650.jpg 600w, https:\/\/opelonka.com\/wp-content\/uploads\/2021\/01\/CORSA-C-1-64x69.jpg 64w, https:\/\/opelonka.com\/wp-content\/uploads\/2021\/01\/CORSA-C-1.jpg 882w\" sizes=\"auto, (max-width: 277px) 100vw, 277px\" \/><\/p>\n<p>OPEL CORSA C \u00c7IKMA ORJ\u0130NAL MOTOR BE\u015e\u0130\u011e\u0130 TRAVERS<\/p>\n<p>OPEL CORSA C \u00c7IKMA ORJ\u0130NAL TRAVERS<\/p>\n<p>OPEL CORSA C \u00c7IKMA ORJ\u0130NAL MOTOR ALT BE\u015e\u0130\u011e\u0130<\/p>\n","protected":false},"excerpt":{"rendered":"<p>OPEL CORSA C \u00c7IKMA ORJ\u0130NAL MOTOR BE\u015e\u0130\u011e\u0130 TRAVERS<\/p>\n<p>OPEL CORSA C \u00c7IKMA ORJ\u0130NAL TRAVERS<\/p>\n<p>OPEL CORSA C \u00c7IKMA ORJ\u0130NAL MOTOR ALT BE\u015e\u0130\u011e\u0130<\/p>\n","protected":false},"featured_media":3809,"comment_status":"open","ping_status":"closed","template":"","meta":[],"class_list":{"0":"post-3811","1":"product","2":"type-product","3":"status-publish","4":"has-post-thumbnail","6":"product_cat-opel","7":"product_cat-corsa","8":"product_cat-corsa-c","9":"product_cat-on-dingil-ve-suspansiyon-corsa-c","10":"product_tag-corsa","11":"product_tag-corsa-c","12":"product_tag-motor-alt-besigi","13":"product_tag-motor-besigi","14":"product_tag-motor-traversi","15":"product_tag-opel","16":"badges-style-3","18":"first","19":"instock","20":"shipping-taxable","21":"product-type-simple"},"_links":{"self":[{"href":"https:\/\/opelonka.com\/index.php?rest_route=\/wp\/v2\/product\/3811","targetHints":{"allow":["GET"]}}],"collection":[{"href":"https:\/\/opelonka.com\/index.php?rest_route=\/wp\/v2\/product"}],"about":[{"href":"https:\/\/opelonka.com\/index.php?rest_route=\/wp\/v2\/types\/product"}],"replies":[{"embeddable":true,"href":"https:\/\/opelonka.com\/index.php?rest_route=%2Fwp%2Fv2%2Fcomments&post=3811"}],"wp:featuredmedia":[{"embeddable":true,"href":"https:\/\/opelonka.com\/index.php?rest_route=\/wp\/v2\/media\/3809"}],"wp:attachment":[{"href":"https:\/\/opelonka.com\/index.php?rest_route=%2Fwp%2Fv2%2Fmedia&parent=3811"}],"curies":[{"name":"wp","href":"https:\/\/api.w.org\/{rel}","templated":true}]}}