{"id":3805,"date":"2021-01-19T09:54:30","date_gmt":"2021-01-19T09:54:30","guid":{"rendered":"http:\/\/opelonka.com\/?post_type=product&#038;p=3805"},"modified":"2022-11-08T17:55:12","modified_gmt":"2022-11-08T17:55:12","slug":"opel-astra-j-chevrolet-cruze-cikma-orjinal-motor-besigi","status":"publish","type":"product","link":"https:\/\/opelonka.com\/?product=opel-astra-j-chevrolet-cruze-cikma-orjinal-motor-besigi","title":{"rendered":"OPEL ASTRA J CHEVROLET CRUZE \u00c7IKMA ORJ\u0130NAL MOTOR BE\u015e\u0130\u011e\u0130"},"content":{"rendered":"<p><img loading=\"lazy\" decoding=\"async\" class=\"alignnone size-medium wp-image-3803\" src=\"https:\/\/opelonka.com\/wp-content\/uploads\/2021\/01\/ASTRA-J-CRUZ-\u00c7IKMA-300x180.jpg\" alt=\"\" width=\"300\" height=\"180\" srcset=\"https:\/\/opelonka.com\/wp-content\/uploads\/2021\/01\/ASTRA-J-CRUZ-\u00c7IKMA-300x180.jpg 300w, https:\/\/opelonka.com\/wp-content\/uploads\/2021\/01\/ASTRA-J-CRUZ-\u00c7IKMA-1024x614.jpg 1024w, https:\/\/opelonka.com\/wp-content\/uploads\/2021\/01\/ASTRA-J-CRUZ-\u00c7IKMA-768x461.jpg 768w, https:\/\/opelonka.com\/wp-content\/uploads\/2021\/01\/ASTRA-J-CRUZ-\u00c7IKMA-600x360.jpg 600w, https:\/\/opelonka.com\/wp-content\/uploads\/2021\/01\/ASTRA-J-CRUZ-\u00c7IKMA-64x38.jpg 64w, https:\/\/opelonka.com\/wp-content\/uploads\/2021\/01\/ASTRA-J-CRUZ-\u00c7IKMA.jpg 1224w\" sizes=\"auto, (max-width: 300px) 100vw, 300px\" \/> <img loading=\"lazy\" decoding=\"async\" class=\"alignnone size-medium wp-image-3802\" src=\"https:\/\/opelonka.com\/wp-content\/uploads\/2021\/01\/ASTRA-J-CRUZ-\u00c7IKMA-2-300x233.jpg\" alt=\"\" width=\"300\" height=\"233\" srcset=\"https:\/\/opelonka.com\/wp-content\/uploads\/2021\/01\/ASTRA-J-CRUZ-\u00c7IKMA-2-300x233.jpg 300w, https:\/\/opelonka.com\/wp-content\/uploads\/2021\/01\/ASTRA-J-CRUZ-\u00c7IKMA-2-768x597.jpg 768w, https:\/\/opelonka.com\/wp-content\/uploads\/2021\/01\/ASTRA-J-CRUZ-\u00c7IKMA-2-600x466.jpg 600w, https:\/\/opelonka.com\/wp-content\/uploads\/2021\/01\/ASTRA-J-CRUZ-\u00c7IKMA-2-64x50.jpg 64w, https:\/\/opelonka.com\/wp-content\/uploads\/2021\/01\/ASTRA-J-CRUZ-\u00c7IKMA-2.jpg 957w\" sizes=\"auto, (max-width: 300px) 100vw, 300px\" \/> <img loading=\"lazy\" decoding=\"async\" class=\"alignnone size-medium wp-image-3804\" src=\"https:\/\/opelonka.com\/wp-content\/uploads\/2021\/01\/ASTRA-J-CRUZ-\u00c7KMA-300x156.jpg\" alt=\"\" width=\"300\" height=\"156\" srcset=\"https:\/\/opelonka.com\/wp-content\/uploads\/2021\/01\/ASTRA-J-CRUZ-\u00c7KMA-300x156.jpg 300w, https:\/\/opelonka.com\/wp-content\/uploads\/2021\/01\/ASTRA-J-CRUZ-\u00c7KMA-1024x533.jpg 1024w, https:\/\/opelonka.com\/wp-content\/uploads\/2021\/01\/ASTRA-J-CRUZ-\u00c7KMA-768x400.jpg 768w, https:\/\/opelonka.com\/wp-content\/uploads\/2021\/01\/ASTRA-J-CRUZ-\u00c7KMA-600x313.jpg 600w, https:\/\/opelonka.com\/wp-content\/uploads\/2021\/01\/ASTRA-J-CRUZ-\u00c7KMA-64x33.jpg 64w, https:\/\/opelonka.com\/wp-content\/uploads\/2021\/01\/ASTRA-J-CRUZ-\u00c7KMA.jpg 1263w\" sizes=\"auto, (max-width: 300px) 100vw, 300px\" \/><\/p>\n<p>OPEL ASTRA J CHEVROLET CRUZE \u00c7IKMA ORJ\u0130NAL MOTOR ALT BE\u015e\u0130\u011e\u0130<\/p>\n<p>OPEL ASTRA J CHEVROLET CRUZE \u00c7IKMA ORJ\u0130NAL MOTOR BE\u015e\u0130\u011e\u0130<\/p>\n<p>OPEL ASTRA J CHEVROLET CRUZE \u00c7IKMA ORJ\u0130NAL MOTOR TRAVERS\u0130<\/p>\n","protected":false},"excerpt":{"rendered":"<p>OPEL ASTRA J CHEVROLET CRUZE \u00c7IKMA ORJ\u0130NAL MOTOR ALT BE\u015e\u0130\u011e\u0130<\/p>\n<p>OPEL ASTRA J CHEVROLET CRUZE \u00c7IKMA ORJ\u0130NAL MOTOR BE\u015e\u0130\u011e\u0130<\/p>\n<p>OPEL ASTRA J CHEVROLET CRUZE \u00c7IKMA ORJ\u0130NAL MOTOR TRAVERS\u0130<\/p>\n","protected":false},"featured_media":3802,"comment_status":"open","ping_status":"closed","template":"","meta":[],"class_list":{"0":"post-3805","1":"product","2":"type-product","3":"status-publish","4":"has-post-thumbnail","6":"product_cat-opel","7":"product_cat-astra","8":"product_cat-astra-j","9":"product_cat-chevrolet","10":"product_cat-cruze","11":"product_cat-cruze-hb","12":"product_cat-cruze-nb","13":"product_cat-on-dingil-ve-suspansiyon-astra-j","14":"product_cat-on-dingil-ve-suspansiyon-cruze-hb","15":"product_cat-on-dingil-ve-suspansiyon-cruze-nb","16":"product_tag-astra","17":"product_tag-astra-j","18":"product_tag-chevrolet","19":"product_tag-cruze","20":"product_tag-motor-alt-besigi","21":"product_tag-motor-besigi","22":"product_tag-motor-traversi","23":"product_tag-opel","24":"badges-style-3","26":"first","27":"instock","28":"shipping-taxable","29":"product-type-simple"},"_links":{"self":[{"href":"https:\/\/opelonka.com\/index.php?rest_route=\/wp\/v2\/product\/3805","targetHints":{"allow":["GET"]}}],"collection":[{"href":"https:\/\/opelonka.com\/index.php?rest_route=\/wp\/v2\/product"}],"about":[{"href":"https:\/\/opelonka.com\/index.php?rest_route=\/wp\/v2\/types\/product"}],"replies":[{"embeddable":true,"href":"https:\/\/opelonka.com\/index.php?rest_route=%2Fwp%2Fv2%2Fcomments&post=3805"}],"wp:featuredmedia":[{"embeddable":true,"href":"https:\/\/opelonka.com\/index.php?rest_route=\/wp\/v2\/media\/3802"}],"wp:attachment":[{"href":"https:\/\/opelonka.com\/index.php?rest_route=%2Fwp%2Fv2%2Fmedia&parent=3805"}],"curies":[{"name":"wp","href":"https:\/\/api.w.org\/{rel}","templated":true}]}}