{"id":3801,"date":"2021-01-19T09:05:58","date_gmt":"2021-01-19T09:05:58","guid":{"rendered":"http:\/\/opelonka.com\/?post_type=product&#038;p=3801"},"modified":"2024-10-01T11:00:43","modified_gmt":"2024-10-01T11:00:43","slug":"astra-j-cruze-sifir-yan-sanayi-motor-besigi","status":"publish","type":"product","link":"https:\/\/opelonka.com\/?product=astra-j-cruze-sifir-yan-sanayi-motor-besigi","title":{"rendered":"ASTRA J CRUZE SIFIR YAN SANAY\u0130 MOTOR BE\u015e\u0130\u011e\u0130"},"content":{"rendered":"<p><img loading=\"lazy\" decoding=\"async\" class=\"alignnone size-medium wp-image-3798\" src=\"https:\/\/opelonka.com\/wp-content\/uploads\/2021\/01\/ASTRA-J-CRUZ-300x225.jpg\" alt=\"\" width=\"300\" height=\"225\" srcset=\"https:\/\/opelonka.com\/wp-content\/uploads\/2021\/01\/ASTRA-J-CRUZ-300x225.jpg 300w, https:\/\/opelonka.com\/wp-content\/uploads\/2021\/01\/ASTRA-J-CRUZ-1024x768.jpg 1024w, https:\/\/opelonka.com\/wp-content\/uploads\/2021\/01\/ASTRA-J-CRUZ-768x576.jpg 768w, https:\/\/opelonka.com\/wp-content\/uploads\/2021\/01\/ASTRA-J-CRUZ-600x450.jpg 600w, https:\/\/opelonka.com\/wp-content\/uploads\/2021\/01\/ASTRA-J-CRUZ-64x48.jpg 64w, https:\/\/opelonka.com\/wp-content\/uploads\/2021\/01\/ASTRA-J-CRUZ.jpg 1280w\" sizes=\"auto, (max-width: 300px) 100vw, 300px\" \/> <img loading=\"lazy\" decoding=\"async\" class=\"alignnone size-medium wp-image-3799\" src=\"https:\/\/opelonka.com\/wp-content\/uploads\/2021\/01\/photo_2021-01-19_09-13-10-225x300.jpg\" alt=\"\" width=\"225\" height=\"300\" srcset=\"https:\/\/opelonka.com\/wp-content\/uploads\/2021\/01\/photo_2021-01-19_09-13-10-225x300.jpg 225w, https:\/\/opelonka.com\/wp-content\/uploads\/2021\/01\/photo_2021-01-19_09-13-10-768x1024.jpg 768w, https:\/\/opelonka.com\/wp-content\/uploads\/2021\/01\/photo_2021-01-19_09-13-10-600x800.jpg 600w, https:\/\/opelonka.com\/wp-content\/uploads\/2021\/01\/photo_2021-01-19_09-13-10-64x85.jpg 64w, https:\/\/opelonka.com\/wp-content\/uploads\/2021\/01\/photo_2021-01-19_09-13-10.jpg 960w\" sizes=\"auto, (max-width: 225px) 100vw, 225px\" \/> <img loading=\"lazy\" decoding=\"async\" class=\"alignnone size-medium wp-image-3800\" src=\"https:\/\/opelonka.com\/wp-content\/uploads\/2021\/01\/photo_2021-01-19_09-13-12-300x179.jpg\" alt=\"\" width=\"300\" height=\"179\" srcset=\"https:\/\/opelonka.com\/wp-content\/uploads\/2021\/01\/photo_2021-01-19_09-13-12-300x179.jpg 300w, https:\/\/opelonka.com\/wp-content\/uploads\/2021\/01\/photo_2021-01-19_09-13-12-1024x611.jpg 1024w, https:\/\/opelonka.com\/wp-content\/uploads\/2021\/01\/photo_2021-01-19_09-13-12-768x458.jpg 768w, https:\/\/opelonka.com\/wp-content\/uploads\/2021\/01\/photo_2021-01-19_09-13-12-600x358.jpg 600w, https:\/\/opelonka.com\/wp-content\/uploads\/2021\/01\/photo_2021-01-19_09-13-12-64x38.jpg 64w, https:\/\/opelonka.com\/wp-content\/uploads\/2021\/01\/photo_2021-01-19_09-13-12.jpg 1243w\" sizes=\"auto, (max-width: 300px) 100vw, 300px\" \/><\/p>\n<p>ASTRA J CRUZE SIFIR YAN SANAY\u0130 MOTOR BE\u015e\u0130\u011e\u0130<\/p>\n<p>ASTRA J CRUZE SIFIR YAN SANAY\u0130 MOTOR TRAVERS\u0130<\/p>\n<p>ASTRA J CRUZE SIFIR YAN SANAY\u0130 MOTOR ALT BE\u015e\u0130\u011e\u0130<\/p>\n","protected":false},"excerpt":{"rendered":"<p>ASTRA J CRUZE SIFIR YAN SANAY\u0130 MOTOR BE\u015e\u0130\u011e\u0130<\/p>\n<p>ASTRA J CRUZE SIFIR YAN SANAY\u0130 MOTOR TRAVERS\u0130<\/p>\n<p>ASTRA J CRUZE SIFIR YAN SANAY\u0130 MOTOR ALT BE\u015e\u0130\u011e\u0130<\/p>\n","protected":false},"featured_media":3800,"comment_status":"open","ping_status":"closed","template":"","meta":[],"class_list":{"0":"post-3801","1":"product","2":"type-product","3":"status-publish","4":"has-post-thumbnail","6":"product_cat-opel","7":"product_cat-astra","8":"product_cat-astra-j","9":"product_cat-chevrolet","10":"product_cat-cruze","11":"product_cat-cruze-hb","12":"product_cat-cruze-nb","13":"product_cat-on-dingil-ve-suspansiyon-astra-j","14":"product_cat-on-dingil-ve-suspansiyon-cruze-hb","15":"product_cat-on-dingil-ve-suspansiyon-cruze-nb","16":"product_tag-astra","17":"product_tag-astra-j","18":"product_tag-chevrolet","19":"product_tag-cruze","20":"product_tag-motor-alt-besigi","21":"product_tag-motor-besigi","22":"product_tag-motor-traversi","23":"product_tag-opel","24":"badges-style-3","26":"first","27":"instock","28":"shipping-taxable","29":"product-type-simple"},"_links":{"self":[{"href":"https:\/\/opelonka.com\/index.php?rest_route=\/wp\/v2\/product\/3801","targetHints":{"allow":["GET"]}}],"collection":[{"href":"https:\/\/opelonka.com\/index.php?rest_route=\/wp\/v2\/product"}],"about":[{"href":"https:\/\/opelonka.com\/index.php?rest_route=\/wp\/v2\/types\/product"}],"replies":[{"embeddable":true,"href":"https:\/\/opelonka.com\/index.php?rest_route=%2Fwp%2Fv2%2Fcomments&post=3801"}],"wp:featuredmedia":[{"embeddable":true,"href":"https:\/\/opelonka.com\/index.php?rest_route=\/wp\/v2\/media\/3800"}],"wp:attachment":[{"href":"https:\/\/opelonka.com\/index.php?rest_route=%2Fwp%2Fv2%2Fmedia&parent=3801"}],"curies":[{"name":"wp","href":"https:\/\/api.w.org\/{rel}","templated":true}]}}