{"id":3797,"date":"2021-01-19T08:54:36","date_gmt":"2021-01-19T08:54:36","guid":{"rendered":"http:\/\/opelonka.com\/?post_type=product&#038;p=3797"},"modified":"2024-07-22T14:35:12","modified_gmt":"2024-07-22T14:35:12","slug":"astra-g-astra-h-motor-besigi-cikma-orjinal","status":"publish","type":"product","link":"https:\/\/opelonka.com\/?product=astra-g-astra-h-motor-besigi-cikma-orjinal","title":{"rendered":"ASTRA G ASTRA H  MOTOR BE\u015e\u0130\u011e\u0130 \u00c7IKMA ORJ\u0130NAL"},"content":{"rendered":"<p><img loading=\"lazy\" decoding=\"async\" class=\"alignnone size-medium wp-image-3796\" src=\"https:\/\/opelonka.com\/wp-content\/uploads\/2021\/01\/photo_2021-01-19_09-13-52-300x263.jpg\" alt=\"\" width=\"300\" height=\"263\" srcset=\"https:\/\/opelonka.com\/wp-content\/uploads\/2021\/01\/photo_2021-01-19_09-13-52-300x263.jpg 300w, https:\/\/opelonka.com\/wp-content\/uploads\/2021\/01\/photo_2021-01-19_09-13-52-768x672.jpg 768w, https:\/\/opelonka.com\/wp-content\/uploads\/2021\/01\/photo_2021-01-19_09-13-52-600x525.jpg 600w, https:\/\/opelonka.com\/wp-content\/uploads\/2021\/01\/photo_2021-01-19_09-13-52-64x56.jpg 64w, https:\/\/opelonka.com\/wp-content\/uploads\/2021\/01\/photo_2021-01-19_09-13-52.jpg 777w\" sizes=\"auto, (max-width: 300px) 100vw, 300px\" \/> <img loading=\"lazy\" decoding=\"async\" class=\"alignnone size-medium wp-image-3795\" src=\"https:\/\/opelonka.com\/wp-content\/uploads\/2021\/01\/photo_2021-01-19_09-13-47-300x225.jpg\" alt=\"\" width=\"300\" height=\"225\" srcset=\"https:\/\/opelonka.com\/wp-content\/uploads\/2021\/01\/photo_2021-01-19_09-13-47-300x225.jpg 300w, https:\/\/opelonka.com\/wp-content\/uploads\/2021\/01\/photo_2021-01-19_09-13-47-1024x768.jpg 1024w, https:\/\/opelonka.com\/wp-content\/uploads\/2021\/01\/photo_2021-01-19_09-13-47-768x576.jpg 768w, https:\/\/opelonka.com\/wp-content\/uploads\/2021\/01\/photo_2021-01-19_09-13-47-600x450.jpg 600w, https:\/\/opelonka.com\/wp-content\/uploads\/2021\/01\/photo_2021-01-19_09-13-47-64x48.jpg 64w, https:\/\/opelonka.com\/wp-content\/uploads\/2021\/01\/photo_2021-01-19_09-13-47.jpg 1280w\" sizes=\"auto, (max-width: 300px) 100vw, 300px\" \/> <img loading=\"lazy\" decoding=\"async\" class=\"alignnone size-medium wp-image-3794\" src=\"https:\/\/opelonka.com\/wp-content\/uploads\/2021\/01\/ASTRA-G-H-300x225.jpg\" alt=\"\" width=\"300\" height=\"225\" srcset=\"https:\/\/opelonka.com\/wp-content\/uploads\/2021\/01\/ASTRA-G-H-300x225.jpg 300w, https:\/\/opelonka.com\/wp-content\/uploads\/2021\/01\/ASTRA-G-H-1024x768.jpg 1024w, https:\/\/opelonka.com\/wp-content\/uploads\/2021\/01\/ASTRA-G-H-768x576.jpg 768w, https:\/\/opelonka.com\/wp-content\/uploads\/2021\/01\/ASTRA-G-H-600x450.jpg 600w, https:\/\/opelonka.com\/wp-content\/uploads\/2021\/01\/ASTRA-G-H-64x48.jpg 64w, https:\/\/opelonka.com\/wp-content\/uploads\/2021\/01\/ASTRA-G-H.jpg 1280w\" sizes=\"auto, (max-width: 300px) 100vw, 300px\" \/> <img loading=\"lazy\" decoding=\"async\" class=\"alignnone size-medium wp-image-3793\" src=\"https:\/\/opelonka.com\/wp-content\/uploads\/2021\/01\/ASTRA-G-H-5-243x300.jpg\" alt=\"\" width=\"243\" height=\"300\" srcset=\"https:\/\/opelonka.com\/wp-content\/uploads\/2021\/01\/ASTRA-G-H-5-243x300.jpg 243w, https:\/\/opelonka.com\/wp-content\/uploads\/2021\/01\/ASTRA-G-H-5-831x1024.jpg 831w, https:\/\/opelonka.com\/wp-content\/uploads\/2021\/01\/ASTRA-G-H-5-768x947.jpg 768w, https:\/\/opelonka.com\/wp-content\/uploads\/2021\/01\/ASTRA-G-H-5-600x740.jpg 600w, https:\/\/opelonka.com\/wp-content\/uploads\/2021\/01\/ASTRA-G-H-5-64x79.jpg 64w, https:\/\/opelonka.com\/wp-content\/uploads\/2021\/01\/ASTRA-G-H-5.jpg 920w\" sizes=\"auto, (max-width: 243px) 100vw, 243px\" \/> <img loading=\"lazy\" decoding=\"async\" class=\"alignnone size-medium wp-image-3792\" src=\"https:\/\/opelonka.com\/wp-content\/uploads\/2021\/01\/ASTRA-G-H-2-225x300.jpg\" alt=\"\" width=\"225\" height=\"300\" srcset=\"https:\/\/opelonka.com\/wp-content\/uploads\/2021\/01\/ASTRA-G-H-2-225x300.jpg 225w, https:\/\/opelonka.com\/wp-content\/uploads\/2021\/01\/ASTRA-G-H-2-768x1024.jpg 768w, https:\/\/opelonka.com\/wp-content\/uploads\/2021\/01\/ASTRA-G-H-2-600x800.jpg 600w, https:\/\/opelonka.com\/wp-content\/uploads\/2021\/01\/ASTRA-G-H-2-64x85.jpg 64w, https:\/\/opelonka.com\/wp-content\/uploads\/2021\/01\/ASTRA-G-H-2.jpg 960w\" sizes=\"auto, (max-width: 225px) 100vw, 225px\" \/><\/p>\n<p>ASTRA G ASTRA H MOTOR BE\u015e\u0130\u011e\u0130 \u00c7IKMA ORJ\u0130NAL<\/p>\n<p>ASTRA G ASTRA H TRAVERS \u00c7IKMA ORJ\u0130NAL<\/p>\n<p>ASTRA G ASTRA H MOTOR ALT BE\u015e\u0130\u011e\u0130 \u00c7IKMA ORJ\u0130NAL<\/p>\n","protected":false},"excerpt":{"rendered":"<p>ASTRA G ASTRA H MOTOR BE\u015e\u0130\u011e\u0130 \u00c7IKMA ORJ\u0130NAL<\/p>\n<p>ASTRA G ASTRA H TRAVERS \u00c7IKMA ORJ\u0130NAL<\/p>\n<p>ASTRA G ASTRA H MOTOR ALT BE\u015e\u0130\u011e\u0130 \u00c7IKMA ORJ\u0130NAL<\/p>\n","protected":false},"featured_media":3794,"comment_status":"open","ping_status":"closed","template":"","meta":[],"class_list":{"0":"post-3797","1":"product","2":"type-product","3":"status-publish","4":"has-post-thumbnail","6":"product_cat-opel","7":"product_cat-astra","8":"product_cat-astra-g","9":"product_cat-astra-h","10":"product_cat-on-dingil-ve-suspansiyon-astra-h","11":"product_cat-on-dingil-ve-suspansiyon-astra-g","12":"product_tag-astra","13":"product_tag-astra-g","14":"product_tag-astra-h","15":"product_tag-motor-alt-besigi","16":"product_tag-motor-besigi","17":"product_tag-motor-traversi","18":"product_tag-opel","19":"badges-style-3","21":"first","22":"instock","23":"shipping-taxable","24":"product-type-simple"},"_links":{"self":[{"href":"https:\/\/opelonka.com\/index.php?rest_route=\/wp\/v2\/product\/3797","targetHints":{"allow":["GET"]}}],"collection":[{"href":"https:\/\/opelonka.com\/index.php?rest_route=\/wp\/v2\/product"}],"about":[{"href":"https:\/\/opelonka.com\/index.php?rest_route=\/wp\/v2\/types\/product"}],"replies":[{"embeddable":true,"href":"https:\/\/opelonka.com\/index.php?rest_route=%2Fwp%2Fv2%2Fcomments&post=3797"}],"wp:featuredmedia":[{"embeddable":true,"href":"https:\/\/opelonka.com\/index.php?rest_route=\/wp\/v2\/media\/3794"}],"wp:attachment":[{"href":"https:\/\/opelonka.com\/index.php?rest_route=%2Fwp%2Fv2%2Fmedia&parent=3797"}],"curies":[{"name":"wp","href":"https:\/\/api.w.org\/{rel}","templated":true}]}}