{"id":3791,"date":"2021-01-19T08:36:08","date_gmt":"2021-01-19T08:36:08","guid":{"rendered":"http:\/\/opelonka.com\/?post_type=product&#038;p=3791"},"modified":"2024-11-25T03:48:45","modified_gmt":"2024-11-25T03:48:45","slug":"astra-f-vectra-a-motor-besigi-yeni-yan-sanayi","status":"publish","type":"product","link":"https:\/\/opelonka.com\/?product=astra-f-vectra-a-motor-besigi-yeni-yan-sanayi","title":{"rendered":"ASTRA F VECTRA A MOTOR BE\u015e\u0130\u011e\u0130 YEN\u0130 YAN SANAY\u0130"},"content":{"rendered":"<p><img loading=\"lazy\" decoding=\"async\" class=\"alignnone size-medium wp-image-3790\" src=\"https:\/\/opelonka.com\/wp-content\/uploads\/2021\/01\/ASTRA-V-VECTRA-A-225x300.jpg\" alt=\"\" width=\"225\" height=\"300\" srcset=\"https:\/\/opelonka.com\/wp-content\/uploads\/2021\/01\/ASTRA-V-VECTRA-A-225x300.jpg 225w, https:\/\/opelonka.com\/wp-content\/uploads\/2021\/01\/ASTRA-V-VECTRA-A-768x1024.jpg 768w, https:\/\/opelonka.com\/wp-content\/uploads\/2021\/01\/ASTRA-V-VECTRA-A-600x800.jpg 600w, https:\/\/opelonka.com\/wp-content\/uploads\/2021\/01\/ASTRA-V-VECTRA-A-64x85.jpg 64w, https:\/\/opelonka.com\/wp-content\/uploads\/2021\/01\/ASTRA-V-VECTRA-A.jpg 960w\" sizes=\"auto, (max-width: 225px) 100vw, 225px\" \/> <img loading=\"lazy\" decoding=\"async\" class=\"alignnone size-medium wp-image-3789\" src=\"https:\/\/opelonka.com\/wp-content\/uploads\/2021\/01\/ASTRA-F-VECTRA-A-2-300x229.jpg\" alt=\"\" width=\"300\" height=\"229\" srcset=\"https:\/\/opelonka.com\/wp-content\/uploads\/2021\/01\/ASTRA-F-VECTRA-A-2-300x229.jpg 300w, https:\/\/opelonka.com\/wp-content\/uploads\/2021\/01\/ASTRA-F-VECTRA-A-2-768x587.jpg 768w, https:\/\/opelonka.com\/wp-content\/uploads\/2021\/01\/ASTRA-F-VECTRA-A-2-600x459.jpg 600w, https:\/\/opelonka.com\/wp-content\/uploads\/2021\/01\/ASTRA-F-VECTRA-A-2-64x49.jpg 64w, https:\/\/opelonka.com\/wp-content\/uploads\/2021\/01\/ASTRA-F-VECTRA-A-2.jpg 1020w\" sizes=\"auto, (max-width: 300px) 100vw, 300px\" \/> <img loading=\"lazy\" decoding=\"async\" class=\"alignnone size-medium wp-image-3788\" src=\"https:\/\/opelonka.com\/wp-content\/uploads\/2021\/01\/ASTRA-F-VECTRA-A-1-225x300.jpg\" alt=\"\" width=\"225\" height=\"300\" srcset=\"https:\/\/opelonka.com\/wp-content\/uploads\/2021\/01\/ASTRA-F-VECTRA-A-1-225x300.jpg 225w, https:\/\/opelonka.com\/wp-content\/uploads\/2021\/01\/ASTRA-F-VECTRA-A-1-768x1024.jpg 768w, https:\/\/opelonka.com\/wp-content\/uploads\/2021\/01\/ASTRA-F-VECTRA-A-1-600x800.jpg 600w, https:\/\/opelonka.com\/wp-content\/uploads\/2021\/01\/ASTRA-F-VECTRA-A-1-64x85.jpg 64w, https:\/\/opelonka.com\/wp-content\/uploads\/2021\/01\/ASTRA-F-VECTRA-A-1.jpg 960w\" sizes=\"auto, (max-width: 225px) 100vw, 225px\" \/><\/p>\n<p>ASTRA F VECTRA A BE\u015e\u0130K YEN\u0130 YAN SANAY\u0130<\/p>\n<p>ASTRA F VECTRA A MOTOR TRAVERS\u0130<\/p>\n<p>ASTRA F VECTRA A MOTOR ALT BE\u015e\u0130\u011e\u0130<\/p>\n","protected":false},"excerpt":{"rendered":"<p>ASTRA F VECTRA A BE\u015e\u0130K YEN\u0130 YAN SANAY\u0130<\/p>\n<p>ASTRA F VECTRA A MOTOR TRAVERS\u0130<\/p>\n<p>ASTRA F VECTRA A MOTOR ALT BE\u015e\u0130\u011e\u0130<\/p>\n","protected":false},"featured_media":3789,"comment_status":"open","ping_status":"closed","template":"","meta":[],"class_list":{"0":"post-3791","1":"product","2":"type-product","3":"status-publish","4":"has-post-thumbnail","6":"product_cat-opel","7":"product_cat-astra","8":"product_cat-astra-f","9":"product_cat-on-dingil-ve-suspansiyon-astra-f","10":"product_cat-on-dingil-ve-suspansiyon-vectra-a","11":"product_cat-vectra","12":"product_cat-vectra-a","13":"product_tag-astra","14":"product_tag-astra-f","15":"product_tag-besik","16":"product_tag-motor","17":"product_tag-motor-besigi","18":"product_tag-motor-traversi","19":"product_tag-on-besik","20":"product_tag-travers","21":"product_tag-vectra","22":"product_tag-vectra-a","23":"badges-style-3","25":"first","26":"instock","27":"shipping-taxable","28":"product-type-simple"},"_links":{"self":[{"href":"https:\/\/opelonka.com\/index.php?rest_route=\/wp\/v2\/product\/3791","targetHints":{"allow":["GET"]}}],"collection":[{"href":"https:\/\/opelonka.com\/index.php?rest_route=\/wp\/v2\/product"}],"about":[{"href":"https:\/\/opelonka.com\/index.php?rest_route=\/wp\/v2\/types\/product"}],"replies":[{"embeddable":true,"href":"https:\/\/opelonka.com\/index.php?rest_route=%2Fwp%2Fv2%2Fcomments&post=3791"}],"wp:featuredmedia":[{"embeddable":true,"href":"https:\/\/opelonka.com\/index.php?rest_route=\/wp\/v2\/media\/3789"}],"wp:attachment":[{"href":"https:\/\/opelonka.com\/index.php?rest_route=%2Fwp%2Fv2%2Fmedia&parent=3791"}],"curies":[{"name":"wp","href":"https:\/\/api.w.org\/{rel}","templated":true}]}}