{"id":3732,"date":"2021-01-18T08:48:38","date_gmt":"2021-01-18T08:48:38","guid":{"rendered":"http:\/\/opelonka.com\/?post_type=product&#038;p=3732"},"modified":"2021-01-18T09:36:17","modified_gmt":"2021-01-18T09:36:17","slug":"captiva-torpido-sifir","status":"publish","type":"product","link":"https:\/\/opelonka.com\/?product=captiva-torpido-sifir","title":{"rendered":"CHEVROLET CAPT\u0130VA S\u00d6KME ORJ\u0130NAL TORP\u0130DO"},"content":{"rendered":"<p><img loading=\"lazy\" decoding=\"async\" class=\"alignnone size-medium wp-image-3730\" src=\"https:\/\/opelonka.com\/wp-content\/uploads\/2021\/01\/photo_2021-01-14_16-04-06-300x220.jpg\" alt=\"\" width=\"300\" height=\"220\" srcset=\"https:\/\/opelonka.com\/wp-content\/uploads\/2021\/01\/photo_2021-01-14_16-04-06-300x220.jpg 300w, https:\/\/opelonka.com\/wp-content\/uploads\/2021\/01\/photo_2021-01-14_16-04-06-1024x752.jpg 1024w, https:\/\/opelonka.com\/wp-content\/uploads\/2021\/01\/photo_2021-01-14_16-04-06-768x564.jpg 768w, https:\/\/opelonka.com\/wp-content\/uploads\/2021\/01\/photo_2021-01-14_16-04-06-600x440.jpg 600w, https:\/\/opelonka.com\/wp-content\/uploads\/2021\/01\/photo_2021-01-14_16-04-06-64x47.jpg 64w, https:\/\/opelonka.com\/wp-content\/uploads\/2021\/01\/photo_2021-01-14_16-04-06.jpg 1128w\" sizes=\"auto, (max-width: 300px) 100vw, 300px\" \/> <img loading=\"lazy\" decoding=\"async\" class=\"alignnone size-medium wp-image-3729\" src=\"https:\/\/opelonka.com\/wp-content\/uploads\/2021\/01\/photo_2021-01-14_16-04-04-300x167.jpg\" alt=\"\" width=\"300\" height=\"167\" srcset=\"https:\/\/opelonka.com\/wp-content\/uploads\/2021\/01\/photo_2021-01-14_16-04-04-300x167.jpg 300w, https:\/\/opelonka.com\/wp-content\/uploads\/2021\/01\/photo_2021-01-14_16-04-04-1024x572.jpg 1024w, https:\/\/opelonka.com\/wp-content\/uploads\/2021\/01\/photo_2021-01-14_16-04-04-768x429.jpg 768w, https:\/\/opelonka.com\/wp-content\/uploads\/2021\/01\/photo_2021-01-14_16-04-04-600x335.jpg 600w, https:\/\/opelonka.com\/wp-content\/uploads\/2021\/01\/photo_2021-01-14_16-04-04-64x36.jpg 64w, https:\/\/opelonka.com\/wp-content\/uploads\/2021\/01\/photo_2021-01-14_16-04-04.jpg 1184w\" sizes=\"auto, (max-width: 300px) 100vw, 300px\" \/> <img loading=\"lazy\" decoding=\"async\" class=\"alignnone size-medium wp-image-3731\" src=\"https:\/\/opelonka.com\/wp-content\/uploads\/2021\/01\/photo_2021-01-14_16-04-09-300x197.jpg\" alt=\"\" width=\"300\" height=\"197\" srcset=\"https:\/\/opelonka.com\/wp-content\/uploads\/2021\/01\/photo_2021-01-14_16-04-09-300x197.jpg 300w, https:\/\/opelonka.com\/wp-content\/uploads\/2021\/01\/photo_2021-01-14_16-04-09-1024x673.jpg 1024w, https:\/\/opelonka.com\/wp-content\/uploads\/2021\/01\/photo_2021-01-14_16-04-09-768x505.jpg 768w, https:\/\/opelonka.com\/wp-content\/uploads\/2021\/01\/photo_2021-01-14_16-04-09-600x395.jpg 600w, https:\/\/opelonka.com\/wp-content\/uploads\/2021\/01\/photo_2021-01-14_16-04-09-64x42.jpg 64w, https:\/\/opelonka.com\/wp-content\/uploads\/2021\/01\/photo_2021-01-14_16-04-09.jpg 1130w\" sizes=\"auto, (max-width: 300px) 100vw, 300px\" \/> <img loading=\"lazy\" decoding=\"async\" class=\"alignnone size-medium wp-image-3728\" src=\"https:\/\/opelonka.com\/wp-content\/uploads\/2021\/01\/photo_2021-01-14_16-04-01-300x174.jpg\" alt=\"\" width=\"300\" height=\"174\" srcset=\"https:\/\/opelonka.com\/wp-content\/uploads\/2021\/01\/photo_2021-01-14_16-04-01-300x174.jpg 300w, https:\/\/opelonka.com\/wp-content\/uploads\/2021\/01\/photo_2021-01-14_16-04-01-1024x593.jpg 1024w, https:\/\/opelonka.com\/wp-content\/uploads\/2021\/01\/photo_2021-01-14_16-04-01-768x445.jpg 768w, https:\/\/opelonka.com\/wp-content\/uploads\/2021\/01\/photo_2021-01-14_16-04-01-600x347.jpg 600w, https:\/\/opelonka.com\/wp-content\/uploads\/2021\/01\/photo_2021-01-14_16-04-01-64x37.jpg 64w, https:\/\/opelonka.com\/wp-content\/uploads\/2021\/01\/photo_2021-01-14_16-04-01.jpg 1280w\" sizes=\"auto, (max-width: 300px) 100vw, 300px\" \/> <img loading=\"lazy\" decoding=\"async\" class=\"alignnone size-medium wp-image-3727\" src=\"https:\/\/opelonka.com\/wp-content\/uploads\/2021\/01\/photo_2021-01-14_16-03-49-264x300.jpg\" alt=\"\" width=\"264\" height=\"300\" srcset=\"https:\/\/opelonka.com\/wp-content\/uploads\/2021\/01\/photo_2021-01-14_16-03-49-264x300.jpg 264w, https:\/\/opelonka.com\/wp-content\/uploads\/2021\/01\/photo_2021-01-14_16-03-49-901x1024.jpg 901w, https:\/\/opelonka.com\/wp-content\/uploads\/2021\/01\/photo_2021-01-14_16-03-49-768x873.jpg 768w, https:\/\/opelonka.com\/wp-content\/uploads\/2021\/01\/photo_2021-01-14_16-03-49-600x682.jpg 600w, https:\/\/opelonka.com\/wp-content\/uploads\/2021\/01\/photo_2021-01-14_16-03-49-64x73.jpg 64w, https:\/\/opelonka.com\/wp-content\/uploads\/2021\/01\/photo_2021-01-14_16-03-49.jpg 950w\" sizes=\"auto, (max-width: 264px) 100vw, 264px\" \/><\/p>\n","protected":false},"excerpt":{"rendered":"","protected":false},"featured_media":3730,"comment_status":"open","ping_status":"closed","template":"","meta":[],"class_list":{"0":"post-3732","1":"product","2":"type-product","3":"status-publish","4":"has-post-thumbnail","6":"product_cat-captiva","7":"product_cat-captiva-c100","8":"product_cat-captiva-c140","9":"product_cat-chevrolet","10":"product_cat-karoseri-ic-parcalar-captiva-c140","11":"product_cat-karoseri-ic-parcalar-captiva-c100","12":"badges-style-3","14":"first","15":"instock","16":"shipping-taxable","17":"product-type-simple"},"_links":{"self":[{"href":"https:\/\/opelonka.com\/index.php?rest_route=\/wp\/v2\/product\/3732","targetHints":{"allow":["GET"]}}],"collection":[{"href":"https:\/\/opelonka.com\/index.php?rest_route=\/wp\/v2\/product"}],"about":[{"href":"https:\/\/opelonka.com\/index.php?rest_route=\/wp\/v2\/types\/product"}],"replies":[{"embeddable":true,"href":"https:\/\/opelonka.com\/index.php?rest_route=%2Fwp%2Fv2%2Fcomments&post=3732"}],"wp:featuredmedia":[{"embeddable":true,"href":"https:\/\/opelonka.com\/index.php?rest_route=\/wp\/v2\/media\/3730"}],"wp:attachment":[{"href":"https:\/\/opelonka.com\/index.php?rest_route=%2Fwp%2Fv2%2Fmedia&parent=3732"}],"curies":[{"name":"wp","href":"https:\/\/api.w.org\/{rel}","templated":true}]}}