{"id":3722,"date":"2021-01-12T14:31:41","date_gmt":"2021-01-12T14:31:41","guid":{"rendered":"http:\/\/opelonka.com\/?post_type=product&#038;p=3722"},"modified":"2021-01-12T14:34:19","modified_gmt":"2021-01-12T14:34:19","slug":"opel-on-tetik","status":"publish","type":"product","link":"https:\/\/opelonka.com\/?product=opel-on-tetik","title":{"rendered":"OPEL \u00d6N TET\u0130K EMN\u0130YET KEMER\u0130"},"content":{"rendered":"<p><img loading=\"lazy\" decoding=\"async\" class=\"alignnone size-medium wp-image-3721\" src=\"https:\/\/opelonka.com\/wp-content\/uploads\/2021\/01\/photo_2021-01-12_10-49-09-1-300x225.jpg\" alt=\"\" width=\"300\" height=\"225\" srcset=\"https:\/\/opelonka.com\/wp-content\/uploads\/2021\/01\/photo_2021-01-12_10-49-09-1-300x225.jpg 300w, https:\/\/opelonka.com\/wp-content\/uploads\/2021\/01\/photo_2021-01-12_10-49-09-1-1024x768.jpg 1024w, https:\/\/opelonka.com\/wp-content\/uploads\/2021\/01\/photo_2021-01-12_10-49-09-1-768x576.jpg 768w, https:\/\/opelonka.com\/wp-content\/uploads\/2021\/01\/photo_2021-01-12_10-49-09-1-600x450.jpg 600w, https:\/\/opelonka.com\/wp-content\/uploads\/2021\/01\/photo_2021-01-12_10-49-09-1-64x48.jpg 64w, https:\/\/opelonka.com\/wp-content\/uploads\/2021\/01\/photo_2021-01-12_10-49-09-1.jpg 1280w\" sizes=\"auto, (max-width: 300px) 100vw, 300px\" \/> <img loading=\"lazy\" decoding=\"async\" class=\"alignnone size-medium wp-image-3720\" src=\"https:\/\/opelonka.com\/wp-content\/uploads\/2021\/01\/photo_2021-01-12_10-49-07-300x225.jpg\" alt=\"\" width=\"300\" height=\"225\" srcset=\"https:\/\/opelonka.com\/wp-content\/uploads\/2021\/01\/photo_2021-01-12_10-49-07-300x225.jpg 300w, https:\/\/opelonka.com\/wp-content\/uploads\/2021\/01\/photo_2021-01-12_10-49-07-1024x768.jpg 1024w, https:\/\/opelonka.com\/wp-content\/uploads\/2021\/01\/photo_2021-01-12_10-49-07-768x576.jpg 768w, https:\/\/opelonka.com\/wp-content\/uploads\/2021\/01\/photo_2021-01-12_10-49-07-600x450.jpg 600w, https:\/\/opelonka.com\/wp-content\/uploads\/2021\/01\/photo_2021-01-12_10-49-07-64x48.jpg 64w, https:\/\/opelonka.com\/wp-content\/uploads\/2021\/01\/photo_2021-01-12_10-49-07.jpg 1280w\" sizes=\"auto, (max-width: 300px) 100vw, 300px\" \/> <img loading=\"lazy\" decoding=\"async\" class=\"alignnone size-medium wp-image-3717\" src=\"https:\/\/opelonka.com\/wp-content\/uploads\/2021\/01\/photo_2021-01-12_10-48-49-300x225.jpg\" alt=\"\" width=\"300\" height=\"225\" srcset=\"https:\/\/opelonka.com\/wp-content\/uploads\/2021\/01\/photo_2021-01-12_10-48-49-300x225.jpg 300w, https:\/\/opelonka.com\/wp-content\/uploads\/2021\/01\/photo_2021-01-12_10-48-49-1024x768.jpg 1024w, https:\/\/opelonka.com\/wp-content\/uploads\/2021\/01\/photo_2021-01-12_10-48-49-768x576.jpg 768w, https:\/\/opelonka.com\/wp-content\/uploads\/2021\/01\/photo_2021-01-12_10-48-49-600x450.jpg 600w, https:\/\/opelonka.com\/wp-content\/uploads\/2021\/01\/photo_2021-01-12_10-48-49-64x48.jpg 64w, https:\/\/opelonka.com\/wp-content\/uploads\/2021\/01\/photo_2021-01-12_10-48-49.jpg 1280w\" sizes=\"auto, (max-width: 300px) 100vw, 300px\" \/> <img loading=\"lazy\" decoding=\"async\" class=\"alignnone size-medium wp-image-3716\" src=\"https:\/\/opelonka.com\/wp-content\/uploads\/2021\/01\/photo_2021-01-12_10-48-46-300x225.jpg\" alt=\"\" width=\"300\" height=\"225\" srcset=\"https:\/\/opelonka.com\/wp-content\/uploads\/2021\/01\/photo_2021-01-12_10-48-46-300x225.jpg 300w, https:\/\/opelonka.com\/wp-content\/uploads\/2021\/01\/photo_2021-01-12_10-48-46-1024x768.jpg 1024w, https:\/\/opelonka.com\/wp-content\/uploads\/2021\/01\/photo_2021-01-12_10-48-46-768x576.jpg 768w, https:\/\/opelonka.com\/wp-content\/uploads\/2021\/01\/photo_2021-01-12_10-48-46-600x450.jpg 600w, https:\/\/opelonka.com\/wp-content\/uploads\/2021\/01\/photo_2021-01-12_10-48-46-64x48.jpg 64w, https:\/\/opelonka.com\/wp-content\/uploads\/2021\/01\/photo_2021-01-12_10-48-46.jpg 1280w\" sizes=\"auto, (max-width: 300px) 100vw, 300px\" \/><\/p>\n","protected":false},"excerpt":{"rendered":"","protected":false},"featured_media":3720,"comment_status":"open","ping_status":"closed","template":"","meta":[],"class_list":{"0":"post-3722","1":"product","2":"type-product","3":"status-publish","4":"has-post-thumbnail","6":"product_cat-opel","7":"product_cat-astra","8":"product_cat-astra-g","9":"product_cat-astra-h","10":"product_cat-corsa","11":"product_cat-corsa-b","12":"product_cat-corsa-c","13":"product_cat-karoseri-ic-parcalar-vectra-b","14":"product_cat-karoseri-ic-parcalar-astra-g","15":"product_cat-karoseri-ic-parcalar-omega-a","16":"product_cat-karoseri-ic-parcalar-zafira-a","17":"product_cat-karoseri-ic-parcalar-astra-h","18":"product_cat-karoseri-ic-parcalar-tigra-a","19":"product_cat-karoseri-ic-parcalar-corsa-b","20":"product_cat-karoseri-ic-parcalar-tigra-b","21":"product_cat-karoseri-ic-parcalar-corsa-c","22":"product_cat-karoseri-ic-parcalar-vectra-a","23":"product_cat-karoseri-ic-parcalar-astra-f","24":"product_cat-karoseri-ic-parcalar-meriva-a","25":"product_cat-meriva","26":"product_cat-omega","27":"product_cat-omega-a","28":"product_cat-tigra","29":"product_cat-tigra-a","30":"product_cat-tigra-b","31":"product_cat-vectra","32":"product_cat-vectra-b","33":"product_cat-zafira","34":"product_cat-zafira-a","35":"product_tag-astra","36":"product_tag-astra-f","37":"product_tag-astra-g","38":"product_tag-astra-h","39":"product_tag-corsa","40":"product_tag-emniyet-kemeri","41":"product_tag-on-tetik","42":"product_tag-opel","43":"product_tag-tetik","44":"product_tag-vectra","45":"product_tag-vectra-b","46":"product_tag-vectraa","47":"badges-style-3","49":"first","50":"instock","51":"shipping-taxable","52":"product-type-simple"},"_links":{"self":[{"href":"https:\/\/opelonka.com\/index.php?rest_route=\/wp\/v2\/product\/3722","targetHints":{"allow":["GET"]}}],"collection":[{"href":"https:\/\/opelonka.com\/index.php?rest_route=\/wp\/v2\/product"}],"about":[{"href":"https:\/\/opelonka.com\/index.php?rest_route=\/wp\/v2\/types\/product"}],"replies":[{"embeddable":true,"href":"https:\/\/opelonka.com\/index.php?rest_route=%2Fwp%2Fv2%2Fcomments&post=3722"}],"wp:featuredmedia":[{"embeddable":true,"href":"https:\/\/opelonka.com\/index.php?rest_route=\/wp\/v2\/media\/3720"}],"wp:attachment":[{"href":"https:\/\/opelonka.com\/index.php?rest_route=%2Fwp%2Fv2%2Fmedia&parent=3722"}],"curies":[{"name":"wp","href":"https:\/\/api.w.org\/{rel}","templated":true}]}}