{"id":3706,"date":"2021-01-12T13:01:42","date_gmt":"2021-01-12T13:01:42","guid":{"rendered":"http:\/\/opelonka.com\/?post_type=product&#038;p=3706"},"modified":"2021-01-12T13:01:42","modified_gmt":"2021-01-12T13:01:42","slug":"vivaro-emniyet-kemeti-tetik","status":"publish","type":"product","link":"https:\/\/opelonka.com\/?product=vivaro-emniyet-kemeti-tetik","title":{"rendered":"V\u0130VARO EMN\u0130YET KEMET\u0130 TET\u0130K"},"content":{"rendered":"<p><img loading=\"lazy\" decoding=\"async\" class=\"alignnone size-medium wp-image-3705\" src=\"https:\/\/opelonka.com\/wp-content\/uploads\/2021\/01\/V\u0130VARO-225x300.jpg\" alt=\"\" width=\"225\" height=\"300\" srcset=\"https:\/\/opelonka.com\/wp-content\/uploads\/2021\/01\/V\u0130VARO-225x300.jpg 225w, https:\/\/opelonka.com\/wp-content\/uploads\/2021\/01\/V\u0130VARO-768x1024.jpg 768w, https:\/\/opelonka.com\/wp-content\/uploads\/2021\/01\/V\u0130VARO-600x800.jpg 600w, https:\/\/opelonka.com\/wp-content\/uploads\/2021\/01\/V\u0130VARO-64x85.jpg 64w, https:\/\/opelonka.com\/wp-content\/uploads\/2021\/01\/V\u0130VARO.jpg 960w\" sizes=\"auto, (max-width: 225px) 100vw, 225px\" \/> <img loading=\"lazy\" decoding=\"async\" class=\"alignnone size-medium wp-image-3704\" src=\"https:\/\/opelonka.com\/wp-content\/uploads\/2021\/01\/V\u0130VARO-1-225x300.jpg\" alt=\"\" width=\"225\" height=\"300\" srcset=\"https:\/\/opelonka.com\/wp-content\/uploads\/2021\/01\/V\u0130VARO-1-225x300.jpg 225w, https:\/\/opelonka.com\/wp-content\/uploads\/2021\/01\/V\u0130VARO-1-768x1024.jpg 768w, https:\/\/opelonka.com\/wp-content\/uploads\/2021\/01\/V\u0130VARO-1-600x800.jpg 600w, https:\/\/opelonka.com\/wp-content\/uploads\/2021\/01\/V\u0130VARO-1-64x85.jpg 64w, https:\/\/opelonka.com\/wp-content\/uploads\/2021\/01\/V\u0130VARO-1.jpg 960w\" sizes=\"auto, (max-width: 225px) 100vw, 225px\" \/><\/p>\n","protected":false},"excerpt":{"rendered":"","protected":false},"featured_media":3704,"comment_status":"open","ping_status":"closed","template":"","meta":[],"class_list":{"0":"post-3706","1":"product","2":"type-product","3":"status-publish","4":"has-post-thumbnail","6":"product_cat-opel","7":"product_cat-karoseri-ic-parcalar-vivaro","8":"product_cat-vivaro","9":"badges-style-3","11":"first","12":"instock","13":"shipping-taxable","14":"product-type-simple"},"_links":{"self":[{"href":"https:\/\/opelonka.com\/index.php?rest_route=\/wp\/v2\/product\/3706","targetHints":{"allow":["GET"]}}],"collection":[{"href":"https:\/\/opelonka.com\/index.php?rest_route=\/wp\/v2\/product"}],"about":[{"href":"https:\/\/opelonka.com\/index.php?rest_route=\/wp\/v2\/types\/product"}],"replies":[{"embeddable":true,"href":"https:\/\/opelonka.com\/index.php?rest_route=%2Fwp%2Fv2%2Fcomments&post=3706"}],"wp:featuredmedia":[{"embeddable":true,"href":"https:\/\/opelonka.com\/index.php?rest_route=\/wp\/v2\/media\/3704"}],"wp:attachment":[{"href":"https:\/\/opelonka.com\/index.php?rest_route=%2Fwp%2Fv2%2Fmedia&parent=3706"}],"curies":[{"name":"wp","href":"https:\/\/api.w.org\/{rel}","templated":true}]}}