{"id":3703,"date":"2021-01-12T12:48:31","date_gmt":"2021-01-12T12:48:31","guid":{"rendered":"http:\/\/opelonka.com\/?post_type=product&#038;p=3703"},"modified":"2021-01-18T09:45:03","modified_gmt":"2021-01-18T09:45:03","slug":"meriva-b-tetik","status":"publish","type":"product","link":"https:\/\/opelonka.com\/?product=meriva-b-tetik","title":{"rendered":"OPEL MER\u0130VA B EMN\u0130YET KEMER\u0130 TET\u0130K SIFIR ORJ\u0130NAL"},"content":{"rendered":"<p><img loading=\"lazy\" decoding=\"async\" class=\"alignnone size-medium wp-image-3700\" src=\"https:\/\/opelonka.com\/wp-content\/uploads\/2021\/01\/MER\u0130VA-B-1-300x225.jpg\" alt=\"\" width=\"300\" height=\"225\" srcset=\"https:\/\/opelonka.com\/wp-content\/uploads\/2021\/01\/MER\u0130VA-B-1-300x225.jpg 300w, https:\/\/opelonka.com\/wp-content\/uploads\/2021\/01\/MER\u0130VA-B-1-1024x768.jpg 1024w, https:\/\/opelonka.com\/wp-content\/uploads\/2021\/01\/MER\u0130VA-B-1-768x576.jpg 768w, https:\/\/opelonka.com\/wp-content\/uploads\/2021\/01\/MER\u0130VA-B-1-600x450.jpg 600w, https:\/\/opelonka.com\/wp-content\/uploads\/2021\/01\/MER\u0130VA-B-1-64x48.jpg 64w, https:\/\/opelonka.com\/wp-content\/uploads\/2021\/01\/MER\u0130VA-B-1.jpg 1280w\" sizes=\"auto, (max-width: 300px) 100vw, 300px\" \/> <img loading=\"lazy\" decoding=\"async\" class=\"alignnone size-medium wp-image-3701\" src=\"https:\/\/opelonka.com\/wp-content\/uploads\/2021\/01\/MER\u0130VA-B-300x225.jpg\" alt=\"\" width=\"300\" height=\"225\" srcset=\"https:\/\/opelonka.com\/wp-content\/uploads\/2021\/01\/MER\u0130VA-B-300x225.jpg 300w, https:\/\/opelonka.com\/wp-content\/uploads\/2021\/01\/MER\u0130VA-B-1024x768.jpg 1024w, https:\/\/opelonka.com\/wp-content\/uploads\/2021\/01\/MER\u0130VA-B-768x576.jpg 768w, https:\/\/opelonka.com\/wp-content\/uploads\/2021\/01\/MER\u0130VA-B-600x450.jpg 600w, https:\/\/opelonka.com\/wp-content\/uploads\/2021\/01\/MER\u0130VA-B-64x48.jpg 64w, https:\/\/opelonka.com\/wp-content\/uploads\/2021\/01\/MER\u0130VA-B.jpg 1280w\" sizes=\"auto, (max-width: 300px) 100vw, 300px\" \/><\/p>\n","protected":false},"excerpt":{"rendered":"","protected":false},"featured_media":3701,"comment_status":"open","ping_status":"closed","template":"","meta":[],"class_list":{"0":"post-3703","1":"product","2":"type-product","3":"status-publish","4":"has-post-thumbnail","6":"product_cat-opel","7":"product_cat-karoseri-ic-parcalar-meriva-b","8":"product_cat-meriva-b","9":"product_tag-meriva","10":"product_tag-meriva-b","11":"product_tag-opel","12":"product_tag-opel-meriva","13":"badges-style-3","15":"first","16":"instock","17":"shipping-taxable","18":"product-type-simple"},"_links":{"self":[{"href":"https:\/\/opelonka.com\/index.php?rest_route=\/wp\/v2\/product\/3703","targetHints":{"allow":["GET"]}}],"collection":[{"href":"https:\/\/opelonka.com\/index.php?rest_route=\/wp\/v2\/product"}],"about":[{"href":"https:\/\/opelonka.com\/index.php?rest_route=\/wp\/v2\/types\/product"}],"replies":[{"embeddable":true,"href":"https:\/\/opelonka.com\/index.php?rest_route=%2Fwp%2Fv2%2Fcomments&post=3703"}],"wp:featuredmedia":[{"embeddable":true,"href":"https:\/\/opelonka.com\/index.php?rest_route=\/wp\/v2\/media\/3701"}],"wp:attachment":[{"href":"https:\/\/opelonka.com\/index.php?rest_route=%2Fwp%2Fv2%2Fmedia&parent=3703"}],"curies":[{"name":"wp","href":"https:\/\/api.w.org\/{rel}","templated":true}]}}