{"id":3690,"date":"2021-01-12T11:43:47","date_gmt":"2021-01-12T11:43:47","guid":{"rendered":"http:\/\/opelonka.com\/?post_type=product&#038;p=3690"},"modified":"2021-01-18T09:48:50","modified_gmt":"2021-01-18T09:48:50","slug":"captiva-c-140-tetik","status":"publish","type":"product","link":"https:\/\/opelonka.com\/?product=captiva-c-140-tetik","title":{"rendered":"CHEVROLET CAPT\u0130VA C-140 EMN\u0130YET KEMER\u0130 TET\u0130K SIFIR ORJ\u0130NAL"},"content":{"rendered":"<p><img loading=\"lazy\" decoding=\"async\" class=\"alignnone size-medium wp-image-3689\" src=\"https:\/\/opelonka.com\/wp-content\/uploads\/2021\/01\/CAPT\u0130VA-C-140-225x300.jpg\" alt=\"\" width=\"225\" height=\"300\" srcset=\"https:\/\/opelonka.com\/wp-content\/uploads\/2021\/01\/CAPT\u0130VA-C-140-225x300.jpg 225w, https:\/\/opelonka.com\/wp-content\/uploads\/2021\/01\/CAPT\u0130VA-C-140-768x1024.jpg 768w, https:\/\/opelonka.com\/wp-content\/uploads\/2021\/01\/CAPT\u0130VA-C-140-600x800.jpg 600w, https:\/\/opelonka.com\/wp-content\/uploads\/2021\/01\/CAPT\u0130VA-C-140-64x85.jpg 64w, https:\/\/opelonka.com\/wp-content\/uploads\/2021\/01\/CAPT\u0130VA-C-140.jpg 960w\" sizes=\"auto, (max-width: 225px) 100vw, 225px\" \/> <img loading=\"lazy\" decoding=\"async\" class=\"alignnone size-medium wp-image-3688\" src=\"https:\/\/opelonka.com\/wp-content\/uploads\/2021\/01\/CAPT\u0130VA-C-140-3-225x300.jpg\" alt=\"\" width=\"225\" height=\"300\" srcset=\"https:\/\/opelonka.com\/wp-content\/uploads\/2021\/01\/CAPT\u0130VA-C-140-3-225x300.jpg 225w, https:\/\/opelonka.com\/wp-content\/uploads\/2021\/01\/CAPT\u0130VA-C-140-3-768x1024.jpg 768w, https:\/\/opelonka.com\/wp-content\/uploads\/2021\/01\/CAPT\u0130VA-C-140-3-600x800.jpg 600w, https:\/\/opelonka.com\/wp-content\/uploads\/2021\/01\/CAPT\u0130VA-C-140-3-64x85.jpg 64w, https:\/\/opelonka.com\/wp-content\/uploads\/2021\/01\/CAPT\u0130VA-C-140-3.jpg 960w\" sizes=\"auto, (max-width: 225px) 100vw, 225px\" \/> <img loading=\"lazy\" decoding=\"async\" class=\"alignnone size-medium wp-image-3687\" src=\"https:\/\/opelonka.com\/wp-content\/uploads\/2021\/01\/CAPT\u0130VA-C-140-2-225x300.jpg\" alt=\"\" width=\"225\" height=\"300\" srcset=\"https:\/\/opelonka.com\/wp-content\/uploads\/2021\/01\/CAPT\u0130VA-C-140-2-225x300.jpg 225w, https:\/\/opelonka.com\/wp-content\/uploads\/2021\/01\/CAPT\u0130VA-C-140-2-768x1024.jpg 768w, https:\/\/opelonka.com\/wp-content\/uploads\/2021\/01\/CAPT\u0130VA-C-140-2-600x800.jpg 600w, https:\/\/opelonka.com\/wp-content\/uploads\/2021\/01\/CAPT\u0130VA-C-140-2-64x85.jpg 64w, https:\/\/opelonka.com\/wp-content\/uploads\/2021\/01\/CAPT\u0130VA-C-140-2.jpg 960w\" sizes=\"auto, (max-width: 225px) 100vw, 225px\" \/> <img loading=\"lazy\" decoding=\"async\" class=\"alignnone size-medium wp-image-3686\" src=\"https:\/\/opelonka.com\/wp-content\/uploads\/2021\/01\/CAPT\u0130VA-C-140-1-225x300.jpg\" alt=\"\" width=\"225\" height=\"300\" srcset=\"https:\/\/opelonka.com\/wp-content\/uploads\/2021\/01\/CAPT\u0130VA-C-140-1-225x300.jpg 225w, https:\/\/opelonka.com\/wp-content\/uploads\/2021\/01\/CAPT\u0130VA-C-140-1-768x1024.jpg 768w, https:\/\/opelonka.com\/wp-content\/uploads\/2021\/01\/CAPT\u0130VA-C-140-1-600x800.jpg 600w, https:\/\/opelonka.com\/wp-content\/uploads\/2021\/01\/CAPT\u0130VA-C-140-1-64x85.jpg 64w, https:\/\/opelonka.com\/wp-content\/uploads\/2021\/01\/CAPT\u0130VA-C-140-1.jpg 960w\" sizes=\"auto, (max-width: 225px) 100vw, 225px\" \/><\/p>\n","protected":false},"excerpt":{"rendered":"","protected":false},"featured_media":3687,"comment_status":"open","ping_status":"closed","template":"","meta":[],"class_list":{"0":"post-3690","1":"product","2":"type-product","3":"status-publish","4":"has-post-thumbnail","6":"product_cat-captiva","7":"product_cat-captiva-c140","8":"product_cat-chevrolet","9":"product_cat-karoseri-ic-parcalar-captiva-c140","10":"badges-style-3","12":"first","13":"instock","14":"shipping-taxable","15":"product-type-simple"},"_links":{"self":[{"href":"https:\/\/opelonka.com\/index.php?rest_route=\/wp\/v2\/product\/3690","targetHints":{"allow":["GET"]}}],"collection":[{"href":"https:\/\/opelonka.com\/index.php?rest_route=\/wp\/v2\/product"}],"about":[{"href":"https:\/\/opelonka.com\/index.php?rest_route=\/wp\/v2\/types\/product"}],"replies":[{"embeddable":true,"href":"https:\/\/opelonka.com\/index.php?rest_route=%2Fwp%2Fv2%2Fcomments&post=3690"}],"wp:featuredmedia":[{"embeddable":true,"href":"https:\/\/opelonka.com\/index.php?rest_route=\/wp\/v2\/media\/3687"}],"wp:attachment":[{"href":"https:\/\/opelonka.com\/index.php?rest_route=%2Fwp%2Fv2%2Fmedia&parent=3690"}],"curies":[{"name":"wp","href":"https:\/\/api.w.org\/{rel}","templated":true}]}}