{"id":3663,"date":"2021-01-12T09:37:19","date_gmt":"2021-01-12T09:37:19","guid":{"rendered":"http:\/\/opelonka.com\/?post_type=product&#038;p=3663"},"modified":"2021-01-18T10:35:45","modified_gmt":"2021-01-18T10:35:45","slug":"astra-h-sargi","status":"publish","type":"product","link":"https:\/\/opelonka.com\/?product=astra-h-sargi","title":{"rendered":"OPEL ASTRA H EMN\u0130YET KEMER\u0130 SARGI \u00c7IKMA ORJ\u0130NAL"},"content":{"rendered":"<p><img loading=\"lazy\" decoding=\"async\" class=\"alignnone size-medium wp-image-3662\" src=\"https:\/\/opelonka.com\/wp-content\/uploads\/2021\/01\/ASTRA-H-300x225.jpg\" alt=\"\" width=\"300\" height=\"225\" srcset=\"https:\/\/opelonka.com\/wp-content\/uploads\/2021\/01\/ASTRA-H-300x225.jpg 300w, https:\/\/opelonka.com\/wp-content\/uploads\/2021\/01\/ASTRA-H-1024x768.jpg 1024w, https:\/\/opelonka.com\/wp-content\/uploads\/2021\/01\/ASTRA-H-768x576.jpg 768w, https:\/\/opelonka.com\/wp-content\/uploads\/2021\/01\/ASTRA-H-600x450.jpg 600w, https:\/\/opelonka.com\/wp-content\/uploads\/2021\/01\/ASTRA-H-64x48.jpg 64w, https:\/\/opelonka.com\/wp-content\/uploads\/2021\/01\/ASTRA-H.jpg 1280w\" sizes=\"auto, (max-width: 300px) 100vw, 300px\" \/> <img loading=\"lazy\" decoding=\"async\" class=\"alignnone size-medium wp-image-3661\" src=\"https:\/\/opelonka.com\/wp-content\/uploads\/2021\/01\/ASTRA-H-2-225x300.jpg\" alt=\"\" width=\"225\" height=\"300\" srcset=\"https:\/\/opelonka.com\/wp-content\/uploads\/2021\/01\/ASTRA-H-2-225x300.jpg 225w, https:\/\/opelonka.com\/wp-content\/uploads\/2021\/01\/ASTRA-H-2-768x1024.jpg 768w, https:\/\/opelonka.com\/wp-content\/uploads\/2021\/01\/ASTRA-H-2-600x800.jpg 600w, https:\/\/opelonka.com\/wp-content\/uploads\/2021\/01\/ASTRA-H-2-64x85.jpg 64w, https:\/\/opelonka.com\/wp-content\/uploads\/2021\/01\/ASTRA-H-2.jpg 960w\" sizes=\"auto, (max-width: 225px) 100vw, 225px\" \/> <img loading=\"lazy\" decoding=\"async\" class=\"alignnone size-medium wp-image-3660\" src=\"https:\/\/opelonka.com\/wp-content\/uploads\/2021\/01\/ASTRA-H-1-300x225.jpg\" alt=\"\" width=\"300\" height=\"225\" srcset=\"https:\/\/opelonka.com\/wp-content\/uploads\/2021\/01\/ASTRA-H-1-300x225.jpg 300w, https:\/\/opelonka.com\/wp-content\/uploads\/2021\/01\/ASTRA-H-1-1024x768.jpg 1024w, https:\/\/opelonka.com\/wp-content\/uploads\/2021\/01\/ASTRA-H-1-768x576.jpg 768w, https:\/\/opelonka.com\/wp-content\/uploads\/2021\/01\/ASTRA-H-1-600x450.jpg 600w, https:\/\/opelonka.com\/wp-content\/uploads\/2021\/01\/ASTRA-H-1-64x48.jpg 64w, https:\/\/opelonka.com\/wp-content\/uploads\/2021\/01\/ASTRA-H-1.jpg 1280w\" sizes=\"auto, (max-width: 300px) 100vw, 300px\" \/><\/p>\n","protected":false},"excerpt":{"rendered":"","protected":false},"featured_media":3661,"comment_status":"open","ping_status":"closed","template":"","meta":[],"class_list":{"0":"post-3663","1":"product","2":"type-product","3":"status-publish","4":"has-post-thumbnail","6":"product_cat-opel","7":"product_cat-astra-h","8":"product_cat-karoseri-ic-parcalar-astra-h","9":"product_tag-astra","10":"product_tag-astra-h","11":"product_tag-emniyet-kemeri","12":"product_tag-opel","13":"product_tag-opel-astra","14":"product_tag-sargi","15":"badges-style-3","17":"first","18":"instock","19":"shipping-taxable","20":"product-type-simple"},"_links":{"self":[{"href":"https:\/\/opelonka.com\/index.php?rest_route=\/wp\/v2\/product\/3663","targetHints":{"allow":["GET"]}}],"collection":[{"href":"https:\/\/opelonka.com\/index.php?rest_route=\/wp\/v2\/product"}],"about":[{"href":"https:\/\/opelonka.com\/index.php?rest_route=\/wp\/v2\/types\/product"}],"replies":[{"embeddable":true,"href":"https:\/\/opelonka.com\/index.php?rest_route=%2Fwp%2Fv2%2Fcomments&post=3663"}],"wp:featuredmedia":[{"embeddable":true,"href":"https:\/\/opelonka.com\/index.php?rest_route=\/wp\/v2\/media\/3661"}],"wp:attachment":[{"href":"https:\/\/opelonka.com\/index.php?rest_route=%2Fwp%2Fv2%2Fmedia&parent=3663"}],"curies":[{"name":"wp","href":"https:\/\/api.w.org\/{rel}","templated":true}]}}