{"id":3659,"date":"2021-01-12T09:24:01","date_gmt":"2021-01-12T09:24:01","guid":{"rendered":"http:\/\/opelonka.com\/?post_type=product&#038;p=3659"},"modified":"2021-01-18T10:52:00","modified_gmt":"2021-01-18T10:52:00","slug":"astra-g-sargi","status":"publish","type":"product","link":"https:\/\/opelonka.com\/?product=astra-g-sargi","title":{"rendered":"OPEL ASTRA G EMN\u0130YET KEMER\u0130 SARGI \u00c7IKMA ORJ\u0130NAL"},"content":{"rendered":"<p><img loading=\"lazy\" decoding=\"async\" class=\"alignnone size-medium wp-image-3658\" src=\"https:\/\/opelonka.com\/wp-content\/uploads\/2021\/01\/ASTRA-G-2-300x225.jpg\" alt=\"\" width=\"300\" height=\"225\" srcset=\"https:\/\/opelonka.com\/wp-content\/uploads\/2021\/01\/ASTRA-G-2-300x225.jpg 300w, https:\/\/opelonka.com\/wp-content\/uploads\/2021\/01\/ASTRA-G-2-1024x768.jpg 1024w, https:\/\/opelonka.com\/wp-content\/uploads\/2021\/01\/ASTRA-G-2-768x576.jpg 768w, https:\/\/opelonka.com\/wp-content\/uploads\/2021\/01\/ASTRA-G-2-600x450.jpg 600w, https:\/\/opelonka.com\/wp-content\/uploads\/2021\/01\/ASTRA-G-2-64x48.jpg 64w, https:\/\/opelonka.com\/wp-content\/uploads\/2021\/01\/ASTRA-G-2.jpg 1280w\" sizes=\"auto, (max-width: 300px) 100vw, 300px\" \/> <img loading=\"lazy\" decoding=\"async\" class=\"alignnone size-medium wp-image-3657\" src=\"https:\/\/opelonka.com\/wp-content\/uploads\/2021\/01\/ASTRA-G-1-300x225.jpg\" alt=\"\" width=\"300\" height=\"225\" srcset=\"https:\/\/opelonka.com\/wp-content\/uploads\/2021\/01\/ASTRA-G-1-300x225.jpg 300w, https:\/\/opelonka.com\/wp-content\/uploads\/2021\/01\/ASTRA-G-1-1024x768.jpg 1024w, https:\/\/opelonka.com\/wp-content\/uploads\/2021\/01\/ASTRA-G-1-768x576.jpg 768w, https:\/\/opelonka.com\/wp-content\/uploads\/2021\/01\/ASTRA-G-1-600x450.jpg 600w, https:\/\/opelonka.com\/wp-content\/uploads\/2021\/01\/ASTRA-G-1-64x48.jpg 64w, https:\/\/opelonka.com\/wp-content\/uploads\/2021\/01\/ASTRA-G-1.jpg 1280w\" sizes=\"auto, (max-width: 300px) 100vw, 300px\" \/><\/p>\n","protected":false},"excerpt":{"rendered":"","protected":false},"featured_media":3658,"comment_status":"open","ping_status":"closed","template":"","meta":[],"class_list":{"0":"post-3659","1":"product","2":"type-product","3":"status-publish","4":"has-post-thumbnail","6":"product_cat-opel","7":"product_cat-astra-g","8":"product_cat-karoseri-ic-parcalar-astra-g","9":"product_tag-astra","10":"product_tag-astra-g-emniyet-kemeri","11":"product_tag-astra-g-sargi","12":"product_tag-emniyet-kemeri","13":"product_tag-opel","14":"product_tag-sargi","15":"badges-style-3","17":"first","18":"instock","19":"shipping-taxable","20":"product-type-simple"},"_links":{"self":[{"href":"https:\/\/opelonka.com\/index.php?rest_route=\/wp\/v2\/product\/3659","targetHints":{"allow":["GET"]}}],"collection":[{"href":"https:\/\/opelonka.com\/index.php?rest_route=\/wp\/v2\/product"}],"about":[{"href":"https:\/\/opelonka.com\/index.php?rest_route=\/wp\/v2\/types\/product"}],"replies":[{"embeddable":true,"href":"https:\/\/opelonka.com\/index.php?rest_route=%2Fwp%2Fv2%2Fcomments&post=3659"}],"wp:featuredmedia":[{"embeddable":true,"href":"https:\/\/opelonka.com\/index.php?rest_route=\/wp\/v2\/media\/3658"}],"wp:attachment":[{"href":"https:\/\/opelonka.com\/index.php?rest_route=%2Fwp%2Fv2%2Fmedia&parent=3659"}],"curies":[{"name":"wp","href":"https:\/\/api.w.org\/{rel}","templated":true}]}}