{"id":3648,"date":"2020-10-26T14:28:21","date_gmt":"2020-10-26T14:28:21","guid":{"rendered":"http:\/\/opelonka.com\/?post_type=product&#038;p=3648"},"modified":"2021-01-18T11:09:08","modified_gmt":"2021-01-18T11:09:08","slug":"corsa-c","status":"publish","type":"product","link":"https:\/\/opelonka.com\/?product=corsa-c","title":{"rendered":"CORSA C D\u0130REKS\u0130YON A\u0130RBAGI \u00c7IKMA ORJ\u0130NAL"},"content":{"rendered":"<p><img loading=\"lazy\" decoding=\"async\" class=\"alignnone size-medium wp-image-3644\" src=\"https:\/\/opelonka.com\/wp-content\/uploads\/2020\/10\/photo_2020-10-26_09-50-59-4-300x225.jpg\" alt=\"\" width=\"300\" height=\"225\" srcset=\"https:\/\/opelonka.com\/wp-content\/uploads\/2020\/10\/photo_2020-10-26_09-50-59-4-300x225.jpg 300w, https:\/\/opelonka.com\/wp-content\/uploads\/2020\/10\/photo_2020-10-26_09-50-59-4-1024x768.jpg 1024w, https:\/\/opelonka.com\/wp-content\/uploads\/2020\/10\/photo_2020-10-26_09-50-59-4-768x576.jpg 768w, https:\/\/opelonka.com\/wp-content\/uploads\/2020\/10\/photo_2020-10-26_09-50-59-4-600x450.jpg 600w, https:\/\/opelonka.com\/wp-content\/uploads\/2020\/10\/photo_2020-10-26_09-50-59-4-64x48.jpg 64w, https:\/\/opelonka.com\/wp-content\/uploads\/2020\/10\/photo_2020-10-26_09-50-59-4.jpg 1280w\" sizes=\"auto, (max-width: 300px) 100vw, 300px\" \/> <img loading=\"lazy\" decoding=\"async\" class=\"alignnone size-medium wp-image-3643\" src=\"https:\/\/opelonka.com\/wp-content\/uploads\/2020\/10\/photo_2020-10-26_09-50-59-3-1-300x225.jpg\" alt=\"\" width=\"300\" height=\"225\" srcset=\"https:\/\/opelonka.com\/wp-content\/uploads\/2020\/10\/photo_2020-10-26_09-50-59-3-1-300x225.jpg 300w, https:\/\/opelonka.com\/wp-content\/uploads\/2020\/10\/photo_2020-10-26_09-50-59-3-1-1024x768.jpg 1024w, https:\/\/opelonka.com\/wp-content\/uploads\/2020\/10\/photo_2020-10-26_09-50-59-3-1-768x576.jpg 768w, https:\/\/opelonka.com\/wp-content\/uploads\/2020\/10\/photo_2020-10-26_09-50-59-3-1-600x450.jpg 600w, https:\/\/opelonka.com\/wp-content\/uploads\/2020\/10\/photo_2020-10-26_09-50-59-3-1-64x48.jpg 64w, https:\/\/opelonka.com\/wp-content\/uploads\/2020\/10\/photo_2020-10-26_09-50-59-3-1.jpg 1280w\" sizes=\"auto, (max-width: 300px) 100vw, 300px\" \/><\/p>\n","protected":false},"excerpt":{"rendered":"<p>ORJ\u0130NAL \u00c7IKMA<\/p>\n","protected":false},"featured_media":3644,"comment_status":"open","ping_status":"closed","template":"","meta":[],"class_list":{"0":"post-3648","1":"product","2":"type-product","3":"status-publish","4":"has-post-thumbnail","6":"product_cat-opel","7":"product_cat-corsa","8":"product_cat-corsa-c","9":"product_cat-karoseri-ic-parcalar-corsa-c","10":"badges-style-3","12":"first","13":"instock","14":"shipping-taxable","15":"product-type-simple"},"_links":{"self":[{"href":"https:\/\/opelonka.com\/index.php?rest_route=\/wp\/v2\/product\/3648","targetHints":{"allow":["GET"]}}],"collection":[{"href":"https:\/\/opelonka.com\/index.php?rest_route=\/wp\/v2\/product"}],"about":[{"href":"https:\/\/opelonka.com\/index.php?rest_route=\/wp\/v2\/types\/product"}],"replies":[{"embeddable":true,"href":"https:\/\/opelonka.com\/index.php?rest_route=%2Fwp%2Fv2%2Fcomments&post=3648"}],"wp:featuredmedia":[{"embeddable":true,"href":"https:\/\/opelonka.com\/index.php?rest_route=\/wp\/v2\/media\/3644"}],"wp:attachment":[{"href":"https:\/\/opelonka.com\/index.php?rest_route=%2Fwp%2Fv2%2Fmedia&parent=3648"}],"curies":[{"name":"wp","href":"https:\/\/api.w.org\/{rel}","templated":true}]}}