{"id":3637,"date":"2020-10-26T14:15:46","date_gmt":"2020-10-26T14:15:46","guid":{"rendered":"http:\/\/opelonka.com\/?post_type=product&#038;p=3637"},"modified":"2020-10-26T14:15:46","modified_gmt":"2020-10-26T14:15:46","slug":"vivaro-direksiyon-airbag","status":"publish","type":"product","link":"https:\/\/opelonka.com\/?product=vivaro-direksiyon-airbag","title":{"rendered":"V\u0130VARO D\u0130REKS\u0130YON A\u0130RBAG"},"content":{"rendered":"<p><img loading=\"lazy\" decoding=\"async\" class=\"alignnone size-medium wp-image-3635\" src=\"https:\/\/opelonka.com\/wp-content\/uploads\/2020\/10\/photo_2020-10-26_09-50-59-2-225x300.jpg\" alt=\"\" width=\"225\" height=\"300\" srcset=\"https:\/\/opelonka.com\/wp-content\/uploads\/2020\/10\/photo_2020-10-26_09-50-59-2-225x300.jpg 225w, https:\/\/opelonka.com\/wp-content\/uploads\/2020\/10\/photo_2020-10-26_09-50-59-2-768x1024.jpg 768w, https:\/\/opelonka.com\/wp-content\/uploads\/2020\/10\/photo_2020-10-26_09-50-59-2-600x800.jpg 600w, https:\/\/opelonka.com\/wp-content\/uploads\/2020\/10\/photo_2020-10-26_09-50-59-2-64x85.jpg 64w, https:\/\/opelonka.com\/wp-content\/uploads\/2020\/10\/photo_2020-10-26_09-50-59-2.jpg 960w\" sizes=\"auto, (max-width: 225px) 100vw, 225px\" \/> <img loading=\"lazy\" decoding=\"async\" class=\"alignnone size-medium wp-image-3636\" src=\"https:\/\/opelonka.com\/wp-content\/uploads\/2020\/10\/photo_2020-10-26_09-50-59-300x225.jpg\" alt=\"\" width=\"300\" height=\"225\" srcset=\"https:\/\/opelonka.com\/wp-content\/uploads\/2020\/10\/photo_2020-10-26_09-50-59-300x225.jpg 300w, https:\/\/opelonka.com\/wp-content\/uploads\/2020\/10\/photo_2020-10-26_09-50-59-1024x768.jpg 1024w, https:\/\/opelonka.com\/wp-content\/uploads\/2020\/10\/photo_2020-10-26_09-50-59-768x576.jpg 768w, https:\/\/opelonka.com\/wp-content\/uploads\/2020\/10\/photo_2020-10-26_09-50-59-600x450.jpg 600w, https:\/\/opelonka.com\/wp-content\/uploads\/2020\/10\/photo_2020-10-26_09-50-59-64x48.jpg 64w, https:\/\/opelonka.com\/wp-content\/uploads\/2020\/10\/photo_2020-10-26_09-50-59.jpg 1280w\" sizes=\"auto, (max-width: 300px) 100vw, 300px\" \/><\/p>\n","protected":false},"excerpt":{"rendered":"<p>\u00c7IKMA ORJ\u0130NAL<\/p>\n","protected":false},"featured_media":3635,"comment_status":"open","ping_status":"closed","template":"","meta":[],"class_list":{"0":"post-3637","1":"product","2":"type-product","3":"status-publish","4":"has-post-thumbnail","6":"product_cat-opel","7":"product_cat-karoseri-ic-parcalar-vivaro","8":"product_cat-vivaro","9":"badges-style-3","11":"first","12":"instock","13":"shipping-taxable","14":"product-type-simple"},"_links":{"self":[{"href":"https:\/\/opelonka.com\/index.php?rest_route=\/wp\/v2\/product\/3637","targetHints":{"allow":["GET"]}}],"collection":[{"href":"https:\/\/opelonka.com\/index.php?rest_route=\/wp\/v2\/product"}],"about":[{"href":"https:\/\/opelonka.com\/index.php?rest_route=\/wp\/v2\/types\/product"}],"replies":[{"embeddable":true,"href":"https:\/\/opelonka.com\/index.php?rest_route=%2Fwp%2Fv2%2Fcomments&post=3637"}],"wp:featuredmedia":[{"embeddable":true,"href":"https:\/\/opelonka.com\/index.php?rest_route=\/wp\/v2\/media\/3635"}],"wp:attachment":[{"href":"https:\/\/opelonka.com\/index.php?rest_route=%2Fwp%2Fv2%2Fmedia&parent=3637"}],"curies":[{"name":"wp","href":"https:\/\/api.w.org\/{rel}","templated":true}]}}