{"id":3628,"date":"2020-10-26T14:00:38","date_gmt":"2020-10-26T14:00:38","guid":{"rendered":"http:\/\/opelonka.com\/?post_type=product&#038;p=3628"},"modified":"2021-01-18T11:29:59","modified_gmt":"2021-01-18T11:29:59","slug":"vectra-b-omega-b","status":"publish","type":"product","link":"https:\/\/opelonka.com\/?product=vectra-b-omega-b","title":{"rendered":"OPEL VECTRA-B OMEGA-B \u00c7IKMA ORJ\u0130NAL D\u0130REKS\u0130YON A\u0130RBAGI"},"content":{"rendered":"<p><img loading=\"lazy\" decoding=\"async\" class=\"alignnone size-medium wp-image-3626\" src=\"https:\/\/opelonka.com\/wp-content\/uploads\/2020\/10\/photo_2020-10-26_09-50-54-1-225x300.jpg\" alt=\"\" width=\"225\" height=\"300\" srcset=\"https:\/\/opelonka.com\/wp-content\/uploads\/2020\/10\/photo_2020-10-26_09-50-54-1-225x300.jpg 225w, https:\/\/opelonka.com\/wp-content\/uploads\/2020\/10\/photo_2020-10-26_09-50-54-1-768x1024.jpg 768w, https:\/\/opelonka.com\/wp-content\/uploads\/2020\/10\/photo_2020-10-26_09-50-54-1-600x800.jpg 600w, https:\/\/opelonka.com\/wp-content\/uploads\/2020\/10\/photo_2020-10-26_09-50-54-1-64x85.jpg 64w, https:\/\/opelonka.com\/wp-content\/uploads\/2020\/10\/photo_2020-10-26_09-50-54-1.jpg 960w\" sizes=\"auto, (max-width: 225px) 100vw, 225px\" \/> <img loading=\"lazy\" decoding=\"async\" class=\"alignnone size-medium wp-image-3625\" src=\"https:\/\/opelonka.com\/wp-content\/uploads\/2020\/10\/photo_2020-10-26_09-50-54-3-225x300.jpg\" alt=\"\" width=\"225\" height=\"300\" srcset=\"https:\/\/opelonka.com\/wp-content\/uploads\/2020\/10\/photo_2020-10-26_09-50-54-3-225x300.jpg 225w, https:\/\/opelonka.com\/wp-content\/uploads\/2020\/10\/photo_2020-10-26_09-50-54-3-768x1024.jpg 768w, https:\/\/opelonka.com\/wp-content\/uploads\/2020\/10\/photo_2020-10-26_09-50-54-3-600x800.jpg 600w, https:\/\/opelonka.com\/wp-content\/uploads\/2020\/10\/photo_2020-10-26_09-50-54-3-64x85.jpg 64w, https:\/\/opelonka.com\/wp-content\/uploads\/2020\/10\/photo_2020-10-26_09-50-54-3.jpg 960w\" sizes=\"auto, (max-width: 225px) 100vw, 225px\" \/><\/p>\n","protected":false},"excerpt":{"rendered":"<p>\u00c7IKMA ORJ\u0130NAL<\/p>\n","protected":false},"featured_media":3626,"comment_status":"open","ping_status":"closed","template":"","meta":[],"class_list":{"0":"post-3628","1":"product","2":"type-product","3":"status-publish","4":"has-post-thumbnail","6":"product_cat-opel","7":"product_cat-karoseri-ic-parcalar-vectra-b","8":"product_cat-karoseri-ic-parcalar-omega-b","9":"product_cat-omega-b","10":"product_cat-vectra","11":"product_cat-vectra-b","12":"product_tag-direksiyon-airbag","13":"product_tag-omega","14":"product_tag-omega-direksiyon-airbag","15":"product_tag-opel","16":"product_tag-vectra","17":"product_tag-vectra-direksiyon-airbag","18":"badges-style-3","20":"first","21":"instock","22":"shipping-taxable","23":"product-type-simple"},"_links":{"self":[{"href":"https:\/\/opelonka.com\/index.php?rest_route=\/wp\/v2\/product\/3628","targetHints":{"allow":["GET"]}}],"collection":[{"href":"https:\/\/opelonka.com\/index.php?rest_route=\/wp\/v2\/product"}],"about":[{"href":"https:\/\/opelonka.com\/index.php?rest_route=\/wp\/v2\/types\/product"}],"replies":[{"embeddable":true,"href":"https:\/\/opelonka.com\/index.php?rest_route=%2Fwp%2Fv2%2Fcomments&post=3628"}],"wp:featuredmedia":[{"embeddable":true,"href":"https:\/\/opelonka.com\/index.php?rest_route=\/wp\/v2\/media\/3626"}],"wp:attachment":[{"href":"https:\/\/opelonka.com\/index.php?rest_route=%2Fwp%2Fv2%2Fmedia&parent=3628"}],"curies":[{"name":"wp","href":"https:\/\/api.w.org\/{rel}","templated":true}]}}