{"id":3623,"date":"2020-10-26T13:45:12","date_gmt":"2020-10-26T13:45:12","guid":{"rendered":"http:\/\/opelonka.com\/?post_type=product&#038;p=3623"},"modified":"2021-01-18T11:33:34","modified_gmt":"2021-01-18T11:33:34","slug":"astra-g-corsa-b-tigra","status":"publish","type":"product","link":"https:\/\/opelonka.com\/?product=astra-g-corsa-b-tigra","title":{"rendered":"OPEL ASTRA-G CORSA-B T\u0130GRA D\u0130REKS\u0130YON A\u0130RBAGI \u00c7IKMA ORJ\u0130NAL"},"content":{"rendered":"<p><img loading=\"lazy\" decoding=\"async\" class=\"alignnone size-medium wp-image-3616\" src=\"https:\/\/opelonka.com\/wp-content\/uploads\/2020\/10\/photo_2020-10-26_09-50-54-2-300x225.jpg\" alt=\"\" width=\"300\" height=\"225\" srcset=\"https:\/\/opelonka.com\/wp-content\/uploads\/2020\/10\/photo_2020-10-26_09-50-54-2-300x225.jpg 300w, https:\/\/opelonka.com\/wp-content\/uploads\/2020\/10\/photo_2020-10-26_09-50-54-2-1024x768.jpg 1024w, https:\/\/opelonka.com\/wp-content\/uploads\/2020\/10\/photo_2020-10-26_09-50-54-2-768x576.jpg 768w, https:\/\/opelonka.com\/wp-content\/uploads\/2020\/10\/photo_2020-10-26_09-50-54-2-600x450.jpg 600w, https:\/\/opelonka.com\/wp-content\/uploads\/2020\/10\/photo_2020-10-26_09-50-54-2-64x48.jpg 64w, https:\/\/opelonka.com\/wp-content\/uploads\/2020\/10\/photo_2020-10-26_09-50-54-2.jpg 1280w\" sizes=\"auto, (max-width: 300px) 100vw, 300px\" \/> <img loading=\"lazy\" decoding=\"async\" class=\"alignnone size-medium wp-image-3617\" src=\"https:\/\/opelonka.com\/wp-content\/uploads\/2020\/10\/photo_2020-10-26_09-50-54-300x225.jpg\" alt=\"\" width=\"300\" height=\"225\" srcset=\"https:\/\/opelonka.com\/wp-content\/uploads\/2020\/10\/photo_2020-10-26_09-50-54-300x225.jpg 300w, https:\/\/opelonka.com\/wp-content\/uploads\/2020\/10\/photo_2020-10-26_09-50-54-1024x768.jpg 1024w, https:\/\/opelonka.com\/wp-content\/uploads\/2020\/10\/photo_2020-10-26_09-50-54-768x576.jpg 768w, https:\/\/opelonka.com\/wp-content\/uploads\/2020\/10\/photo_2020-10-26_09-50-54-600x450.jpg 600w, https:\/\/opelonka.com\/wp-content\/uploads\/2020\/10\/photo_2020-10-26_09-50-54-64x48.jpg 64w, https:\/\/opelonka.com\/wp-content\/uploads\/2020\/10\/photo_2020-10-26_09-50-54.jpg 1280w\" sizes=\"auto, (max-width: 300px) 100vw, 300px\" \/><\/p>\n","protected":false},"excerpt":{"rendered":"<p>ORJ\u0130NAL \u00c7IKMA<\/p>\n","protected":false},"featured_media":3616,"comment_status":"open","ping_status":"closed","template":"","meta":[],"class_list":{"0":"post-3623","1":"product","2":"type-product","3":"status-publish","4":"has-post-thumbnail","6":"product_cat-opel","7":"product_cat-astra-g","8":"product_cat-corsa","9":"product_cat-corsa-b","10":"product_cat-karoseri-ic-parcalar-astra-g","11":"product_cat-karoseri-ic-parcalar-corsa-b","12":"product_cat-karoseri-ic-parcalar-tigra-a","13":"product_cat-tigra","14":"product_cat-tigra-a","15":"product_tag-astra","16":"product_tag-astra-direksiyon-airbag","17":"product_tag-corsa","18":"product_tag-corsa-direksiyon-airbag","19":"product_tag-opel","20":"product_tag-tigra","21":"product_tag-tigra-direksiyon-airbag","22":"badges-style-3","24":"first","25":"instock","26":"shipping-taxable","27":"product-type-simple"},"_links":{"self":[{"href":"https:\/\/opelonka.com\/index.php?rest_route=\/wp\/v2\/product\/3623","targetHints":{"allow":["GET"]}}],"collection":[{"href":"https:\/\/opelonka.com\/index.php?rest_route=\/wp\/v2\/product"}],"about":[{"href":"https:\/\/opelonka.com\/index.php?rest_route=\/wp\/v2\/types\/product"}],"replies":[{"embeddable":true,"href":"https:\/\/opelonka.com\/index.php?rest_route=%2Fwp%2Fv2%2Fcomments&post=3623"}],"wp:featuredmedia":[{"embeddable":true,"href":"https:\/\/opelonka.com\/index.php?rest_route=\/wp\/v2\/media\/3616"}],"wp:attachment":[{"href":"https:\/\/opelonka.com\/index.php?rest_route=%2Fwp%2Fv2%2Fmedia&parent=3623"}],"curies":[{"name":"wp","href":"https:\/\/api.w.org\/{rel}","templated":true}]}}