{"id":3599,"date":"2020-10-26T08:48:06","date_gmt":"2020-10-26T08:48:06","guid":{"rendered":"http:\/\/opelonka.com\/?post_type=product&#038;p=3599"},"modified":"2020-10-26T08:48:07","modified_gmt":"2020-10-26T08:48:07","slug":"captiva-torpido-airbag","status":"publish","type":"product","link":"https:\/\/opelonka.com\/?product=captiva-torpido-airbag","title":{"rendered":"CAPT\u0130VA TORP\u0130DO A\u0130RBAG"},"content":{"rendered":"<p><img loading=\"lazy\" decoding=\"async\" class=\"alignnone size-medium wp-image-3590\" src=\"https:\/\/opelonka.com\/wp-content\/uploads\/2020\/10\/photo_2020-10-26_09-50-50-2-1-300x225.jpg\" alt=\"\" width=\"300\" height=\"225\" srcset=\"https:\/\/opelonka.com\/wp-content\/uploads\/2020\/10\/photo_2020-10-26_09-50-50-2-1-300x225.jpg 300w, https:\/\/opelonka.com\/wp-content\/uploads\/2020\/10\/photo_2020-10-26_09-50-50-2-1-1024x768.jpg 1024w, https:\/\/opelonka.com\/wp-content\/uploads\/2020\/10\/photo_2020-10-26_09-50-50-2-1-768x576.jpg 768w, https:\/\/opelonka.com\/wp-content\/uploads\/2020\/10\/photo_2020-10-26_09-50-50-2-1-600x450.jpg 600w, https:\/\/opelonka.com\/wp-content\/uploads\/2020\/10\/photo_2020-10-26_09-50-50-2-1-64x48.jpg 64w, https:\/\/opelonka.com\/wp-content\/uploads\/2020\/10\/photo_2020-10-26_09-50-50-2-1.jpg 1280w\" sizes=\"auto, (max-width: 300px) 100vw, 300px\" \/> <img loading=\"lazy\" decoding=\"async\" class=\"alignnone size-medium wp-image-3591\" src=\"https:\/\/opelonka.com\/wp-content\/uploads\/2020\/10\/photo_2020-10-26_09-50-50-3-300x225.jpg\" alt=\"\" width=\"300\" height=\"225\" srcset=\"https:\/\/opelonka.com\/wp-content\/uploads\/2020\/10\/photo_2020-10-26_09-50-50-3-300x225.jpg 300w, https:\/\/opelonka.com\/wp-content\/uploads\/2020\/10\/photo_2020-10-26_09-50-50-3-1024x768.jpg 1024w, https:\/\/opelonka.com\/wp-content\/uploads\/2020\/10\/photo_2020-10-26_09-50-50-3-768x576.jpg 768w, https:\/\/opelonka.com\/wp-content\/uploads\/2020\/10\/photo_2020-10-26_09-50-50-3-600x450.jpg 600w, https:\/\/opelonka.com\/wp-content\/uploads\/2020\/10\/photo_2020-10-26_09-50-50-3-64x48.jpg 64w, https:\/\/opelonka.com\/wp-content\/uploads\/2020\/10\/photo_2020-10-26_09-50-50-3.jpg 1280w\" sizes=\"auto, (max-width: 300px) 100vw, 300px\" \/> <img loading=\"lazy\" decoding=\"async\" class=\"alignnone size-medium wp-image-3592\" src=\"https:\/\/opelonka.com\/wp-content\/uploads\/2020\/10\/photo_2020-10-26_09-50-50-4-225x300.jpg\" alt=\"\" width=\"225\" height=\"300\" srcset=\"https:\/\/opelonka.com\/wp-content\/uploads\/2020\/10\/photo_2020-10-26_09-50-50-4-225x300.jpg 225w, https:\/\/opelonka.com\/wp-content\/uploads\/2020\/10\/photo_2020-10-26_09-50-50-4-768x1024.jpg 768w, https:\/\/opelonka.com\/wp-content\/uploads\/2020\/10\/photo_2020-10-26_09-50-50-4-600x800.jpg 600w, https:\/\/opelonka.com\/wp-content\/uploads\/2020\/10\/photo_2020-10-26_09-50-50-4-64x85.jpg 64w, https:\/\/opelonka.com\/wp-content\/uploads\/2020\/10\/photo_2020-10-26_09-50-50-4.jpg 960w\" sizes=\"auto, (max-width: 225px) 100vw, 225px\" \/> <img loading=\"lazy\" decoding=\"async\" class=\"alignnone size-medium wp-image-3593\" src=\"https:\/\/opelonka.com\/wp-content\/uploads\/2020\/10\/photo_2020-10-26_09-50-50-1-300x225.jpg\" alt=\"\" width=\"300\" height=\"225\" srcset=\"https:\/\/opelonka.com\/wp-content\/uploads\/2020\/10\/photo_2020-10-26_09-50-50-1-300x225.jpg 300w, https:\/\/opelonka.com\/wp-content\/uploads\/2020\/10\/photo_2020-10-26_09-50-50-1-1024x768.jpg 1024w, https:\/\/opelonka.com\/wp-content\/uploads\/2020\/10\/photo_2020-10-26_09-50-50-1-768x576.jpg 768w, https:\/\/opelonka.com\/wp-content\/uploads\/2020\/10\/photo_2020-10-26_09-50-50-1-600x450.jpg 600w, https:\/\/opelonka.com\/wp-content\/uploads\/2020\/10\/photo_2020-10-26_09-50-50-1-64x48.jpg 64w, https:\/\/opelonka.com\/wp-content\/uploads\/2020\/10\/photo_2020-10-26_09-50-50-1.jpg 1280w\" sizes=\"auto, (max-width: 300px) 100vw, 300px\" \/><\/p>\n","protected":false},"excerpt":{"rendered":"<p>SIFIR ORJ\u0130NAL<\/p>\n","protected":false},"featured_media":3593,"comment_status":"open","ping_status":"closed","template":"","meta":[],"class_list":{"0":"post-3599","1":"product","2":"type-product","3":"status-publish","4":"has-post-thumbnail","6":"product_cat-captiva","7":"product_cat-captiva-c100","8":"product_cat-captiva-c140","9":"product_cat-karoseri-ic-parcalar-captiva-c100","10":"product_cat-karoseri-ic-parcalar-captiva-c140","11":"product_tag-airbag","12":"product_tag-captiva","13":"product_tag-captiva-torpido","14":"product_tag-captiva-torpido-airbag","15":"product_tag-chevrolet","16":"product_tag-chevrolet-airbag","17":"product_tag-torpido-airbag","18":"badges-style-3","20":"first","21":"instock","22":"shipping-taxable","23":"product-type-simple"},"_links":{"self":[{"href":"https:\/\/opelonka.com\/index.php?rest_route=\/wp\/v2\/product\/3599","targetHints":{"allow":["GET"]}}],"collection":[{"href":"https:\/\/opelonka.com\/index.php?rest_route=\/wp\/v2\/product"}],"about":[{"href":"https:\/\/opelonka.com\/index.php?rest_route=\/wp\/v2\/types\/product"}],"replies":[{"embeddable":true,"href":"https:\/\/opelonka.com\/index.php?rest_route=%2Fwp%2Fv2%2Fcomments&post=3599"}],"wp:featuredmedia":[{"embeddable":true,"href":"https:\/\/opelonka.com\/index.php?rest_route=\/wp\/v2\/media\/3593"}],"wp:attachment":[{"href":"https:\/\/opelonka.com\/index.php?rest_route=%2Fwp%2Fv2%2Fmedia&parent=3599"}],"curies":[{"name":"wp","href":"https:\/\/api.w.org\/{rel}","templated":true}]}}