{"id":1761,"date":"2017-11-22T08:31:58","date_gmt":"2017-11-22T08:31:58","guid":{"rendered":"http:\/\/partsstore.demo.local\/index.php\/wishlist\/"},"modified":"2020-01-25T09:32:36","modified_gmt":"2020-01-25T09:32:37","slug":"wishlist-2","status":"publish","type":"page","link":"https:\/\/opelonka.com\/?page_id=1761","title":{"rendered":"Al\u0131\u015fveri\u015f Listem"},"content":{"rendered":"<div class=\"woocommerce tm-woowishlist \">\n<div class=\"woocommerce tm-woowishlist-wrapper\">\n<p class=\"tm-woowishlist-empty\">Al\u0131\u015fveri\u015f Listenizde \u00dcr\u00fcn Yok<\/p>\n<\/div>\n<div class=\"tm-wc-compare-wishlist-loader\"><svg width=\"60px\" height=\"60px\" xmlns=\"http:\/\/www.w3.org\/2000\/svg\" viewBox=\"0 0 100 100\" preserveAspectRatio=\"xMidYMid\" class=\"uil-ring-alt\"><rect x=\"0\" y=\"0\" width=\"100\" height=\"100\" fill=\"none\" class=\"bk\"><\/rect><circle cx=\"50\" cy=\"50\" r=\"40\" stroke=\"#afafb7\" fill=\"none\" stroke-width=\"10\" stroke-linecap=\"round\"><\/circle><circle cx=\"50\" cy=\"50\" r=\"40\" stroke=\"#5cffd6\" fill=\"none\" stroke-width=\"6\" stroke-linecap=\"round\"><animate attributeName=\"stroke-dashoffset\" dur=\"2s\" repeatCount=\"indefinite\" from=\"0\" to=\"502\"><\/animate><animate attributeName=\"stroke-dasharray\" dur=\"2s\" repeatCount=\"indefinite\" values=\"150.6 100.4;1 250;150.6 100.4\"><\/animate><\/circle><\/svg><\/div>\n<\/div>\n","protected":false},"excerpt":{"rendered":"","protected":false},"author":1,"featured_media":0,"parent":0,"menu_order":0,"comment_status":"closed","ping_status":"closed","template":"","meta":{"footnotes":""},"class_list":["post-1761","page","type-page","status-publish","hentry","badges-style-3"],"_links":{"self":[{"href":"https:\/\/opelonka.com\/index.php?rest_route=\/wp\/v2\/pages\/1761","targetHints":{"allow":["GET"]}}],"collection":[{"href":"https:\/\/opelonka.com\/index.php?rest_route=\/wp\/v2\/pages"}],"about":[{"href":"https:\/\/opelonka.com\/index.php?rest_route=\/wp\/v2\/types\/page"}],"author":[{"embeddable":true,"href":"https:\/\/opelonka.com\/index.php?rest_route=\/wp\/v2\/users\/1"}],"replies":[{"embeddable":true,"href":"https:\/\/opelonka.com\/index.php?rest_route=%2Fwp%2Fv2%2Fcomments&post=1761"}],"version-history":[{"count":1,"href":"https:\/\/opelonka.com\/index.php?rest_route=\/wp\/v2\/pages\/1761\/revisions"}],"predecessor-version":[{"id":3289,"href":"https:\/\/opelonka.com\/index.php?rest_route=\/wp\/v2\/pages\/1761\/revisions\/3289"}],"wp:attachment":[{"href":"https:\/\/opelonka.com\/index.php?rest_route=%2Fwp%2Fv2%2Fmedia&parent=1761"}],"curies":[{"name":"wp","href":"https:\/\/api.w.org\/{rel}","templated":true}]}}